{"id":751,"date":"2025-07-07T13:07:57","date_gmt":"2025-07-07T11:07:57","guid":{"rendered":"https:\/\/hjerteforeningen.dk\/hjertegalla\/?page_id=751"},"modified":"2025-08-26T15:16:53","modified_gmt":"2025-08-26T13:16:53","slug":"stoet-nu","status":"publish","type":"page","link":"https:\/\/hjerteforeningen.dk\/hjertegalla\/stot\/stoet-nu\/","title":{"rendered":"K\u00e6mp for hjertet &#8211; st\u00f8t Hjertegalla"},"content":{"rendered":"\t\t<div data-elementor-type=\"wp-page\" data-elementor-id=\"751\" class=\"elementor elementor-751\" data-elementor-post-type=\"page\">\n\t\t\t\t<div class=\"elementor-element elementor-element-d607c6d e-flex e-con-boxed e-con e-parent\" data-id=\"d607c6d\" data-element_type=\"container\">\n\t\t\t\t\t<div class=\"e-con-inner\">\n\t\t<div class=\"elementor-element elementor-element-53e2b88 e-con-full e-flex e-con e-child\" data-id=\"53e2b88\" data-element_type=\"container\">\n\t\t\t\t<div class=\"elementor-element elementor-element-1f84213 elementor-widget elementor-widget-hjertegalla-form\" data-id=\"1f84213\" data-element_type=\"widget\" data-widget_type=\"hjertegalla-form.default\">\n\t\t\t\t<div class=\"elementor-widget-container\">\n\t\t\t\t\t        <div id=\"fund\" data-of=\"hjertegalla.onlinefundraising.dk\" data-form=\"6\"><\/div>\n        <script>\n        SafeRunFunction(                \n            () =>hf_hjertegalla_form_setup('fund','https:\/\/onlinefundraising.dk\/js\/3.8\/iframe.js' )\n        )\n            \n        <\/script>\n    \t\t\t\t<\/div>\n\t\t\t\t<\/div>\n\t\t\t\t<\/div>\n\t\t<div class=\"elementor-element elementor-element-267184d e-con-full e-flex e-con e-child\" data-id=\"267184d\" data-element_type=\"container\">\n\t\t\t\t<div class=\"hf-narrow-center-div elementor-element elementor-element-e38a2bb elementor-widget elementor-widget-text-editor\" data-id=\"e38a2bb\" data-element_type=\"widget\" data-widget_type=\"text-editor.default\">\n\t\t\t\t<div class=\"elementor-widget-container\">\n\t\t\t\t\t\t\t\t\t<h3><span style=\"color: inherit; font-family: inherit; background-color: transparent;\">For privatpersoner<\/span><\/h3><p>Du kan f\u00e5 skattefradrag for donationer p\u00e5 bel\u00f8b op til 19.000 kr. i 2025.<\/p><div><span style=\"font-size: 15px;\">\u00a0<\/span><\/div><h3>For virksomheder\u00a0<\/h3><p>Don\u00e9r et valgfrit bel\u00f8b eller bliv Hjertegalla-partner. N\u00e5r I betaler 8.500 kr. eller derover bliver I Hjertegalla-partner og f\u00e5r fordele og eksponeringsmuligheder p\u00e5 showet. Se st\u00f8ttepakkerne herunder og f\u00e5 fx jeres virksomhedsnavn vist p\u00e5 Hjertegalla-showet.\u00a0\u00a0<\/p>\t\t\t\t\t\t\t\t<\/div>\n\t\t\t\t<\/div>\n\t\t\t\t<div class=\"hf-narrow-center-div elementor-element elementor-element-2a46edd elementor-widget elementor-widget-accordion\" data-id=\"2a46edd\" data-element_type=\"widget\" data-widget_type=\"accordion.default\">\n\t\t\t\t<div class=\"elementor-widget-container\">\n\t\t\t\t\t    <div class=\"accordion no-print\">\n                <div id=\"accordion-443307171\" class=\"accordion-item\" >\n            <h2 class=\"accordion-title hf-header-m\" onclick=\"accordion_function('accordion-443307171')\">\n                Basispakke 8.500 kr.            <\/h2>\n            <div class=\"accordion-content\">\n                <ul><li>Hjertegalla-st\u00f8ttelogo til sociale medier<\/li><li>Hjertegalla-st\u00f8ttelogo til hjemmeside og intranet<\/li><li>Firmanavn og bel\u00f8b p\u00e5 Hjertegallas kampagneside<\/li><li>Firmanavn p\u00e5 liveshow i crawl<\/li><li>St\u00f8ttediplom<\/li><li>Firmalogo p\u00e5 Hjerteforeningens hjemmeside \u00e5ret rundt<\/li><\/ul>            <\/div>\n        <\/div>\n                <div id=\"accordion-443307172\" class=\"accordion-item\" >\n            <h2 class=\"accordion-title hf-header-m\" onclick=\"accordion_function('accordion-443307172')\">\n                Bronzepakke 12.500 kr.            <\/h2>\n            <div class=\"accordion-content\">\n                <ul><li>Hjertegalla-st\u00f8ttelogo til sociale medier<\/li><li>Hjertegalla-st\u00f8ttelogo til hjemmeside og intranet<\/li><li>Firmanavn og bel\u00f8b p\u00e5 Hjertegallas kampagneside<\/li><li>Firmanavn p\u00e5 liveshow i crawl<\/li><li>St\u00f8ttediplom<\/li><li>Firmalogo p\u00e5 Hjerteforeningens hjemmeside \u00e5ret rundt<\/li><li>Hjertegalla e-mailbanner<\/li><li>Firmalogo samt link p\u00e5<br \/>Hjertegallas kampagneside<\/li><\/ul>            <\/div>\n        <\/div>\n                <div id=\"accordion-443307173\" class=\"accordion-item\" >\n            <h2 class=\"accordion-title hf-header-m\" onclick=\"accordion_function('accordion-443307173')\">\n                S\u00f8lvpakke 25.000 kr.            <\/h2>\n            <div class=\"accordion-content\">\n                <ul><li>Hjertegalla-st\u00f8ttelogo til sociale medier<\/li><li>Hjertegalla-st\u00f8ttelogo til hjemmeside og intranet<\/li><li>Firmanavn og bel\u00f8b p\u00e5 Hjertegallas kampagneside<\/li><li>Firmanavn p\u00e5 liveshow i crawl<\/li><li>St\u00f8ttediplom<\/li><li>Firmalogo p\u00e5 Hjerteforeningens hjemmeside \u00e5ret rundt<\/li><li>Hjertegalla e-mailbanner<\/li><li>Firmalogo samt link p\u00e5<br \/>Hjertegallas kampagneside<\/li><li>Visning af firmalogo p\u00e5 liveshow i crawl<\/li><\/ul>            <\/div>\n        <\/div>\n                <div id=\"accordion-443307174\" class=\"accordion-item\" >\n            <h2 class=\"accordion-title hf-header-m\" onclick=\"accordion_function('accordion-443307174')\">\n                Guldpakke 50.000 kr.            <\/h2>\n            <div class=\"accordion-content\">\n                <ul><li>Hjertegalla-st\u00f8ttelogo til sociale medier<\/li><li>Hjertegalla-st\u00f8ttelogo til hjemmeside og intranet<\/li><li>Firmanavn og bel\u00f8b p\u00e5 Hjertegallas kampagneside<\/li><li>Firmanavn p\u00e5 liveshow i crawl<\/li><li>St\u00f8ttediplom<\/li><li>Firmalogo p\u00e5 Hjerteforeningens hjemmeside \u00e5ret rundt<\/li><li>Hjertegalla e-mailbanner<\/li><li>Firmalogo samt link p\u00e5<br \/>Hjertegallas kampagneside<\/li><li>Visning af firmalogo p\u00e5 liveshow i crawl<\/li><li>Omtale i f\u00e6lles takkepost p\u00e5 Hjerteforeningens LinkedIn efter Hjertegalla<\/li><li>2 stk. billetter til liveshow til egne medarbejdere\/kunder\/partnere (da der er begr\u00e6nset antal pladser, er det f\u00f8rst-til-m\u00f8lle- princippet der g\u00e6lder).<\/li><\/ul>            <\/div>\n        <\/div>\n                <div id=\"accordion-443307175\" class=\"accordion-item\" >\n            <h2 class=\"accordion-title hf-header-m\" onclick=\"accordion_function('accordion-443307175')\">\n                Quizpakke 100.000 kr.            <\/h2>\n            <div class=\"accordion-content\">\n                <ul><li><p>Hjertegalla-st\u00f8ttelogo til sociale medier<\/p><\/li><li>Hjertegalla-st\u00f8ttelogo til hjemmeside og intranet<\/li><li>Firmanavn og bel\u00f8b p\u00e5 Hjertegallas kampagneside<\/li><li>Firmanavn p\u00e5 liveshow i crawl<\/li><li>St\u00f8ttediplom<\/li><li>Firmalogo p\u00e5 Hjerteforeningens hjemmeside \u00e5ret rundt<\/li><li>Hjertegalla e-mailbanner<\/li><li>Firmalogo samt link p\u00e5<br \/>Hjertegallas kampagneside<\/li><li>Visning af firmalogo p\u00e5 liveshow i crawl<\/li><li>Omtale i f\u00e6lles takkepost p\u00e5 Hjerteforeningens LinkedIn efter Hjertegalla<\/li><li>4 stk. billetter til liveshow til egne medarbejdere, kunder eller partnere (da der er et begr\u00e6nset antal pladser, er det f\u00f8rst-til-m\u00f8lle-princippet, der g\u00e6lder).<\/li><li>VIP-quizdonation. Som Quizdonor n\u00e6vnes jeres virksomhedsnavn i intro og outro ved den quizrunde I st\u00f8tter.<\/li><li>Annonce i Hjerteforeningens medlemsblad mod +120.000 modtagere<\/li><\/ul>            <\/div>\n        <\/div>\n            <\/div>\n\t\t\t\t<\/div>\n\t\t\t\t<\/div>\n\t\t\t\t<div class=\"hf-narrow-center-div elementor-element elementor-element-8a72323 elementor-widget elementor-widget-accordion\" data-id=\"8a72323\" data-element_type=\"widget\" data-widget_type=\"accordion.default\">\n\t\t\t\t<div class=\"elementor-widget-container\">\n\t\t\t\t\t    <div class=\"accordion no-print\">\n                <div id=\"accordion-1451712351\" class=\"accordion-item\" >\n            <h2 class=\"accordion-title hf-header-m\" onclick=\"accordion_function('accordion-1451712351')\">\n                Fradragsregler for virksomheder            <\/h2>\n            <div class=\"accordion-content\">\n                <p>N\u00e5r du som virksomhed st\u00f8tter Hjertegalla, har du mulighed for at give en ren donation eller donere og f\u00e5 en modydelse. Se fradragsregler for virksomheder herunder.<\/p><p>\u00a0<\/p><p><strong>Donationer med modydelser<\/strong><\/p><p>N\u00e5r din virksomhed st\u00f8tter Hjertegalla og modtager en modydelse fx et st\u00f8ttelogo og crawlertekst, der vises p\u00e5 tv i forbindelse med Hjertegalla, s\u00e5 kan bel\u00f8bet som hovedregel fratr\u00e6kkes som en driftsomkostning. Alle donationer med modydelser till\u00e6gges som udgangspunkt moms.<\/p><p>Det er virksomhedens ansvar at vurdere, om bidraget kan fratr\u00e6kkes som en driftsudgift, fx som reklameudgift. Det kan v\u00e6re en god id\u00e9 at sp\u00f8rge jeres revisor eller jurist til r\u00e5ds for at f\u00e5 bekr\u00e6ftet fradragsretten.<\/p><p>\u00a0<\/p><p><strong>Donationer uden modydelser<\/strong><\/p><p>N\u00e5r I som virksomhed v\u00e6lger at st\u00f8tte Hjertegalla, er donationer uden modydelser fuldt fradragsberettigede og p\u00e5l\u00e6gges ikke moms.<\/p><p>Hvis I har opgivet CVR-nummer i forbindelse med jeres donation, s\u00f8rger vi automatisk for at indberette jeres donation til SKAT.<\/p>            <\/div>\n        <\/div>\n            <\/div>\n\t\t\t\t<\/div>\n\t\t\t\t<\/div>\n\t\t\t\t<\/div>\n\t\t\t\t\t<\/div>\n\t\t\t\t<\/div>\n\t\t<div class=\"elementor-element elementor-element-126ed20 e-flex e-con-boxed e-con e-parent\" data-id=\"126ed20\" data-element_type=\"container\">\n\t\t\t\t\t<div class=\"e-con-inner\">\n\t\t\t\t<div class=\"elementor-element elementor-element-3dda47c elementor-widget elementor-widget-teaser-xlarge\" data-id=\"3dda47c\" data-element_type=\"widget\" data-widget_type=\"teaser-xlarge.default\">\n\t\t\t\t<div class=\"elementor-widget-container\">\n\t\t\t\t\t        <div class=\"hf-full-width-wrapper teaser-xl-wrapper\">\n            <div class=\"teaser-xl-base hf-small-width-container  row-reversed\">\n                <div class=\"hf-image-container\">\n                     \n                                    <img decoding=\"async\" src=\"https:\/\/hjerteforeningen.dk\/hjertegalla\/wp-content\/uploads\/sites\/3\/2025\/08\/Hjertegalla-Website_Vaerter_600x600px-450x450.jpg\" class=\"hf-image \" alt=\"Hjertegalla-Website_Vaerter_600x600px\" \/>\n                                        <\/div>\n                <div class=\"text-container\">\n                                        <div class=\"hf-header-xl\">En aften med hjerte, h\u00e5b og handling<\/div>\n                                            <div class=\"hf-divider\"><\/div>\n                                                                <div class=\"hf-text-l\">Gl\u00e6d dig til d. 13. september n\u00e5r Hjertegalla ruller over sk\u00e6rmen p\u00e5 TV 2 Charlie og TV 2 Play. F\u00e5 underholdning for hele familien og quiz med kendte danskere til et brag af et indsamlingsshow. Du kan ogs\u00e5 deltage i det store billotteri og vinde l\u00e6kre elbiler.<\/div>\n                                                                <a id=\"\" \n                         \n                            href=\"https:\/\/hjerteforeningen.dk\/hjertegalla\/om-hjertegalla\/\" \n                                                target=\"_self\" class=\"hf-btn\">\n                            L\u00e6s mere om Hjertegalla                        <\/a>\n                                    <\/div>\n            <\/div>\n        <\/div>\n    \t\t\t\t<\/div>\n\t\t\t\t<\/div>\n\t\t\t\t<div class=\"elementor-element elementor-element-65210e5 elementor-widget elementor-widget-teaser-xlarge\" data-id=\"65210e5\" data-element_type=\"widget\" data-widget_type=\"teaser-xlarge.default\">\n\t\t\t\t<div class=\"elementor-widget-container\">\n\t\t\t\t\t        <div class=\"hf-full-width-wrapper teaser-xl-wrapper\">\n            <div class=\"teaser-xl-base hf-small-width-container has-background-color row\">\n                <div class=\"hf-image-container\">\n                     \n                                    <img decoding=\"async\" src=\"https:\/\/hjerteforeningen.dk\/hjertegalla\/wp-content\/uploads\/sites\/3\/2024\/08\/Mor-og-barn_kvadrat.png\" class=\"hf-image \" alt=\"Mor og barn_kvadrat\" \/>\n                                        <\/div>\n                <div class=\"text-container\">\n                                        <div class=\"hf-header-xl\">Hvert 8. minut bliver en ny ramt<\/div>\n                                            <div class=\"hf-divider\"><\/div>\n                                                                <div class=\"hf-text-l\">Derfor er der brug for din st\u00f8tte. Med din st\u00f8tte er du med til at forebygge, behandle og bek\u00e6mpe hjertesygdom. Dine penge g\u00e5r til ny hjerteforskning, forebyggelse af hjertesygdom og til st\u00f8tte til mennesker t\u00e6t p\u00e5 hjertesygdom.<\/div>\n                                                                <a id=\"\" \n                         \n                            href=\"https:\/\/hjerteforeningen.dk\/hjertegalla\/det-gaar-din-stoette-til\/\" \n                                                target=\"_self\" class=\"hf-btn\">\n                            Se, hvad din st\u00f8tte g\u00e5r til                        <\/a>\n                                    <\/div>\n            <\/div>\n        <\/div>\n    \t\t\t\t<\/div>\n\t\t\t\t<\/div>\n\t\t\t\t\t<\/div>\n\t\t\t\t<\/div>\n\t\t<div class=\"elementor-element elementor-element-2fe96be e-flex e-con-boxed e-con e-parent\" data-id=\"2fe96be\" data-element_type=\"container\">\n\t\t\t\t\t<div class=\"e-con-inner\">\n\t\t\t\t\t<\/div>\n\t\t\t\t<\/div>\n\t\t\t\t<\/div>\n\t\t","protected":false},"excerpt":{"rendered":"<p>Du kan v\u00e6re med til at k\u00e6mpe for hjertet i anledning af Hjertegalla. St\u00f8t i dag og v\u00e6r med til at forebygge og bek\u00e6mpe hjertesygdom. <\/p>\n","protected":false},"author":53,"featured_media":0,"parent":191,"menu_order":0,"comment_status":"closed","ping_status":"closed","template":"","meta":{"_acf_changed":false,"footnotes":""},"global-tag":[],"class_list":["post-751","page","type-page","status-publish","hentry"],"yoast_head":"<!-- This site is optimized with the Yoast SEO Premium plugin v23.5 (Yoast SEO v26.2) - https:\/\/yoast.com\/wordpress\/plugins\/seo\/ -->\n<title>K\u00e6mp for hjertet - st\u00f8t Hjertegalla - Hjertegalla<\/title>\n<meta name=\"robots\" content=\"index, follow, max-snippet:-1, max-image-preview:large, max-video-preview:-1\" \/>\n<link rel=\"canonical\" href=\"https:\/\/hjerteforeningen.dk\/hjertegalla\/stot\/stoet-nu\/\" \/>\n<meta property=\"og:locale\" content=\"da_DK\" \/>\n<meta property=\"og:type\" content=\"article\" \/>\n<meta property=\"og:title\" content=\"K\u00e6mp for hjertet - st\u00f8t Hjertegalla\" \/>\n<meta property=\"og:description\" content=\"Du kan v\u00e6re med til at k\u00e6mpe for hjertet i anledning af Hjertegalla. St\u00f8t i dag og v\u00e6r med til at forebygge og bek\u00e6mpe hjertesygdom.\" \/>\n<meta property=\"og:url\" content=\"https:\/\/hjerteforeningen.dk\/hjertegalla\/stot\/stoet-nu\/\" \/>\n<meta property=\"og:site_name\" content=\"Hjertegalla\" \/>\n<meta property=\"article:modified_time\" content=\"2025-08-26T13:16:53+00:00\" \/>\n<meta property=\"og:image\" content=\"https:\/\/hjerteforeningen.dk\/hjertegalla\/wp-content\/uploads\/sites\/3\/2025\/08\/Hjertegalla-Website_Vaerter_600x600px-450x450.jpg\" \/>\n<meta name=\"twitter:card\" content=\"summary_large_image\" \/>\n<meta name=\"twitter:label1\" content=\"Estimeret l\u00e6setid\" \/>\n\t<meta name=\"twitter:data1\" content=\"4 minutter\" \/>\n<script type=\"application\/ld+json\" class=\"yoast-schema-graph\">{\"@context\":\"https:\/\/schema.org\",\"@graph\":[{\"@type\":\"WebPage\",\"@id\":\"https:\/\/hjerteforeningen.dk\/hjertegalla\/stot\/stoet-nu\/\",\"url\":\"https:\/\/hjerteforeningen.dk\/hjertegalla\/stot\/stoet-nu\/\",\"name\":\"K\u00e6mp for hjertet - st\u00f8t Hjertegalla - Hjertegalla\",\"isPartOf\":{\"@id\":\"https:\/\/hjerteforeningen.dk\/hjertegalla\/#website\"},\"primaryImageOfPage\":{\"@id\":\"https:\/\/hjerteforeningen.dk\/hjertegalla\/stot\/stoet-nu\/#primaryimage\"},\"image\":{\"@id\":\"https:\/\/hjerteforeningen.dk\/hjertegalla\/stot\/stoet-nu\/#primaryimage\"},\"thumbnailUrl\":\"https:\/\/hjerteforeningen.dk\/hjertegalla\/wp-content\/uploads\/sites\/3\/2025\/08\/Hjertegalla-Website_Vaerter_600x600px-450x450.jpg\",\"datePublished\":\"2025-07-07T11:07:57+00:00\",\"dateModified\":\"2025-08-26T13:16:53+00:00\",\"breadcrumb\":{\"@id\":\"https:\/\/hjerteforeningen.dk\/hjertegalla\/stot\/stoet-nu\/#breadcrumb\"},\"inLanguage\":\"da-DK\",\"potentialAction\":[{\"@type\":\"ReadAction\",\"target\":[\"https:\/\/hjerteforeningen.dk\/hjertegalla\/stot\/stoet-nu\/\"]}]},{\"@type\":\"ImageObject\",\"inLanguage\":\"da-DK\",\"@id\":\"https:\/\/hjerteforeningen.dk\/hjertegalla\/stot\/stoet-nu\/#primaryimage\",\"url\":\"https:\/\/hjerteforeningen.dk\/hjertegalla\/wp-content\/uploads\/sites\/3\/2025\/08\/Hjertegalla-Website_Vaerter_600x600px.jpg\",\"contentUrl\":\"https:\/\/hjerteforeningen.dk\/hjertegalla\/wp-content\/uploads\/sites\/3\/2025\/08\/Hjertegalla-Website_Vaerter_600x600px.jpg\",\"width\":600,\"height\":600},{\"@type\":\"BreadcrumbList\",\"@id\":\"https:\/\/hjerteforeningen.dk\/hjertegalla\/stot\/stoet-nu\/#breadcrumb\",\"itemListElement\":[{\"@type\":\"ListItem\",\"position\":1,\"name\":\"Home\",\"item\":\"https:\/\/hjerteforeningen.dk\/hjertegalla\/\"},{\"@type\":\"ListItem\",\"position\":2,\"name\":\"S\u00e5dan st\u00f8tter du\",\"item\":\"https:\/\/hjerteforeningen.dk\/hjertegalla\/stot\/\"},{\"@type\":\"ListItem\",\"position\":3,\"name\":\"K\u00e6mp for hjertet &#8211; st\u00f8t Hjertegalla\"}]},{\"@type\":\"WebSite\",\"@id\":\"https:\/\/hjerteforeningen.dk\/hjertegalla\/#website\",\"url\":\"https:\/\/hjerteforeningen.dk\/hjertegalla\/\",\"name\":\"Hjertegalla\",\"description\":\"\",\"publisher\":{\"@id\":\"https:\/\/hjerteforeningen.dk\/hjertegalla\/#organization\"},\"potentialAction\":[{\"@type\":\"SearchAction\",\"target\":{\"@type\":\"EntryPoint\",\"urlTemplate\":\"https:\/\/hjerteforeningen.dk\/hjertegalla\/?s={search_term_string}\"},\"query-input\":{\"@type\":\"PropertyValueSpecification\",\"valueRequired\":true,\"valueName\":\"search_term_string\"}}],\"inLanguage\":\"da-DK\"},{\"@type\":\"Organization\",\"@id\":\"https:\/\/hjerteforeningen.dk\/hjertegalla\/#organization\",\"name\":\"Hjertegalla\",\"url\":\"https:\/\/hjerteforeningen.dk\/hjertegalla\/\",\"logo\":{\"@type\":\"ImageObject\",\"inLanguage\":\"da-DK\",\"@id\":\"https:\/\/hjerteforeningen.dk\/hjertegalla\/#\/schema\/logo\/image\/\",\"url\":\"https:\/\/hjerteforeningen.dk\/hjertegalla\/wp-content\/uploads\/sites\/3\/2024\/08\/cropped-cropped-cropped-weblogo-HG.png\",\"contentUrl\":\"https:\/\/hjerteforeningen.dk\/hjertegalla\/wp-content\/uploads\/sites\/3\/2024\/08\/cropped-cropped-cropped-weblogo-HG.png\",\"width\":173,\"height\":49,\"caption\":\"Hjertegalla\"},\"image\":{\"@id\":\"https:\/\/hjerteforeningen.dk\/hjertegalla\/#\/schema\/logo\/image\/\"}}]}<\/script>\n<!-- \/ Yoast SEO Premium plugin. -->","yoast_head_json":{"title":"K\u00e6mp for hjertet - st\u00f8t Hjertegalla - Hjertegalla","robots":{"index":"index","follow":"follow","max-snippet":"max-snippet:-1","max-image-preview":"max-image-preview:large","max-video-preview":"max-video-preview:-1"},"canonical":"https:\/\/hjerteforeningen.dk\/hjertegalla\/stot\/stoet-nu\/","og_locale":"da_DK","og_type":"article","og_title":"K\u00e6mp for hjertet - st\u00f8t Hjertegalla","og_description":"Du kan v\u00e6re med til at k\u00e6mpe for hjertet i anledning af Hjertegalla. St\u00f8t i dag og v\u00e6r med til at forebygge og bek\u00e6mpe hjertesygdom.","og_url":"https:\/\/hjerteforeningen.dk\/hjertegalla\/stot\/stoet-nu\/","og_site_name":"Hjertegalla","article_modified_time":"2025-08-26T13:16:53+00:00","og_image":[{"url":"https:\/\/hjerteforeningen.dk\/hjertegalla\/wp-content\/uploads\/sites\/3\/2025\/08\/Hjertegalla-Website_Vaerter_600x600px-450x450.jpg","type":"","width":"","height":""}],"twitter_card":"summary_large_image","twitter_misc":{"Estimeret l\u00e6setid":"4 minutter"},"schema":{"@context":"https:\/\/schema.org","@graph":[{"@type":"WebPage","@id":"https:\/\/hjerteforeningen.dk\/hjertegalla\/stot\/stoet-nu\/","url":"https:\/\/hjerteforeningen.dk\/hjertegalla\/stot\/stoet-nu\/","name":"K\u00e6mp for hjertet - st\u00f8t Hjertegalla - Hjertegalla","isPartOf":{"@id":"https:\/\/hjerteforeningen.dk\/hjertegalla\/#website"},"primaryImageOfPage":{"@id":"https:\/\/hjerteforeningen.dk\/hjertegalla\/stot\/stoet-nu\/#primaryimage"},"image":{"@id":"https:\/\/hjerteforeningen.dk\/hjertegalla\/stot\/stoet-nu\/#primaryimage"},"thumbnailUrl":"https:\/\/hjerteforeningen.dk\/hjertegalla\/wp-content\/uploads\/sites\/3\/2025\/08\/Hjertegalla-Website_Vaerter_600x600px-450x450.jpg","datePublished":"2025-07-07T11:07:57+00:00","dateModified":"2025-08-26T13:16:53+00:00","breadcrumb":{"@id":"https:\/\/hjerteforeningen.dk\/hjertegalla\/stot\/stoet-nu\/#breadcrumb"},"inLanguage":"da-DK","potentialAction":[{"@type":"ReadAction","target":["https:\/\/hjerteforeningen.dk\/hjertegalla\/stot\/stoet-nu\/"]}]},{"@type":"ImageObject","inLanguage":"da-DK","@id":"https:\/\/hjerteforeningen.dk\/hjertegalla\/stot\/stoet-nu\/#primaryimage","url":"https:\/\/hjerteforeningen.dk\/hjertegalla\/wp-content\/uploads\/sites\/3\/2025\/08\/Hjertegalla-Website_Vaerter_600x600px.jpg","contentUrl":"https:\/\/hjerteforeningen.dk\/hjertegalla\/wp-content\/uploads\/sites\/3\/2025\/08\/Hjertegalla-Website_Vaerter_600x600px.jpg","width":600,"height":600},{"@type":"BreadcrumbList","@id":"https:\/\/hjerteforeningen.dk\/hjertegalla\/stot\/stoet-nu\/#breadcrumb","itemListElement":[{"@type":"ListItem","position":1,"name":"Home","item":"https:\/\/hjerteforeningen.dk\/hjertegalla\/"},{"@type":"ListItem","position":2,"name":"S\u00e5dan st\u00f8tter du","item":"https:\/\/hjerteforeningen.dk\/hjertegalla\/stot\/"},{"@type":"ListItem","position":3,"name":"K\u00e6mp for hjertet &#8211; st\u00f8t Hjertegalla"}]},{"@type":"WebSite","@id":"https:\/\/hjerteforeningen.dk\/hjertegalla\/#website","url":"https:\/\/hjerteforeningen.dk\/hjertegalla\/","name":"Hjertegalla","description":"","publisher":{"@id":"https:\/\/hjerteforeningen.dk\/hjertegalla\/#organization"},"potentialAction":[{"@type":"SearchAction","target":{"@type":"EntryPoint","urlTemplate":"https:\/\/hjerteforeningen.dk\/hjertegalla\/?s={search_term_string}"},"query-input":{"@type":"PropertyValueSpecification","valueRequired":true,"valueName":"search_term_string"}}],"inLanguage":"da-DK"},{"@type":"Organization","@id":"https:\/\/hjerteforeningen.dk\/hjertegalla\/#organization","name":"Hjertegalla","url":"https:\/\/hjerteforeningen.dk\/hjertegalla\/","logo":{"@type":"ImageObject","inLanguage":"da-DK","@id":"https:\/\/hjerteforeningen.dk\/hjertegalla\/#\/schema\/logo\/image\/","url":"https:\/\/hjerteforeningen.dk\/hjertegalla\/wp-content\/uploads\/sites\/3\/2024\/08\/cropped-cropped-cropped-weblogo-HG.png","contentUrl":"https:\/\/hjerteforeningen.dk\/hjertegalla\/wp-content\/uploads\/sites\/3\/2024\/08\/cropped-cropped-cropped-weblogo-HG.png","width":173,"height":49,"caption":"Hjertegalla"},"image":{"@id":"https:\/\/hjerteforeningen.dk\/hjertegalla\/#\/schema\/logo\/image\/"}}]}},"acf":[],"_links":{"self":[{"href":"https:\/\/hjerteforeningen.dk\/hjertegalla\/wp-json\/wp\/v2\/pages\/751","targetHints":{"allow":["GET"]}}],"collection":[{"href":"https:\/\/hjerteforeningen.dk\/hjertegalla\/wp-json\/wp\/v2\/pages"}],"about":[{"href":"https:\/\/hjerteforeningen.dk\/hjertegalla\/wp-json\/wp\/v2\/types\/page"}],"author":[{"embeddable":true,"href":"https:\/\/hjerteforeningen.dk\/hjertegalla\/wp-json\/wp\/v2\/users\/53"}],"replies":[{"embeddable":true,"href":"https:\/\/hjerteforeningen.dk\/hjertegalla\/wp-json\/wp\/v2\/comments?post=751"}],"version-history":[{"count":0,"href":"https:\/\/hjerteforeningen.dk\/hjertegalla\/wp-json\/wp\/v2\/pages\/751\/revisions"}],"up":[{"embeddable":true,"href":"https:\/\/hjerteforeningen.dk\/hjertegalla\/wp-json\/wp\/v2\/pages\/191"}],"wp:attachment":[{"href":"https:\/\/hjerteforeningen.dk\/hjertegalla\/wp-json\/wp\/v2\/media?parent=751"}],"wp:term":[{"taxonomy":"global-tag","embeddable":true,"href":"https:\/\/hjerteforeningen.dk\/hjertegalla\/wp-json\/wp\/v2\/global-tag?post=751"}],"curies":[{"name":"wp","href":"https:\/\/api.w.org\/{rel}","templated":true}]}}