{"id":527,"date":"2024-09-14T19:30:00","date_gmt":"2024-09-14T17:30:00","guid":{"rendered":"https:\/\/hjerteforeningen.dk\/hjertegalla\/?page_id=527"},"modified":"2025-09-04T14:29:30","modified_gmt":"2025-09-04T12:29:30","slug":"mere-end-xx-mio-kr-indsamlet-ved-arets-hjertegalla","status":"publish","type":"page","link":"https:\/\/hjerteforeningen.dk\/hjertegalla\/mere-end-xx-mio-kr-indsamlet-ved-arets-hjertegalla\/","title":{"rendered":"Mere end 35 mio. kr. indsamlet ved \u00e5rets Hjertegalla"},"content":{"rendered":"\t\t<div data-elementor-type=\"wp-page\" data-elementor-id=\"527\" class=\"elementor elementor-527\" data-elementor-post-type=\"page\">\n\t\t\t\t<div class=\"elementor-element elementor-element-1ab4f4e e-flex e-con-boxed e-con e-parent\" data-id=\"1ab4f4e\" data-element_type=\"container\">\n\t\t\t\t\t<div class=\"e-con-inner\">\n\t\t\t\t<div class=\"hf-narrow-center-div elementor-element elementor-element-0ba4a73 elementor-widget elementor-widget-text-editor\" data-id=\"0ba4a73\" data-element_type=\"widget\" data-widget_type=\"text-editor.default\">\n\t\t\t\t<div class=\"elementor-widget-container\">\n\t\t\t\t\t\t\t\t\t<p>\u00c5rets Hjertegalla p\u00e5 TV 2 Charlie og TV 2 Play l\u00f8rdag aften blev en stor succes. Danskerne var igen i \u00e5r i det gavmilde hj\u00f8rne og bakkede i stor stil op om hjertesagen.<\/p><p>\u00a0<\/p><p>V\u00e6rterne Louise Wolff og Jacob Riising var s\u00e6rdeles veloplagte og guidede seerne igennem et show med fokus p\u00e5 den vigtige hjertesag. Der var s\u00e5vel r\u00f8rende beretninger fra mennesker med hjertesygdom t\u00e6t inde p\u00e5 livet som oplysende forklaringer p\u00e5 nye tiltag fra f\u00f8rende forskere p\u00e5 hjerteomr\u00e5det.<\/p><p>\u00a0<\/p><p>Ud over det naturlige fokus p\u00e5 hjerterne var Hjertegalla garneret med musikalske indslag fra Tobias Floor, der selv har v\u00e6ret ramt af hjertestop, ligesom der var et nyskabende quizshow med en stribe kendte personer, herunder Pernille H\u00f8jmark, Merete M\u00e6rkedahl og Micki Cheng.<\/p><p>\u00a0<\/p><p>I alt blev der samlet\u00a035.018.276\u00a0kr. ind til hjertesagen.<\/p><p>\u00a0<\/p><p>&#8211; Jeg er b\u00e5de dybt ber\u00f8rt af og rigtig glad for de mange donationer, som er str\u00f8mmet ind fra s\u00e5vel private danskere som erhvervslivet. Det store bel\u00f8b er med til at g\u00f8re os i stand til at forske videre i hjertesygdomme og yde st\u00f8tte til s\u00e5vel patienter som p\u00e5r\u00f8rende, siger Anne Kaltoft, adm. direkt\u00f8r i Hjerteforeningen og forts\u00e6tter:<\/p><p>\u00a0<\/p><p>&#8211; Man skal huske p\u00e5, at 1 ud af 5 danskere d\u00f8r af hjerte-kar-sygdom, at 670.000 danskere lever med en hjerte-kar-sygdom, og at yderligere 65.700 danskere hvert \u00e5r rammes af en hjerte-kar-sygdom, s\u00e5 alle donationer er af stor vigtighed i kampen mod sygdommen.<\/p><p>\u00a0<\/p><p>Ogs\u00e5 hos TV 2 er der gl\u00e6de oven p\u00e5 \u00e5rets Hjertegalla:<\/p><p>&#8211; Det er opl\u00f8ftende at m\u00e6rke, at vi fortsat kan samle s\u00e5 mange danskere om den gode sag p\u00e5 TV 2 Charlie. Vi var i forvejen meget sp\u00e6ndte p\u00e5, hvordan seerne ville tage imod den nye store quizdrevne indsamling i showet, men det synes vi lykkedes over al forventning, siger Mads Volck, som er redakt\u00f8r hos TV 2.<\/p><p>\u00a0<\/p>\t\t\t\t\t\t\t\t<\/div>\n\t\t\t\t<\/div>\n\t\t\t\t\t<\/div>\n\t\t\t\t<\/div>\n\t\t<div class=\"elementor-element elementor-element-18d8b2d e-flex e-con-boxed e-con e-parent\" data-id=\"18d8b2d\" data-element_type=\"container\">\n\t\t\t\t\t<div class=\"e-con-inner\">\n\t\t\t\t<div class=\"hf-narrow-center-div elementor-element elementor-element-9c8b796 elementor-widget elementor-widget-image\" data-id=\"9c8b796\" data-element_type=\"widget\" data-widget_type=\"image.default\">\n\t\t\t\t<div class=\"elementor-widget-container\">\n\t\t\t\t\t\t\t\t\t\t\t\t<figure class=\"wp-caption\">\n\t\t\t\t\t\t\t\t\t\t<img fetchpriority=\"high\" decoding=\"async\" width=\"800\" height=\"533\" src=\"https:\/\/hjerteforeningen.dk\/hjertegalla\/wp-content\/uploads\/sites\/3\/2024\/09\/Hjertegalla_2024_resultat_984.jpg\" class=\"attachment-large size-large wp-image-534\" alt=\"\" srcset=\"https:\/\/hjerteforeningen.dk\/hjertegalla\/wp-content\/uploads\/sites\/3\/2024\/09\/Hjertegalla_2024_resultat_984.jpg 984w, https:\/\/hjerteforeningen.dk\/hjertegalla\/wp-content\/uploads\/sites\/3\/2024\/09\/Hjertegalla_2024_resultat_984-300x200.jpg 300w, https:\/\/hjerteforeningen.dk\/hjertegalla\/wp-content\/uploads\/sites\/3\/2024\/09\/Hjertegalla_2024_resultat_984-768x512.jpg 768w\" sizes=\"(max-width: 800px) 100vw, 800px\" \/>\t\t\t\t\t\t\t\t\t\t\t<figcaption class=\"widget-image-caption wp-caption-text\">Foto: Per Arnesen\/TV 2<\/figcaption>\n\t\t\t\t\t\t\t\t\t\t<\/figure>\n\t\t\t\t\t\t\t\t\t<\/div>\n\t\t\t\t<\/div>\n\t\t\t\t\t<\/div>\n\t\t\t\t<\/div>\n\t\t<div class=\"elementor-element elementor-element-4e72c83 e-flex e-con-boxed e-con e-parent\" data-id=\"4e72c83\" data-element_type=\"container\">\n\t\t\t\t\t<div class=\"e-con-inner\">\n\t\t\t\t<div class=\"hf-narrow-center-div elementor-element elementor-element-600154a elementor-widget elementor-widget-text-editor\" data-id=\"600154a\" data-element_type=\"widget\" data-widget_type=\"text-editor.default\">\n\t\t\t\t<div class=\"elementor-widget-container\">\n\t\t\t\t\t\t\t\t\t<h3>\u00c5rets Hjerteredder h\u00e6dret<\/h3><p>Prisen som \u00e5rets hjerteredder blev som vanligt uddelt, og den gik i \u00e5r til 12-\u00e5rige Alma Skov Poulsen fra \u00c5lsg\u00e5rde, som reddede sin far, Henrik, da han faldt om med hjertestop i hjemmet. Alma fik ringet 1-1-2 og hentet hj\u00e6lp fra naboen, inden hun stak af sted i l\u00f8b p\u00e5 str\u00f8mpesokker for at hente den n\u00e6rmeste hjertestarter.<\/p><p>\u00a0<\/p><p>De indsamlede penge fra Hjertegalla-showet, som var det 13. i r\u00e6kken, g\u00e5r blandt andet til hjerteforskning, forebyggelse og patientst\u00f8tte.<\/p>\t\t\t\t\t\t\t\t<\/div>\n\t\t\t\t<\/div>\n\t\t\t\t<div class=\"hf-narrow-center-div elementor-element elementor-element-5841751 elementor-widget elementor-widget-image\" data-id=\"5841751\" data-element_type=\"widget\" data-widget_type=\"image.default\">\n\t\t\t\t<div class=\"elementor-widget-container\">\n\t\t\t\t\t\t\t\t\t\t\t\t<figure class=\"wp-caption\">\n\t\t\t\t\t\t\t\t\t\t<img decoding=\"async\" width=\"800\" height=\"534\" src=\"https:\/\/hjerteforeningen.dk\/hjertegalla\/wp-content\/uploads\/sites\/3\/2024\/09\/Alma-og-far.png\" class=\"attachment-large size-large wp-image-544\" alt=\"\" srcset=\"https:\/\/hjerteforeningen.dk\/hjertegalla\/wp-content\/uploads\/sites\/3\/2024\/09\/Alma-og-far.png 880w, https:\/\/hjerteforeningen.dk\/hjertegalla\/wp-content\/uploads\/sites\/3\/2024\/09\/Alma-og-far-300x200.png 300w, https:\/\/hjerteforeningen.dk\/hjertegalla\/wp-content\/uploads\/sites\/3\/2024\/09\/Alma-og-far-768x512.png 768w\" sizes=\"(max-width: 800px) 100vw, 800px\" \/>\t\t\t\t\t\t\t\t\t\t\t<figcaption class=\"widget-image-caption wp-caption-text\">Foto: Per Arnesen\/TV 2<\/figcaption>\n\t\t\t\t\t\t\t\t\t\t<\/figure>\n\t\t\t\t\t\t\t\t\t<\/div>\n\t\t\t\t<\/div>\n\t\t\t\t\t<\/div>\n\t\t\t\t<\/div>\n\t\t\t\t<\/div>\n\t\t","protected":false},"excerpt":{"rendered":"<p>35.018.276 kr. blev l\u00f8rdag samlet ind til Hjerteforeningen ved \u00e5rets Hjertegalla p\u00e5 TV 2 Charlie og TV 2 Play.<\/p>\n","protected":false},"author":25,"featured_media":528,"parent":0,"menu_order":0,"comment_status":"closed","ping_status":"closed","template":"","meta":{"_acf_changed":false,"footnotes":""},"global-tag":[],"class_list":["post-527","page","type-page","status-publish","has-post-thumbnail","hentry"],"yoast_head":"<!-- This site is optimized with the Yoast SEO Premium plugin v23.5 (Yoast SEO v26.2) - https:\/\/yoast.com\/wordpress\/plugins\/seo\/ -->\n<title>Mere end 35 mio. kr. indsamlet ved \u00e5rets Hjertegalla - Hjertegalla<\/title>\n<meta name=\"description\" content=\"35.018.276 kr. blev l\u00f8rdag samlet ind til Hjerteforeningen ved \u00e5rets Hjertegalla p\u00e5 TV 2 Charlie og TV 2 Play.\" \/>\n<meta name=\"robots\" content=\"index, follow, max-snippet:-1, max-image-preview:large, max-video-preview:-1\" \/>\n<link rel=\"canonical\" href=\"https:\/\/hjerteforeningen.dk\/hjertegalla\/mere-end-xx-mio-kr-indsamlet-ved-arets-hjertegalla\/\" \/>\n<meta property=\"og:locale\" content=\"da_DK\" \/>\n<meta property=\"og:type\" content=\"article\" \/>\n<meta property=\"og:title\" content=\"Mere end 35 mio. kr. indsamlet ved \u00e5rets Hjertegalla\" \/>\n<meta property=\"og:description\" content=\"35.018.276 kr. blev l\u00f8rdag samlet ind til Hjerteforeningen ved \u00e5rets Hjertegalla p\u00e5 TV 2 Charlie og TV 2 Play.\" \/>\n<meta property=\"og:url\" content=\"https:\/\/hjerteforeningen.dk\/hjertegalla\/mere-end-xx-mio-kr-indsamlet-ved-arets-hjertegalla\/\" \/>\n<meta property=\"og:site_name\" content=\"Hjertegalla\" \/>\n<meta property=\"article:modified_time\" content=\"2025-09-04T12:29:30+00:00\" \/>\n<meta property=\"og:image\" content=\"https:\/\/hjerteforeningen.dk\/hjertegalla\/wp-content\/uploads\/sites\/3\/2024\/09\/Hjertegalla_V1_2_984.jpg\" \/>\n\t<meta property=\"og:image:width\" content=\"984\" \/>\n\t<meta property=\"og:image:height\" content=\"656\" \/>\n\t<meta property=\"og:image:type\" content=\"image\/jpeg\" \/>\n<meta name=\"twitter:card\" content=\"summary_large_image\" \/>\n<meta name=\"twitter:label1\" content=\"Estimeret l\u00e6setid\" \/>\n\t<meta name=\"twitter:data1\" content=\"3 minutter\" \/>\n<script type=\"application\/ld+json\" class=\"yoast-schema-graph\">{\"@context\":\"https:\/\/schema.org\",\"@graph\":[{\"@type\":\"WebPage\",\"@id\":\"https:\/\/hjerteforeningen.dk\/hjertegalla\/mere-end-xx-mio-kr-indsamlet-ved-arets-hjertegalla\/\",\"url\":\"https:\/\/hjerteforeningen.dk\/hjertegalla\/mere-end-xx-mio-kr-indsamlet-ved-arets-hjertegalla\/\",\"name\":\"Mere end 35 mio. kr. indsamlet ved \u00e5rets Hjertegalla - Hjertegalla\",\"isPartOf\":{\"@id\":\"https:\/\/hjerteforeningen.dk\/hjertegalla\/#website\"},\"primaryImageOfPage\":{\"@id\":\"https:\/\/hjerteforeningen.dk\/hjertegalla\/mere-end-xx-mio-kr-indsamlet-ved-arets-hjertegalla\/#primaryimage\"},\"image\":{\"@id\":\"https:\/\/hjerteforeningen.dk\/hjertegalla\/mere-end-xx-mio-kr-indsamlet-ved-arets-hjertegalla\/#primaryimage\"},\"thumbnailUrl\":\"https:\/\/hjerteforeningen.dk\/hjertegalla\/wp-content\/uploads\/sites\/3\/2024\/09\/Hjertegalla_V1_2_984.jpg\",\"datePublished\":\"2024-09-14T17:30:00+00:00\",\"dateModified\":\"2025-09-04T12:29:30+00:00\",\"description\":\"35.018.276 kr. blev l\u00f8rdag samlet ind til Hjerteforeningen ved \u00e5rets Hjertegalla p\u00e5 TV 2 Charlie og TV 2 Play.\",\"breadcrumb\":{\"@id\":\"https:\/\/hjerteforeningen.dk\/hjertegalla\/mere-end-xx-mio-kr-indsamlet-ved-arets-hjertegalla\/#breadcrumb\"},\"inLanguage\":\"da-DK\",\"potentialAction\":[{\"@type\":\"ReadAction\",\"target\":[\"https:\/\/hjerteforeningen.dk\/hjertegalla\/mere-end-xx-mio-kr-indsamlet-ved-arets-hjertegalla\/\"]}]},{\"@type\":\"ImageObject\",\"inLanguage\":\"da-DK\",\"@id\":\"https:\/\/hjerteforeningen.dk\/hjertegalla\/mere-end-xx-mio-kr-indsamlet-ved-arets-hjertegalla\/#primaryimage\",\"url\":\"https:\/\/hjerteforeningen.dk\/hjertegalla\/wp-content\/uploads\/sites\/3\/2024\/09\/Hjertegalla_V1_2_984.jpg\",\"contentUrl\":\"https:\/\/hjerteforeningen.dk\/hjertegalla\/wp-content\/uploads\/sites\/3\/2024\/09\/Hjertegalla_V1_2_984.jpg\",\"width\":984,\"height\":656,\"caption\":\"Foto: Per Arnesen\/TV 2\"},{\"@type\":\"BreadcrumbList\",\"@id\":\"https:\/\/hjerteforeningen.dk\/hjertegalla\/mere-end-xx-mio-kr-indsamlet-ved-arets-hjertegalla\/#breadcrumb\",\"itemListElement\":[{\"@type\":\"ListItem\",\"position\":1,\"name\":\"Home\",\"item\":\"https:\/\/hjerteforeningen.dk\/hjertegalla\/\"},{\"@type\":\"ListItem\",\"position\":2,\"name\":\"Mere end 35 mio. kr. indsamlet ved \u00e5rets Hjertegalla\"}]},{\"@type\":\"WebSite\",\"@id\":\"https:\/\/hjerteforeningen.dk\/hjertegalla\/#website\",\"url\":\"https:\/\/hjerteforeningen.dk\/hjertegalla\/\",\"name\":\"Hjertegalla\",\"description\":\"\",\"publisher\":{\"@id\":\"https:\/\/hjerteforeningen.dk\/hjertegalla\/#organization\"},\"potentialAction\":[{\"@type\":\"SearchAction\",\"target\":{\"@type\":\"EntryPoint\",\"urlTemplate\":\"https:\/\/hjerteforeningen.dk\/hjertegalla\/?s={search_term_string}\"},\"query-input\":{\"@type\":\"PropertyValueSpecification\",\"valueRequired\":true,\"valueName\":\"search_term_string\"}}],\"inLanguage\":\"da-DK\"},{\"@type\":\"Organization\",\"@id\":\"https:\/\/hjerteforeningen.dk\/hjertegalla\/#organization\",\"name\":\"Hjertegalla\",\"url\":\"https:\/\/hjerteforeningen.dk\/hjertegalla\/\",\"logo\":{\"@type\":\"ImageObject\",\"inLanguage\":\"da-DK\",\"@id\":\"https:\/\/hjerteforeningen.dk\/hjertegalla\/#\/schema\/logo\/image\/\",\"url\":\"https:\/\/hjerteforeningen.dk\/hjertegalla\/wp-content\/uploads\/sites\/3\/2024\/08\/cropped-cropped-cropped-weblogo-HG.png\",\"contentUrl\":\"https:\/\/hjerteforeningen.dk\/hjertegalla\/wp-content\/uploads\/sites\/3\/2024\/08\/cropped-cropped-cropped-weblogo-HG.png\",\"width\":173,\"height\":49,\"caption\":\"Hjertegalla\"},\"image\":{\"@id\":\"https:\/\/hjerteforeningen.dk\/hjertegalla\/#\/schema\/logo\/image\/\"}}]}<\/script>\n<!-- \/ Yoast SEO Premium plugin. -->","yoast_head_json":{"title":"Mere end 35 mio. kr. indsamlet ved \u00e5rets Hjertegalla - Hjertegalla","description":"35.018.276 kr. blev l\u00f8rdag samlet ind til Hjerteforeningen ved \u00e5rets Hjertegalla p\u00e5 TV 2 Charlie og TV 2 Play.","robots":{"index":"index","follow":"follow","max-snippet":"max-snippet:-1","max-image-preview":"max-image-preview:large","max-video-preview":"max-video-preview:-1"},"canonical":"https:\/\/hjerteforeningen.dk\/hjertegalla\/mere-end-xx-mio-kr-indsamlet-ved-arets-hjertegalla\/","og_locale":"da_DK","og_type":"article","og_title":"Mere end 35 mio. kr. indsamlet ved \u00e5rets Hjertegalla","og_description":"35.018.276 kr. blev l\u00f8rdag samlet ind til Hjerteforeningen ved \u00e5rets Hjertegalla p\u00e5 TV 2 Charlie og TV 2 Play.","og_url":"https:\/\/hjerteforeningen.dk\/hjertegalla\/mere-end-xx-mio-kr-indsamlet-ved-arets-hjertegalla\/","og_site_name":"Hjertegalla","article_modified_time":"2025-09-04T12:29:30+00:00","og_image":[{"width":984,"height":656,"url":"https:\/\/hjerteforeningen.dk\/hjertegalla\/wp-content\/uploads\/sites\/3\/2024\/09\/Hjertegalla_V1_2_984.jpg","type":"image\/jpeg"}],"twitter_card":"summary_large_image","twitter_misc":{"Estimeret l\u00e6setid":"3 minutter"},"schema":{"@context":"https:\/\/schema.org","@graph":[{"@type":"WebPage","@id":"https:\/\/hjerteforeningen.dk\/hjertegalla\/mere-end-xx-mio-kr-indsamlet-ved-arets-hjertegalla\/","url":"https:\/\/hjerteforeningen.dk\/hjertegalla\/mere-end-xx-mio-kr-indsamlet-ved-arets-hjertegalla\/","name":"Mere end 35 mio. kr. indsamlet ved \u00e5rets Hjertegalla - Hjertegalla","isPartOf":{"@id":"https:\/\/hjerteforeningen.dk\/hjertegalla\/#website"},"primaryImageOfPage":{"@id":"https:\/\/hjerteforeningen.dk\/hjertegalla\/mere-end-xx-mio-kr-indsamlet-ved-arets-hjertegalla\/#primaryimage"},"image":{"@id":"https:\/\/hjerteforeningen.dk\/hjertegalla\/mere-end-xx-mio-kr-indsamlet-ved-arets-hjertegalla\/#primaryimage"},"thumbnailUrl":"https:\/\/hjerteforeningen.dk\/hjertegalla\/wp-content\/uploads\/sites\/3\/2024\/09\/Hjertegalla_V1_2_984.jpg","datePublished":"2024-09-14T17:30:00+00:00","dateModified":"2025-09-04T12:29:30+00:00","description":"35.018.276 kr. blev l\u00f8rdag samlet ind til Hjerteforeningen ved \u00e5rets Hjertegalla p\u00e5 TV 2 Charlie og TV 2 Play.","breadcrumb":{"@id":"https:\/\/hjerteforeningen.dk\/hjertegalla\/mere-end-xx-mio-kr-indsamlet-ved-arets-hjertegalla\/#breadcrumb"},"inLanguage":"da-DK","potentialAction":[{"@type":"ReadAction","target":["https:\/\/hjerteforeningen.dk\/hjertegalla\/mere-end-xx-mio-kr-indsamlet-ved-arets-hjertegalla\/"]}]},{"@type":"ImageObject","inLanguage":"da-DK","@id":"https:\/\/hjerteforeningen.dk\/hjertegalla\/mere-end-xx-mio-kr-indsamlet-ved-arets-hjertegalla\/#primaryimage","url":"https:\/\/hjerteforeningen.dk\/hjertegalla\/wp-content\/uploads\/sites\/3\/2024\/09\/Hjertegalla_V1_2_984.jpg","contentUrl":"https:\/\/hjerteforeningen.dk\/hjertegalla\/wp-content\/uploads\/sites\/3\/2024\/09\/Hjertegalla_V1_2_984.jpg","width":984,"height":656,"caption":"Foto: Per Arnesen\/TV 2"},{"@type":"BreadcrumbList","@id":"https:\/\/hjerteforeningen.dk\/hjertegalla\/mere-end-xx-mio-kr-indsamlet-ved-arets-hjertegalla\/#breadcrumb","itemListElement":[{"@type":"ListItem","position":1,"name":"Home","item":"https:\/\/hjerteforeningen.dk\/hjertegalla\/"},{"@type":"ListItem","position":2,"name":"Mere end 35 mio. kr. indsamlet ved \u00e5rets Hjertegalla"}]},{"@type":"WebSite","@id":"https:\/\/hjerteforeningen.dk\/hjertegalla\/#website","url":"https:\/\/hjerteforeningen.dk\/hjertegalla\/","name":"Hjertegalla","description":"","publisher":{"@id":"https:\/\/hjerteforeningen.dk\/hjertegalla\/#organization"},"potentialAction":[{"@type":"SearchAction","target":{"@type":"EntryPoint","urlTemplate":"https:\/\/hjerteforeningen.dk\/hjertegalla\/?s={search_term_string}"},"query-input":{"@type":"PropertyValueSpecification","valueRequired":true,"valueName":"search_term_string"}}],"inLanguage":"da-DK"},{"@type":"Organization","@id":"https:\/\/hjerteforeningen.dk\/hjertegalla\/#organization","name":"Hjertegalla","url":"https:\/\/hjerteforeningen.dk\/hjertegalla\/","logo":{"@type":"ImageObject","inLanguage":"da-DK","@id":"https:\/\/hjerteforeningen.dk\/hjertegalla\/#\/schema\/logo\/image\/","url":"https:\/\/hjerteforeningen.dk\/hjertegalla\/wp-content\/uploads\/sites\/3\/2024\/08\/cropped-cropped-cropped-weblogo-HG.png","contentUrl":"https:\/\/hjerteforeningen.dk\/hjertegalla\/wp-content\/uploads\/sites\/3\/2024\/08\/cropped-cropped-cropped-weblogo-HG.png","width":173,"height":49,"caption":"Hjertegalla"},"image":{"@id":"https:\/\/hjerteforeningen.dk\/hjertegalla\/#\/schema\/logo\/image\/"}}]}},"acf":[],"_links":{"self":[{"href":"https:\/\/hjerteforeningen.dk\/hjertegalla\/wp-json\/wp\/v2\/pages\/527","targetHints":{"allow":["GET"]}}],"collection":[{"href":"https:\/\/hjerteforeningen.dk\/hjertegalla\/wp-json\/wp\/v2\/pages"}],"about":[{"href":"https:\/\/hjerteforeningen.dk\/hjertegalla\/wp-json\/wp\/v2\/types\/page"}],"author":[{"embeddable":true,"href":"https:\/\/hjerteforeningen.dk\/hjertegalla\/wp-json\/wp\/v2\/users\/25"}],"replies":[{"embeddable":true,"href":"https:\/\/hjerteforeningen.dk\/hjertegalla\/wp-json\/wp\/v2\/comments?post=527"}],"version-history":[{"count":0,"href":"https:\/\/hjerteforeningen.dk\/hjertegalla\/wp-json\/wp\/v2\/pages\/527\/revisions"}],"wp:featuredmedia":[{"embeddable":true,"href":"https:\/\/hjerteforeningen.dk\/hjertegalla\/wp-json\/wp\/v2\/media\/528"}],"wp:attachment":[{"href":"https:\/\/hjerteforeningen.dk\/hjertegalla\/wp-json\/wp\/v2\/media?parent=527"}],"wp:term":[{"taxonomy":"global-tag","embeddable":true,"href":"https:\/\/hjerteforeningen.dk\/hjertegalla\/wp-json\/wp\/v2\/global-tag?post=527"}],"curies":[{"name":"wp","href":"https:\/\/api.w.org\/{rel}","templated":true}]}}