{"id":243,"date":"2024-08-14T10:38:35","date_gmt":"2024-08-14T08:38:35","guid":{"rendered":"https:\/\/hjerteforeningen.dk\/hjertegalla\/?page_id=243"},"modified":"2025-09-08T14:29:15","modified_gmt":"2025-09-08T12:29:15","slug":"tak-for-din-stoette","status":"publish","type":"page","link":"https:\/\/hjerteforeningen.dk\/hjertegalla\/tak-for-din-stoette\/","title":{"rendered":"Tak for din st\u00f8tte"},"content":{"rendered":"\t\t<div data-elementor-type=\"wp-page\" data-elementor-id=\"243\" class=\"elementor elementor-243\" data-elementor-post-type=\"page\">\n\t\t\t\t<div class=\"elementor-element elementor-element-013445d e-flex e-con-boxed e-con e-parent\" data-id=\"013445d\" data-element_type=\"container\">\n\t\t\t\t\t<div class=\"e-con-inner\">\n\t\t\t\t<div class=\"elementor-element elementor-element-64c6b25 elementor-widget elementor-widget-campaign-hero\" data-id=\"64c6b25\" data-element_type=\"widget\" data-widget_type=\"campaign-hero.default\">\n\t\t\t\t<div class=\"elementor-widget-container\">\n\t\t\t\t\t        <div class=\"hf-campaign-hero hf-large-width-wrapper\">\n            <div class=\"hf-hero\">\n                                    <div class=\"background-image-container\">\n                        <img decoding=\"async\" class=\"featured-image\" src=\"\" alt=\"\">\n                        <div class=\"overlay\"><\/div>\n                    <\/div>\n                                <div class=\"hero-content-wrapper hf-standard-width-container\">\n                    <div class=\"text-container\">\n                        <h1 class=\"heading hf-header-xxxl\">Tak for din st\u00f8tte<\/h1>\n                                                    <div class=\"hf-divider\"><\/div>\n                                                <p class=\"sub-heading sub-heading-text\">Tak, fordi du har valgt at st\u00f8tte Hjertegalla. Du g\u00f8r en forskel for hjertet i os alle sammen.<\/p>\n                                            <\/div>\n                                            <div class=\"media-container hf-image-container\">                    \n                             \n                                    <img decoding=\"async\" src=\"https:\/\/hjerteforeningen.dk\/hjertegalla\/wp-content\/uploads\/sites\/3\/2025\/08\/Hjertegalla_Web_560x560px.jpg\" class=\"hf-image \" alt=\"\" \/>\n                                                <\/div>\n                                    <\/div>\n            <\/div>\n                    <\/div>\n    \t\t\t\t<\/div>\n\t\t\t\t<\/div>\n\t\t\t\t\t<\/div>\n\t\t\t\t<\/div>\n\t\t<div class=\"elementor-element elementor-element-ffc6e7a e-flex e-con-boxed e-con e-parent\" data-id=\"ffc6e7a\" data-element_type=\"container\">\n\t\t\t\t\t<div class=\"e-con-inner\">\n\t\t\t\t<div class=\"elementor-element elementor-element-e0635b3 elementor-widget elementor-widget-spacer\" data-id=\"e0635b3\" data-element_type=\"widget\" data-widget_type=\"spacer.default\">\n\t\t\t\t<div class=\"elementor-widget-container\">\n\t\t\t\t\t\t\t<div class=\"elementor-spacer\">\n\t\t\t<div class=\"elementor-spacer-inner\"><\/div>\n\t\t<\/div>\n\t\t\t\t\t\t<\/div>\n\t\t\t\t<\/div>\n\t\t\t\t<div class=\"hf-narrow-center-div elementor-element elementor-element-94030a9 elementor-widget elementor-widget-text-editor\" data-id=\"94030a9\" data-element_type=\"widget\" data-widget_type=\"text-editor.default\">\n\t\t\t\t<div class=\"elementor-widget-container\">\n\t\t\t\t\t\t\t\t\t<p>N\u00e5r du st\u00f8tter Hjerteforeningen, er du med til at forebygge, behandle og bek\u00e6mpe hjertesygdom. Du hj\u00e6lper med at igangs\u00e6tte ny hjerteforskning, fremme hjertesundhed gennem forebyggelse og st\u00f8tte mennesker t\u00e6t p\u00e5 hjertesygdom.<\/p><p>En kvittering er sendt til din e-mail.<\/p><p>Se med d. 13. september kl. 20.55, n\u00e5r Hjertegalla ruller over sk\u00e6rmen p\u00e5 TV 2 Charlie og TV 2 Play til et brag af et indsamlingsshow.<\/p><p>Tak for din opbakning \u2013 det betyder mere end du aner!<\/p>\t\t\t\t\t\t\t\t<\/div>\n\t\t\t\t<\/div>\n\t\t\t\t<div class=\"elementor-element elementor-element-f91190d elementor-widget elementor-widget-contact-us\" data-id=\"f91190d\" data-element_type=\"widget\" data-widget_type=\"contact-us.default\">\n\t\t\t\t<div class=\"elementor-widget-container\">\n\t\t\t\t\t        <div class=\"contact-us-base hf-small-width-container no-print\">\n            <div class=\"hf-text-container\">\n                <div class=\"hf-header-l\">\n                    Har du sp\u00f8rgsm\u00e5l?                <\/div>\n                <div class=\"hf-divider\"><\/div>\n                <div class=\"hf-text-l\">\n                    <div data-id=\"103d5bf9\" data-element_type=\"widget\" data-widget_type=\"heading.default\"><p>Hvis du har sp\u00f8rgsm\u00e5l, kan du kontakte os p\u00e5 mail eller telefon alle hverdage.<\/p><\/div><div data-id=\"103d5bf9\" data-element_type=\"widget\" data-widget_type=\"heading.default\"><h3>Tlf. 70 25 00 00<\/h3><\/div><p data-id=\"122a5970\" data-element_type=\"widget\" data-widget_type=\"heading.default\">Vi sidder klar mandag-fredag kl. 9-15 (fre. til kl. 14)<\/p><h3>Mail: medlem@hjerteforeningen.dk<\/h3><div data-id=\"2d283039\" data-element_type=\"container\" data-settings=\"{&quot;content_width&quot;:&quot;full&quot;}\"><div data-id=\"a8be393\" data-element_type=\"widget\" data-widget_type=\"heading.default\"><p>Vi svarer hurtigst muligt.<\/p><\/div><\/div>                <\/div>\n            <\/div>\n            <div class=\"hf-image-container\">\n                <img decoding=\"async\" class=\"hf-image\" src=\"https:\/\/hjerteforeningen.dk\/hjertegalla\/wp-content\/uploads\/sites\/3\/2025\/07\/Kontakt.png\" alt=\"Kontakt.png\"\/>\n            <\/div>\n        <\/div>\n    \t\t\t\t<\/div>\n\t\t\t\t<\/div>\n\t\t\t\t<div class=\"elementor-element elementor-element-d23b498 elementor-hidden-desktop elementor-hidden-tablet elementor-hidden-mobile elementor-widget elementor-widget-teaser-xlarge\" data-id=\"d23b498\" data-element_type=\"widget\" data-widget_type=\"teaser-xlarge.default\">\n\t\t\t\t<div class=\"elementor-widget-container\">\n\t\t\t\t\t        <div class=\"hf-full-width-wrapper teaser-xl-wrapper\">\n            <div class=\"teaser-xl-base hf-small-width-container  row-reversed\">\n                <div class=\"hf-image-container\">\n                     \n                                    <img decoding=\"async\" src=\"https:\/\/hjerteforeningen.dk\/hjertegalla\/wp-content\/uploads\/sites\/3\/2024\/08\/tv2-play.png\" class=\"hf-image \" alt=\"tv2 play\" \/>\n                                        <\/div>\n                <div class=\"text-container\">\n                                        <div class=\"hf-header-xl\">Husk at se Hjertegalla d. 14. september<\/div>\n                                            <div class=\"hf-divider\"><\/div>\n                                                                <div class=\"hf-text-l\">Du kan se Hjertegalla p\u00e5 TV2 Charlie d. 14. september. Du har ligeledes mulighed for at se det gratis p\u00e5 TV2 Play, klik p\u00e5 nedenst\u00e5ende link og opret en gratis bruger.<\/div>\n                                                                <a id=\"\" \n                         \n                            href=\"https:\/\/play.tv2.dk\/live\/tv-2-charlie\" \n                                                target=\"_self\" class=\"hf-btn\">\n                            Se Hjertegalla 2024                        <\/a>\n                                    <\/div>\n            <\/div>\n        <\/div>\n    \t\t\t\t<\/div>\n\t\t\t\t<\/div>\n\t\t\t\t\t<\/div>\n\t\t\t\t<\/div>\n\t\t\t\t<\/div>\n\t\t","protected":false},"excerpt":{"rendered":"<p>Tak for din st\u00f8tte Tak, fordi du har valgt at st\u00f8tte Hjertegalla. Du g\u00f8r en forskel for hjertet i os alle sammen. N\u00e5r du st\u00f8tter Hjerteforeningen, er du med til at forebygge, behandle og bek\u00e6mpe hjertesygdom. Du hj\u00e6lper med at igangs\u00e6tte ny hjerteforskning, fremme hjertesundhed gennem forebyggelse og st\u00f8tte mennesker t\u00e6t p\u00e5 hjertesygdom. En kvittering [&hellip;]<\/p>\n","protected":false},"author":25,"featured_media":0,"parent":0,"menu_order":0,"comment_status":"closed","ping_status":"closed","template":"","meta":{"_acf_changed":true,"footnotes":""},"global-tag":[],"class_list":["post-243","page","type-page","status-publish","hentry"],"yoast_head":"<!-- This site is optimized with the Yoast SEO Premium plugin v23.5 (Yoast SEO v26.2) - https:\/\/yoast.com\/wordpress\/plugins\/seo\/ -->\n<title>Tak for din st\u00f8tte - Hjertegalla<\/title>\n<meta name=\"description\" content=\"N\u00e5r du st\u00f8tter Hjerteforeningen, er du med til at forebygge, behandle og bek\u00e6mpe hjertesygdom. Vi vil gerne takke dig for st\u00f8tten.\" \/>\n<meta name=\"robots\" content=\"index, follow, max-snippet:-1, max-image-preview:large, max-video-preview:-1\" \/>\n<link rel=\"canonical\" href=\"https:\/\/hjerteforeningen.dk\/hjertegalla\/tak-for-din-stoette\/\" \/>\n<meta property=\"og:locale\" content=\"da_DK\" \/>\n<meta property=\"og:type\" content=\"article\" \/>\n<meta property=\"og:title\" content=\"Tak for din st\u00f8tte\" \/>\n<meta property=\"og:description\" content=\"N\u00e5r du st\u00f8tter Hjerteforeningen, er du med til at forebygge, behandle og bek\u00e6mpe hjertesygdom. Vi vil gerne takke dig for st\u00f8tten.\" \/>\n<meta property=\"og:url\" content=\"https:\/\/hjerteforeningen.dk\/hjertegalla\/tak-for-din-stoette\/\" \/>\n<meta property=\"og:site_name\" content=\"Hjertegalla\" \/>\n<meta property=\"article:modified_time\" content=\"2025-09-08T12:29:15+00:00\" \/>\n<meta property=\"og:image\" content=\"https:\/\/hjerteforeningen.dk\/hjertegalla\/wp-content\/uploads\/sites\/3\/2025\/08\/Hjertegalla_Web_560x560px.jpg\" \/>\n<meta name=\"twitter:card\" content=\"summary_large_image\" \/>\n<meta name=\"twitter:label1\" content=\"Estimeret l\u00e6setid\" \/>\n\t<meta name=\"twitter:data1\" content=\"2 minutter\" \/>\n<script type=\"application\/ld+json\" class=\"yoast-schema-graph\">{\"@context\":\"https:\/\/schema.org\",\"@graph\":[{\"@type\":\"WebPage\",\"@id\":\"https:\/\/hjerteforeningen.dk\/hjertegalla\/tak-for-din-stoette\/\",\"url\":\"https:\/\/hjerteforeningen.dk\/hjertegalla\/tak-for-din-stoette\/\",\"name\":\"Tak for din st\u00f8tte - Hjertegalla\",\"isPartOf\":{\"@id\":\"https:\/\/hjerteforeningen.dk\/hjertegalla\/#website\"},\"primaryImageOfPage\":{\"@id\":\"https:\/\/hjerteforeningen.dk\/hjertegalla\/tak-for-din-stoette\/#primaryimage\"},\"image\":{\"@id\":\"https:\/\/hjerteforeningen.dk\/hjertegalla\/tak-for-din-stoette\/#primaryimage\"},\"thumbnailUrl\":\"https:\/\/hjerteforeningen.dk\/hjertegalla\/wp-content\/uploads\/sites\/3\/2025\/08\/Hjertegalla_Web_560x560px.jpg\",\"datePublished\":\"2024-08-14T08:38:35+00:00\",\"dateModified\":\"2025-09-08T12:29:15+00:00\",\"description\":\"N\u00e5r du st\u00f8tter Hjerteforeningen, er du med til at forebygge, behandle og bek\u00e6mpe hjertesygdom. Vi vil gerne takke dig for st\u00f8tten.\",\"breadcrumb\":{\"@id\":\"https:\/\/hjerteforeningen.dk\/hjertegalla\/tak-for-din-stoette\/#breadcrumb\"},\"inLanguage\":\"da-DK\",\"potentialAction\":[{\"@type\":\"ReadAction\",\"target\":[\"https:\/\/hjerteforeningen.dk\/hjertegalla\/tak-for-din-stoette\/\"]}]},{\"@type\":\"ImageObject\",\"inLanguage\":\"da-DK\",\"@id\":\"https:\/\/hjerteforeningen.dk\/hjertegalla\/tak-for-din-stoette\/#primaryimage\",\"url\":\"https:\/\/hjerteforeningen.dk\/hjertegalla\/wp-content\/uploads\/sites\/3\/2025\/08\/Hjertegalla_Web_560x560px.jpg\",\"contentUrl\":\"https:\/\/hjerteforeningen.dk\/hjertegalla\/wp-content\/uploads\/sites\/3\/2025\/08\/Hjertegalla_Web_560x560px.jpg\",\"width\":560,\"height\":560},{\"@type\":\"BreadcrumbList\",\"@id\":\"https:\/\/hjerteforeningen.dk\/hjertegalla\/tak-for-din-stoette\/#breadcrumb\",\"itemListElement\":[{\"@type\":\"ListItem\",\"position\":1,\"name\":\"Home\",\"item\":\"https:\/\/hjerteforeningen.dk\/hjertegalla\/\"},{\"@type\":\"ListItem\",\"position\":2,\"name\":\"Tak for din st\u00f8tte\"}]},{\"@type\":\"WebSite\",\"@id\":\"https:\/\/hjerteforeningen.dk\/hjertegalla\/#website\",\"url\":\"https:\/\/hjerteforeningen.dk\/hjertegalla\/\",\"name\":\"Hjertegalla\",\"description\":\"\",\"publisher\":{\"@id\":\"https:\/\/hjerteforeningen.dk\/hjertegalla\/#organization\"},\"potentialAction\":[{\"@type\":\"SearchAction\",\"target\":{\"@type\":\"EntryPoint\",\"urlTemplate\":\"https:\/\/hjerteforeningen.dk\/hjertegalla\/?s={search_term_string}\"},\"query-input\":{\"@type\":\"PropertyValueSpecification\",\"valueRequired\":true,\"valueName\":\"search_term_string\"}}],\"inLanguage\":\"da-DK\"},{\"@type\":\"Organization\",\"@id\":\"https:\/\/hjerteforeningen.dk\/hjertegalla\/#organization\",\"name\":\"Hjertegalla\",\"url\":\"https:\/\/hjerteforeningen.dk\/hjertegalla\/\",\"logo\":{\"@type\":\"ImageObject\",\"inLanguage\":\"da-DK\",\"@id\":\"https:\/\/hjerteforeningen.dk\/hjertegalla\/#\/schema\/logo\/image\/\",\"url\":\"https:\/\/hjerteforeningen.dk\/hjertegalla\/wp-content\/uploads\/sites\/3\/2024\/08\/cropped-cropped-cropped-weblogo-HG.png\",\"contentUrl\":\"https:\/\/hjerteforeningen.dk\/hjertegalla\/wp-content\/uploads\/sites\/3\/2024\/08\/cropped-cropped-cropped-weblogo-HG.png\",\"width\":173,\"height\":49,\"caption\":\"Hjertegalla\"},\"image\":{\"@id\":\"https:\/\/hjerteforeningen.dk\/hjertegalla\/#\/schema\/logo\/image\/\"}}]}<\/script>\n<!-- \/ Yoast SEO Premium plugin. -->","yoast_head_json":{"title":"Tak for din st\u00f8tte - Hjertegalla","description":"N\u00e5r du st\u00f8tter Hjerteforeningen, er du med til at forebygge, behandle og bek\u00e6mpe hjertesygdom. Vi vil gerne takke dig for st\u00f8tten.","robots":{"index":"index","follow":"follow","max-snippet":"max-snippet:-1","max-image-preview":"max-image-preview:large","max-video-preview":"max-video-preview:-1"},"canonical":"https:\/\/hjerteforeningen.dk\/hjertegalla\/tak-for-din-stoette\/","og_locale":"da_DK","og_type":"article","og_title":"Tak for din st\u00f8tte","og_description":"N\u00e5r du st\u00f8tter Hjerteforeningen, er du med til at forebygge, behandle og bek\u00e6mpe hjertesygdom. Vi vil gerne takke dig for st\u00f8tten.","og_url":"https:\/\/hjerteforeningen.dk\/hjertegalla\/tak-for-din-stoette\/","og_site_name":"Hjertegalla","article_modified_time":"2025-09-08T12:29:15+00:00","og_image":[{"url":"https:\/\/hjerteforeningen.dk\/hjertegalla\/wp-content\/uploads\/sites\/3\/2025\/08\/Hjertegalla_Web_560x560px.jpg","type":"","width":"","height":""}],"twitter_card":"summary_large_image","twitter_misc":{"Estimeret l\u00e6setid":"2 minutter"},"schema":{"@context":"https:\/\/schema.org","@graph":[{"@type":"WebPage","@id":"https:\/\/hjerteforeningen.dk\/hjertegalla\/tak-for-din-stoette\/","url":"https:\/\/hjerteforeningen.dk\/hjertegalla\/tak-for-din-stoette\/","name":"Tak for din st\u00f8tte - Hjertegalla","isPartOf":{"@id":"https:\/\/hjerteforeningen.dk\/hjertegalla\/#website"},"primaryImageOfPage":{"@id":"https:\/\/hjerteforeningen.dk\/hjertegalla\/tak-for-din-stoette\/#primaryimage"},"image":{"@id":"https:\/\/hjerteforeningen.dk\/hjertegalla\/tak-for-din-stoette\/#primaryimage"},"thumbnailUrl":"https:\/\/hjerteforeningen.dk\/hjertegalla\/wp-content\/uploads\/sites\/3\/2025\/08\/Hjertegalla_Web_560x560px.jpg","datePublished":"2024-08-14T08:38:35+00:00","dateModified":"2025-09-08T12:29:15+00:00","description":"N\u00e5r du st\u00f8tter Hjerteforeningen, er du med til at forebygge, behandle og bek\u00e6mpe hjertesygdom. Vi vil gerne takke dig for st\u00f8tten.","breadcrumb":{"@id":"https:\/\/hjerteforeningen.dk\/hjertegalla\/tak-for-din-stoette\/#breadcrumb"},"inLanguage":"da-DK","potentialAction":[{"@type":"ReadAction","target":["https:\/\/hjerteforeningen.dk\/hjertegalla\/tak-for-din-stoette\/"]}]},{"@type":"ImageObject","inLanguage":"da-DK","@id":"https:\/\/hjerteforeningen.dk\/hjertegalla\/tak-for-din-stoette\/#primaryimage","url":"https:\/\/hjerteforeningen.dk\/hjertegalla\/wp-content\/uploads\/sites\/3\/2025\/08\/Hjertegalla_Web_560x560px.jpg","contentUrl":"https:\/\/hjerteforeningen.dk\/hjertegalla\/wp-content\/uploads\/sites\/3\/2025\/08\/Hjertegalla_Web_560x560px.jpg","width":560,"height":560},{"@type":"BreadcrumbList","@id":"https:\/\/hjerteforeningen.dk\/hjertegalla\/tak-for-din-stoette\/#breadcrumb","itemListElement":[{"@type":"ListItem","position":1,"name":"Home","item":"https:\/\/hjerteforeningen.dk\/hjertegalla\/"},{"@type":"ListItem","position":2,"name":"Tak for din st\u00f8tte"}]},{"@type":"WebSite","@id":"https:\/\/hjerteforeningen.dk\/hjertegalla\/#website","url":"https:\/\/hjerteforeningen.dk\/hjertegalla\/","name":"Hjertegalla","description":"","publisher":{"@id":"https:\/\/hjerteforeningen.dk\/hjertegalla\/#organization"},"potentialAction":[{"@type":"SearchAction","target":{"@type":"EntryPoint","urlTemplate":"https:\/\/hjerteforeningen.dk\/hjertegalla\/?s={search_term_string}"},"query-input":{"@type":"PropertyValueSpecification","valueRequired":true,"valueName":"search_term_string"}}],"inLanguage":"da-DK"},{"@type":"Organization","@id":"https:\/\/hjerteforeningen.dk\/hjertegalla\/#organization","name":"Hjertegalla","url":"https:\/\/hjerteforeningen.dk\/hjertegalla\/","logo":{"@type":"ImageObject","inLanguage":"da-DK","@id":"https:\/\/hjerteforeningen.dk\/hjertegalla\/#\/schema\/logo\/image\/","url":"https:\/\/hjerteforeningen.dk\/hjertegalla\/wp-content\/uploads\/sites\/3\/2024\/08\/cropped-cropped-cropped-weblogo-HG.png","contentUrl":"https:\/\/hjerteforeningen.dk\/hjertegalla\/wp-content\/uploads\/sites\/3\/2024\/08\/cropped-cropped-cropped-weblogo-HG.png","width":173,"height":49,"caption":"Hjertegalla"},"image":{"@id":"https:\/\/hjerteforeningen.dk\/hjertegalla\/#\/schema\/logo\/image\/"}}]}},"acf":[],"_links":{"self":[{"href":"https:\/\/hjerteforeningen.dk\/hjertegalla\/wp-json\/wp\/v2\/pages\/243","targetHints":{"allow":["GET"]}}],"collection":[{"href":"https:\/\/hjerteforeningen.dk\/hjertegalla\/wp-json\/wp\/v2\/pages"}],"about":[{"href":"https:\/\/hjerteforeningen.dk\/hjertegalla\/wp-json\/wp\/v2\/types\/page"}],"author":[{"embeddable":true,"href":"https:\/\/hjerteforeningen.dk\/hjertegalla\/wp-json\/wp\/v2\/users\/25"}],"replies":[{"embeddable":true,"href":"https:\/\/hjerteforeningen.dk\/hjertegalla\/wp-json\/wp\/v2\/comments?post=243"}],"version-history":[{"count":0,"href":"https:\/\/hjerteforeningen.dk\/hjertegalla\/wp-json\/wp\/v2\/pages\/243\/revisions"}],"wp:attachment":[{"href":"https:\/\/hjerteforeningen.dk\/hjertegalla\/wp-json\/wp\/v2\/media?parent=243"}],"wp:term":[{"taxonomy":"global-tag","embeddable":true,"href":"https:\/\/hjerteforeningen.dk\/hjertegalla\/wp-json\/wp\/v2\/global-tag?post=243"}],"curies":[{"name":"wp","href":"https:\/\/api.w.org\/{rel}","templated":true}]}}