{"id":1057,"date":"2025-09-13T20:50:13","date_gmt":"2025-09-13T18:50:13","guid":{"rendered":"https:\/\/hjerteforeningen.dk\/hjertegalla\/?page_id=1057"},"modified":"2025-09-14T07:47:57","modified_gmt":"2025-09-14T05:47:57","slug":"hjertegalla-2025-blev-en-stor-succes","status":"publish","type":"page","link":"https:\/\/hjerteforeningen.dk\/hjertegalla\/hjertegalla-2025-blev-en-stor-succes\/","title":{"rendered":"Hjertegalla 2025 blev en stor succes"},"content":{"rendered":"\t\t<div data-elementor-type=\"wp-page\" data-elementor-id=\"1057\" class=\"elementor elementor-1057\" data-elementor-post-type=\"page\">\n\t\t\t\t<div class=\"elementor-element elementor-element-1969e4ea e-flex e-con-boxed e-con e-parent\" data-id=\"1969e4ea\" data-element_type=\"container\">\n\t\t\t\t\t<div class=\"e-con-inner\">\n\t\t\t\t<div class=\"elementor-element elementor-element-3e6f180e elementor-widget elementor-widget-campaign-hero\" data-id=\"3e6f180e\" data-element_type=\"widget\" data-widget_type=\"campaign-hero.default\">\n\t\t\t\t<div class=\"elementor-widget-container\">\n\t\t\t\t\t        <div class=\"hf-campaign-hero hf-large-width-wrapper\">\n            <div class=\"hf-hero\">\n                                    <div class=\"background-image-container\">\n                        <img decoding=\"async\" class=\"featured-image\" src=\"\" alt=\"\">\n                        <div class=\"overlay\"><\/div>\n                    <\/div>\n                                <div class=\"hero-content-wrapper hf-standard-width-container\">\n                    <div class=\"text-container\">\n                        <h1 class=\"heading hf-header-xxxl\">Hjertegalla 2025 blev en stor succes<\/h1>\n                                                    <div class=\"hf-divider\"><\/div>\n                                                <p class=\"sub-heading sub-heading-text\">Hjertegalla 2025 p\u00e5 TV 2 Charlie og TV 2 Play blev en bev\u00e6gende og festlig aften, hvor danskerne endnu en gang viste imponerende opbakning til hjertesagen med et indsamlet bel\u00f8b, der i \u00e5r endte p\u00e5 23.590.152 kr. I \u00e5r var det ekstra mange egen-indsamlinger, donationer fra virksomheder og et lotteri med forskellige elbilm\u00e6rker, der i s\u00e6rlig grad bidrog til det indsamlede bel\u00f8b.\n\n<\/p>\n                                            <\/div>\n                                            <div class=\"media-container hf-image-container\">                    \n                             \n                                    <img decoding=\"async\" src=\"https:\/\/hjerteforeningen.dk\/hjertegalla\/wp-content\/uploads\/sites\/3\/2025\/09\/TV2_HjerteGalla_2025_098.jpg\" class=\"hf-image \" alt=\"\" \/>\n                                                <\/div>\n                                    <\/div>\n            <\/div>\n                    <\/div>\n    \t\t\t\t<\/div>\n\t\t\t\t<\/div>\n\t\t\t\t<div class=\"hf-narrow-center-div elementor-element elementor-element-856b62c elementor-widget elementor-widget-text-editor\" data-id=\"856b62c\" data-element_type=\"widget\" data-widget_type=\"text-editor.default\">\n\t\t\t\t<div class=\"elementor-widget-container\">\n\t\t\t\t\t\t\t\t\t<p>Aftenens v\u00e6rter, Louise Wolff og Steen Langeberg, f\u00f8rte seerne trygt igennem en r\u00f8rende, inspirerende og underholdende aften, hvor b\u00e5de hjertesk\u00e6rende livshistorier og banebrydende forskning blev formidlet med varme og n\u00e6rv\u00e6r. Det var i sandhed en aften, der havde hjertet som midtpunkt og et m\u00e5l om at p\u00e5pege vigtigheden af et kontinuerligt fokus p\u00e5 hjertesundhed.<\/p><p>Hjertegalla 2025 b\u00f8d blandt andet p\u00e5 flere interessante indslag om den nyeste behandling af hjertesygdomme og om de mentale udfordringer, der kan opst\u00e5 for de involverede oven p\u00e5 en hjerteredderindsats. Desuden indeholdt arrangementet en quiz med kendte deltagere som Lasse Rimmer, Rasmus Brohave og Sofie Martinussen.<\/p><p>&#8220;Jeg er dybt taknemmelig for den enorme opbakning, vi har m\u00f8dt i aften. Hver en krone t\u00e6ller i kampen mod hjerte-kar-sygdomme \u2013 og danskerne har virkelig vist, at de st\u00e5r sammen med os. Det er en st\u00e6rk p\u00e5mindelse om, hvor mange der er ber\u00f8rt,&#8221; siger Anne Kaltoft, adm. direkt\u00f8r i Hjerteforeningen, og forts\u00e6tter:<\/p><p>&#8220;Med over 670.000 danskere, som lever med hjerte-kar-sygdom, og over 65.000 nye tilf\u00e6lde hvert \u00e5r er behovet for forskning, forebyggelse og st\u00f8tte til patienter og p\u00e5r\u00f8rende st\u00f8rre end nogensinde. De indsamlede midler g\u00f8r en reel forskel.&#8221;<\/p><h3>R\u00f8rende og underholdende<\/h3><p>Ogs\u00e5 hos TV 2 er der stor begejstring over aftenens resultat:<\/p><p>&#8220;Det er fantastisk at opleve, hvordan danskerne engagerer sig \u2013 b\u00e5de foran sk\u00e6rmen og med donationer. Hjertegalla har udviklet sig til et b\u00e5de r\u00f8rende og underholdende format, og jeg vil gerne sige en stor tak til alle, der har bakket op om sagen,&#8221; siger Mads Volck, redakt\u00f8r p\u00e5 TV 2.<\/p><p>\u00c5rets Hjerteredder blev som vanligt hyldet i samarbejde med den uddelende forening \u00d8stifterne, og titlen gik i \u00e5r til de to br\u00f8dre Johan og Mads Vindal \u00d8hrwald fra Helsing\u00f8r, som reddede deres far, der under en familieferie i Island fik hjertestop p\u00e5 et fjeld.<\/p><p>De indsamlede midler fra \u00e5rets show \u2013 det 14. i r\u00e6kken \u2013 g\u00e5r blandt andet til hjerteforskning, forebyggelsesindsatser samt st\u00f8tte til patienter og p\u00e5r\u00f8rende.<\/p>\t\t\t\t\t\t\t\t<\/div>\n\t\t\t\t<\/div>\n\t\t\t\t<div class=\"elementor-element elementor-element-bd96546 elementor-widget elementor-widget-faktaboks\" data-id=\"bd96546\" data-element_type=\"widget\" data-widget_type=\"faktaboks.default\">\n\t\t\t\t<div class=\"elementor-widget-container\">\n\t\t\t\t\t        <div class=\"hf-standard-width-container\">\n            <div class=\"faktabox-base bg-primary\">\n                <div class=\"faktabox-title hf-header-m \">\n                    Fakta om hjertesygdom                <\/div>\n\n                <div  >            \n                    <ul><li><strong>Omkring 672.000 danskere<\/strong> lever med en hjerte-kar-sygdom.<\/li><li><strong>Hvert \u00e5r rammes<\/strong> cirka 65.600 danskere af en hjerte-kar-sygdom.<\/li><li><strong>En ud af fem d\u00f8r<\/strong> af en hjerte-kar-sygdom. Det er cirka 12.100 danskere om \u00e5ret.<\/li><li><strong>Antallet af d\u00f8dsfald<\/strong>, som skyldes hjerte-kar-sygdom, er mere end halveret siden 1995.<\/li><li><strong>Omkring 500 b\u00f8rn<\/strong> f\u00e5r hvert \u00e5r konstateret en medf\u00f8dt hjertesygdom i de f\u00f8rste tre m\u00e5neder efter f\u00f8dslen.<\/li><li><strong>Nogle medf\u00f8dte hjertefejl<\/strong> opdages f\u00f8rst senere i livet. Hvert \u00e5r bliver i alt cirka 1.400 danskere diagnosticeret med en medf\u00f8dt hjertesygdom.<\/li><\/ul>                <\/div>\n            <\/div>\n        <\/div>\n    \t\t\t\t<\/div>\n\t\t\t\t<\/div>\n\t\t\t\t\t<\/div>\n\t\t\t\t<\/div>\n\t\t\t\t<\/div>\n\t\t","protected":false},"excerpt":{"rendered":"<p>Hjertegalla 2025 blev en stor succes Hjertegalla 2025 p\u00e5 TV 2 Charlie og TV 2 Play blev en bev\u00e6gende og festlig aften, hvor danskerne endnu en gang viste imponerende opbakning til hjertesagen med et indsamlet bel\u00f8b, der i \u00e5r endte p\u00e5 23.590.152 kr. I \u00e5r var det ekstra mange egen-indsamlinger, donationer fra virksomheder og et [&hellip;]<\/p>\n","protected":false},"author":8,"featured_media":0,"parent":0,"menu_order":0,"comment_status":"closed","ping_status":"closed","template":"","meta":{"_acf_changed":true,"footnotes":""},"global-tag":[],"class_list":["post-1057","page","type-page","status-publish","hentry"],"yoast_head":"<!-- This site is optimized with the Yoast SEO Premium plugin v23.5 (Yoast SEO v26.2) - https:\/\/yoast.com\/wordpress\/plugins\/seo\/ -->\n<title>Hjertegalla 2025 blev en stor succes - Hjertegalla<\/title>\n<meta name=\"robots\" content=\"index, follow, max-snippet:-1, max-image-preview:large, max-video-preview:-1\" \/>\n<link rel=\"canonical\" href=\"https:\/\/hjerteforeningen.dk\/hjertegalla\/hjertegalla-2025-blev-en-stor-succes\/\" \/>\n<meta property=\"og:locale\" content=\"da_DK\" \/>\n<meta property=\"og:type\" content=\"article\" \/>\n<meta property=\"og:title\" content=\"Hjertegalla 2025 blev en stor succes\" \/>\n<meta property=\"og:description\" content=\"Hjertegalla 2025 blev en stor succes Hjertegalla 2025 p\u00e5 TV 2 Charlie og TV 2 Play blev en bev\u00e6gende og festlig aften, hvor danskerne endnu en gang viste imponerende opbakning til hjertesagen med et indsamlet bel\u00f8b, der i \u00e5r endte p\u00e5 23.590.152 kr. I \u00e5r var det ekstra mange egen-indsamlinger, donationer fra virksomheder og et [&hellip;]\" \/>\n<meta property=\"og:url\" content=\"https:\/\/hjerteforeningen.dk\/hjertegalla\/hjertegalla-2025-blev-en-stor-succes\/\" \/>\n<meta property=\"og:site_name\" content=\"Hjertegalla\" \/>\n<meta property=\"article:modified_time\" content=\"2025-09-14T05:47:57+00:00\" \/>\n<meta property=\"og:image\" content=\"https:\/\/hjerteforeningen.dk\/hjertegalla\/wp-content\/uploads\/sites\/3\/2025\/09\/TV2_HjerteGalla_2025_098.jpg\" \/>\n<meta name=\"twitter:card\" content=\"summary_large_image\" \/>\n<meta name=\"twitter:label1\" content=\"Estimeret l\u00e6setid\" \/>\n\t<meta name=\"twitter:data1\" content=\"3 minutter\" \/>\n<script type=\"application\/ld+json\" class=\"yoast-schema-graph\">{\"@context\":\"https:\/\/schema.org\",\"@graph\":[{\"@type\":\"WebPage\",\"@id\":\"https:\/\/hjerteforeningen.dk\/hjertegalla\/hjertegalla-2025-blev-en-stor-succes\/\",\"url\":\"https:\/\/hjerteforeningen.dk\/hjertegalla\/hjertegalla-2025-blev-en-stor-succes\/\",\"name\":\"Hjertegalla 2025 blev en stor succes - Hjertegalla\",\"isPartOf\":{\"@id\":\"https:\/\/hjerteforeningen.dk\/hjertegalla\/#website\"},\"primaryImageOfPage\":{\"@id\":\"https:\/\/hjerteforeningen.dk\/hjertegalla\/hjertegalla-2025-blev-en-stor-succes\/#primaryimage\"},\"image\":{\"@id\":\"https:\/\/hjerteforeningen.dk\/hjertegalla\/hjertegalla-2025-blev-en-stor-succes\/#primaryimage\"},\"thumbnailUrl\":\"https:\/\/hjerteforeningen.dk\/hjertegalla\/wp-content\/uploads\/sites\/3\/2025\/09\/TV2_HjerteGalla_2025_098.jpg\",\"datePublished\":\"2025-09-13T18:50:13+00:00\",\"dateModified\":\"2025-09-14T05:47:57+00:00\",\"breadcrumb\":{\"@id\":\"https:\/\/hjerteforeningen.dk\/hjertegalla\/hjertegalla-2025-blev-en-stor-succes\/#breadcrumb\"},\"inLanguage\":\"da-DK\",\"potentialAction\":[{\"@type\":\"ReadAction\",\"target\":[\"https:\/\/hjerteforeningen.dk\/hjertegalla\/hjertegalla-2025-blev-en-stor-succes\/\"]}]},{\"@type\":\"ImageObject\",\"inLanguage\":\"da-DK\",\"@id\":\"https:\/\/hjerteforeningen.dk\/hjertegalla\/hjertegalla-2025-blev-en-stor-succes\/#primaryimage\",\"url\":\"https:\/\/hjerteforeningen.dk\/hjertegalla\/wp-content\/uploads\/sites\/3\/2025\/09\/TV2_HjerteGalla_2025_098.jpg\",\"contentUrl\":\"https:\/\/hjerteforeningen.dk\/hjertegalla\/wp-content\/uploads\/sites\/3\/2025\/09\/TV2_HjerteGalla_2025_098.jpg\",\"width\":984,\"height\":656},{\"@type\":\"BreadcrumbList\",\"@id\":\"https:\/\/hjerteforeningen.dk\/hjertegalla\/hjertegalla-2025-blev-en-stor-succes\/#breadcrumb\",\"itemListElement\":[{\"@type\":\"ListItem\",\"position\":1,\"name\":\"Home\",\"item\":\"https:\/\/hjerteforeningen.dk\/hjertegalla\/\"},{\"@type\":\"ListItem\",\"position\":2,\"name\":\"Hjertegalla 2025 blev en stor succes\"}]},{\"@type\":\"WebSite\",\"@id\":\"https:\/\/hjerteforeningen.dk\/hjertegalla\/#website\",\"url\":\"https:\/\/hjerteforeningen.dk\/hjertegalla\/\",\"name\":\"Hjertegalla\",\"description\":\"\",\"publisher\":{\"@id\":\"https:\/\/hjerteforeningen.dk\/hjertegalla\/#organization\"},\"potentialAction\":[{\"@type\":\"SearchAction\",\"target\":{\"@type\":\"EntryPoint\",\"urlTemplate\":\"https:\/\/hjerteforeningen.dk\/hjertegalla\/?s={search_term_string}\"},\"query-input\":{\"@type\":\"PropertyValueSpecification\",\"valueRequired\":true,\"valueName\":\"search_term_string\"}}],\"inLanguage\":\"da-DK\"},{\"@type\":\"Organization\",\"@id\":\"https:\/\/hjerteforeningen.dk\/hjertegalla\/#organization\",\"name\":\"Hjertegalla\",\"url\":\"https:\/\/hjerteforeningen.dk\/hjertegalla\/\",\"logo\":{\"@type\":\"ImageObject\",\"inLanguage\":\"da-DK\",\"@id\":\"https:\/\/hjerteforeningen.dk\/hjertegalla\/#\/schema\/logo\/image\/\",\"url\":\"https:\/\/hjerteforeningen.dk\/hjertegalla\/wp-content\/uploads\/sites\/3\/2024\/08\/cropped-cropped-cropped-weblogo-HG.png\",\"contentUrl\":\"https:\/\/hjerteforeningen.dk\/hjertegalla\/wp-content\/uploads\/sites\/3\/2024\/08\/cropped-cropped-cropped-weblogo-HG.png\",\"width\":173,\"height\":49,\"caption\":\"Hjertegalla\"},\"image\":{\"@id\":\"https:\/\/hjerteforeningen.dk\/hjertegalla\/#\/schema\/logo\/image\/\"}}]}<\/script>\n<!-- \/ Yoast SEO Premium plugin. -->","yoast_head_json":{"title":"Hjertegalla 2025 blev en stor succes - Hjertegalla","robots":{"index":"index","follow":"follow","max-snippet":"max-snippet:-1","max-image-preview":"max-image-preview:large","max-video-preview":"max-video-preview:-1"},"canonical":"https:\/\/hjerteforeningen.dk\/hjertegalla\/hjertegalla-2025-blev-en-stor-succes\/","og_locale":"da_DK","og_type":"article","og_title":"Hjertegalla 2025 blev en stor succes","og_description":"Hjertegalla 2025 blev en stor succes Hjertegalla 2025 p\u00e5 TV 2 Charlie og TV 2 Play blev en bev\u00e6gende og festlig aften, hvor danskerne endnu en gang viste imponerende opbakning til hjertesagen med et indsamlet bel\u00f8b, der i \u00e5r endte p\u00e5 23.590.152 kr. I \u00e5r var det ekstra mange egen-indsamlinger, donationer fra virksomheder og et [&hellip;]","og_url":"https:\/\/hjerteforeningen.dk\/hjertegalla\/hjertegalla-2025-blev-en-stor-succes\/","og_site_name":"Hjertegalla","article_modified_time":"2025-09-14T05:47:57+00:00","og_image":[{"url":"https:\/\/hjerteforeningen.dk\/hjertegalla\/wp-content\/uploads\/sites\/3\/2025\/09\/TV2_HjerteGalla_2025_098.jpg","type":"","width":"","height":""}],"twitter_card":"summary_large_image","twitter_misc":{"Estimeret l\u00e6setid":"3 minutter"},"schema":{"@context":"https:\/\/schema.org","@graph":[{"@type":"WebPage","@id":"https:\/\/hjerteforeningen.dk\/hjertegalla\/hjertegalla-2025-blev-en-stor-succes\/","url":"https:\/\/hjerteforeningen.dk\/hjertegalla\/hjertegalla-2025-blev-en-stor-succes\/","name":"Hjertegalla 2025 blev en stor succes - Hjertegalla","isPartOf":{"@id":"https:\/\/hjerteforeningen.dk\/hjertegalla\/#website"},"primaryImageOfPage":{"@id":"https:\/\/hjerteforeningen.dk\/hjertegalla\/hjertegalla-2025-blev-en-stor-succes\/#primaryimage"},"image":{"@id":"https:\/\/hjerteforeningen.dk\/hjertegalla\/hjertegalla-2025-blev-en-stor-succes\/#primaryimage"},"thumbnailUrl":"https:\/\/hjerteforeningen.dk\/hjertegalla\/wp-content\/uploads\/sites\/3\/2025\/09\/TV2_HjerteGalla_2025_098.jpg","datePublished":"2025-09-13T18:50:13+00:00","dateModified":"2025-09-14T05:47:57+00:00","breadcrumb":{"@id":"https:\/\/hjerteforeningen.dk\/hjertegalla\/hjertegalla-2025-blev-en-stor-succes\/#breadcrumb"},"inLanguage":"da-DK","potentialAction":[{"@type":"ReadAction","target":["https:\/\/hjerteforeningen.dk\/hjertegalla\/hjertegalla-2025-blev-en-stor-succes\/"]}]},{"@type":"ImageObject","inLanguage":"da-DK","@id":"https:\/\/hjerteforeningen.dk\/hjertegalla\/hjertegalla-2025-blev-en-stor-succes\/#primaryimage","url":"https:\/\/hjerteforeningen.dk\/hjertegalla\/wp-content\/uploads\/sites\/3\/2025\/09\/TV2_HjerteGalla_2025_098.jpg","contentUrl":"https:\/\/hjerteforeningen.dk\/hjertegalla\/wp-content\/uploads\/sites\/3\/2025\/09\/TV2_HjerteGalla_2025_098.jpg","width":984,"height":656},{"@type":"BreadcrumbList","@id":"https:\/\/hjerteforeningen.dk\/hjertegalla\/hjertegalla-2025-blev-en-stor-succes\/#breadcrumb","itemListElement":[{"@type":"ListItem","position":1,"name":"Home","item":"https:\/\/hjerteforeningen.dk\/hjertegalla\/"},{"@type":"ListItem","position":2,"name":"Hjertegalla 2025 blev en stor succes"}]},{"@type":"WebSite","@id":"https:\/\/hjerteforeningen.dk\/hjertegalla\/#website","url":"https:\/\/hjerteforeningen.dk\/hjertegalla\/","name":"Hjertegalla","description":"","publisher":{"@id":"https:\/\/hjerteforeningen.dk\/hjertegalla\/#organization"},"potentialAction":[{"@type":"SearchAction","target":{"@type":"EntryPoint","urlTemplate":"https:\/\/hjerteforeningen.dk\/hjertegalla\/?s={search_term_string}"},"query-input":{"@type":"PropertyValueSpecification","valueRequired":true,"valueName":"search_term_string"}}],"inLanguage":"da-DK"},{"@type":"Organization","@id":"https:\/\/hjerteforeningen.dk\/hjertegalla\/#organization","name":"Hjertegalla","url":"https:\/\/hjerteforeningen.dk\/hjertegalla\/","logo":{"@type":"ImageObject","inLanguage":"da-DK","@id":"https:\/\/hjerteforeningen.dk\/hjertegalla\/#\/schema\/logo\/image\/","url":"https:\/\/hjerteforeningen.dk\/hjertegalla\/wp-content\/uploads\/sites\/3\/2024\/08\/cropped-cropped-cropped-weblogo-HG.png","contentUrl":"https:\/\/hjerteforeningen.dk\/hjertegalla\/wp-content\/uploads\/sites\/3\/2024\/08\/cropped-cropped-cropped-weblogo-HG.png","width":173,"height":49,"caption":"Hjertegalla"},"image":{"@id":"https:\/\/hjerteforeningen.dk\/hjertegalla\/#\/schema\/logo\/image\/"}}]}},"acf":[],"_links":{"self":[{"href":"https:\/\/hjerteforeningen.dk\/hjertegalla\/wp-json\/wp\/v2\/pages\/1057","targetHints":{"allow":["GET"]}}],"collection":[{"href":"https:\/\/hjerteforeningen.dk\/hjertegalla\/wp-json\/wp\/v2\/pages"}],"about":[{"href":"https:\/\/hjerteforeningen.dk\/hjertegalla\/wp-json\/wp\/v2\/types\/page"}],"author":[{"embeddable":true,"href":"https:\/\/hjerteforeningen.dk\/hjertegalla\/wp-json\/wp\/v2\/users\/8"}],"replies":[{"embeddable":true,"href":"https:\/\/hjerteforeningen.dk\/hjertegalla\/wp-json\/wp\/v2\/comments?post=1057"}],"version-history":[{"count":0,"href":"https:\/\/hjerteforeningen.dk\/hjertegalla\/wp-json\/wp\/v2\/pages\/1057\/revisions"}],"wp:attachment":[{"href":"https:\/\/hjerteforeningen.dk\/hjertegalla\/wp-json\/wp\/v2\/media?parent=1057"}],"wp:term":[{"taxonomy":"global-tag","embeddable":true,"href":"https:\/\/hjerteforeningen.dk\/hjertegalla\/wp-json\/wp\/v2\/global-tag?post=1057"}],"curies":[{"name":"wp","href":"https:\/\/api.w.org\/{rel}","templated":true}]}}