{"id":676,"date":"2024-04-02T12:22:06","date_gmt":"2024-04-02T12:22:06","guid":{"rendered":"https:\/\/hjerteforeningen.dk\/fagnet\/?page_id=676"},"modified":"2025-09-15T09:41:47","modified_gmt":"2025-09-15T09:41:47","slug":"tilbud-til-patienter-og-parorende","status":"publish","type":"page","link":"https:\/\/hjerteforeningen.dk\/fagnet\/materialer\/tilbud-til-patienter-og-parorende\/","title":{"rendered":"Tilbud til patienter og p\u00e5r\u00f8rende"},"content":{"rendered":"\t\t<div data-elementor-type=\"wp-page\" data-elementor-id=\"676\" class=\"elementor elementor-676\" data-elementor-post-type=\"page\">\n\t\t\t\t<div class=\"elementor-element elementor-element-d1e7281 e-flex e-con-boxed e-con e-parent\" data-id=\"d1e7281\" data-element_type=\"container\">\n\t\t\t\t\t<div class=\"e-con-inner\">\n\t\t\t\t<div class=\"hf-narrow-center-div elementor-element elementor-element-11d571b elementor-widget elementor-widget-text-editor\" data-id=\"11d571b\" data-element_type=\"widget\" data-widget_type=\"text-editor.default\">\n\t\t\t\t<div class=\"elementor-widget-container\">\n\t\t\t\t\t\t\t\t\t<p>Her ser du et overblik over Hjerteforeningens tilbud og aktiviteter m\u00e5lrettet hjertepatienter og deres p\u00e5r\u00f8rende.<\/p>\t\t\t\t\t\t\t\t<\/div>\n\t\t\t\t<\/div>\n\t\t\t\t\t<\/div>\n\t\t\t\t<\/div>\n\t\t<div class=\"elementor-element elementor-element-7a23b1b e-flex e-con-boxed e-con e-parent\" data-id=\"7a23b1b\" data-element_type=\"container\">\n\t\t\t\t\t<div class=\"e-con-inner\">\n\t\t\t\t<div class=\"elementor-element elementor-element-a202752 elementor-widget elementor-widget-teaser-small\" data-id=\"a202752\" data-element_type=\"widget\" data-widget_type=\"teaser-small.default\">\n\t\t\t\t<div class=\"elementor-widget-container\">\n\t\t\t\t\t    <div class=\"hf-narrow-center-div no-print\">\n         <a id=\"\" \n         \n            href=\"https:\/\/hjerteforeningen.dk\/hjaelp-og-rad\/fa-professionel-radgivning\/\"\n                target=\"_blank\"\n        class=\"teaser-s-base hover bg-primary-light\">\n                            <div class=\"hf-image-container \">\n                    <img decoding=\"async\" class=\"hf-image \" src=\"https:\/\/hjerteforeningen.dk\/fagnet\/wp-content\/uploads\/sites\/2\/2024\/05\/callcenter-1-150x150.png\" alt=\"En kvindelig medarbejder som sidder klar til at tage telefonen p\u00e5 arbejde.\" \/>\n                <\/div>\n                        <div class=\"hf-text-container\">\n                                <span class=\"hf-teaser-title hf-header-m\">Hjertelinjen  - f\u00e5 professsionel r\u00e5dgivning <\/span>\n            <\/div>\n            <div class=\"hf-teaser-arrow-container\">\n                <img decoding=\"async\" target=\"_blank\" src=\"https:\/\/hjerteforeningen.dk\/fagnet\/wp-content\/themes\/hjerteforeningen-child-theme\/assets\/icons\/arrow-right.svg\" class=\"hf-teaser-arrow\" alt=\"\" \/>\n            <\/div>\n        <\/a>\n    <\/div>\n    \t\t\t\t<\/div>\n\t\t\t\t<\/div>\n\t\t\t\t<div class=\"elementor-element elementor-element-4e9b95b elementor-widget elementor-widget-teaser-small\" data-id=\"4e9b95b\" data-element_type=\"widget\" data-widget_type=\"teaser-small.default\">\n\t\t\t\t<div class=\"elementor-widget-container\">\n\t\t\t\t\t    <div class=\"hf-narrow-center-div no-print\">\n         <a id=\"\" \n         \n            href=\"https:\/\/hjerteforeningen.dk\/hjaelp-og-rad\/tal-med-ligesindede\/patientstotter\/\"\n                target=\"_self\"\n        class=\"teaser-s-base hover bg-primary-light\">\n                            <div class=\"hf-image-container \">\n                    <img decoding=\"async\" class=\"hf-image \" src=\"https:\/\/hjerteforeningen.dk\/fagnet\/wp-content\/uploads\/sites\/2\/2024\/04\/Skaermbillede-2024-04-25-103652-150x150.png\" alt=\"Sk\u00e6rmbillede 2024-04-25 103652\" \/>\n                <\/div>\n                        <div class=\"hf-text-container\">\n                                <span class=\"hf-teaser-title hf-header-m\">Patient og p\u00e5r\u00f8rendest\u00f8tter<\/span>\n            <\/div>\n            <div class=\"hf-teaser-arrow-container\">\n                <img decoding=\"async\" target=\"_self\" src=\"https:\/\/hjerteforeningen.dk\/fagnet\/wp-content\/themes\/hjerteforeningen-child-theme\/assets\/icons\/arrow-right.svg\" class=\"hf-teaser-arrow\" alt=\"\" \/>\n            <\/div>\n        <\/a>\n    <\/div>\n    \t\t\t\t<\/div>\n\t\t\t\t<\/div>\n\t\t\t\t<div class=\"elementor-element elementor-element-693d4e8 elementor-widget elementor-widget-teaser-small\" data-id=\"693d4e8\" data-element_type=\"widget\" data-widget_type=\"teaser-small.default\">\n\t\t\t\t<div class=\"elementor-widget-container\">\n\t\t\t\t\t    <div class=\"hf-narrow-center-div no-print\">\n         <a id=\"\" \n         \n            href=\"https:\/\/gaamed.dk\/\"\n                target=\"_self\"\n        class=\"teaser-s-base hover bg-primary-light\">\n                            <div class=\"hf-image-container \">\n                    <img decoding=\"async\" class=\"hf-image \" src=\"https:\/\/hjerteforeningen.dk\/fagnet\/wp-content\/uploads\/sites\/2\/2017\/11\/Gangtraening-150x150.jpg\" alt=\"Gangtr\u00e6ning\" \/>\n                <\/div>\n                        <div class=\"hf-text-container\">\n                                <span class=\"hf-teaser-title hf-header-m\">G\u00e5 med <\/span>\n            <\/div>\n            <div class=\"hf-teaser-arrow-container\">\n                <img decoding=\"async\" target=\"_self\" src=\"https:\/\/hjerteforeningen.dk\/fagnet\/wp-content\/themes\/hjerteforeningen-child-theme\/assets\/icons\/arrow-right.svg\" class=\"hf-teaser-arrow\" alt=\"\" \/>\n            <\/div>\n        <\/a>\n    <\/div>\n    \t\t\t\t<\/div>\n\t\t\t\t<\/div>\n\t\t\t\t<div class=\"elementor-element elementor-element-65c367b elementor-widget elementor-widget-teaser-small\" data-id=\"65c367b\" data-element_type=\"widget\" data-widget_type=\"teaser-small.default\">\n\t\t\t\t<div class=\"elementor-widget-container\">\n\t\t\t\t\t    <div class=\"hf-narrow-center-div no-print\">\n         <a id=\"\" \n         \n            href=\"https:\/\/hjerteforeningen.dk\/hjaelp-og-rad\/bliv-klogere\/webinar\/\"\n                target=\"_self\"\n        class=\"teaser-s-base hover bg-primary-light\">\n                            <div class=\"hf-image-container \">\n                    <img decoding=\"async\" class=\"hf-image \" src=\"https:\/\/hjerteforeningen.dk\/fagnet\/wp-content\/uploads\/sites\/2\/2023\/05\/Dame-i-stue-150x150.jpg\" alt=\"Dame i stue\" \/>\n                <\/div>\n                        <div class=\"hf-text-container\">\n                                <span class=\"hf-teaser-title hf-header-m\">Webinarer <\/span>\n            <\/div>\n            <div class=\"hf-teaser-arrow-container\">\n                <img decoding=\"async\" target=\"_self\" src=\"https:\/\/hjerteforeningen.dk\/fagnet\/wp-content\/themes\/hjerteforeningen-child-theme\/assets\/icons\/arrow-right.svg\" class=\"hf-teaser-arrow\" alt=\"\" \/>\n            <\/div>\n        <\/a>\n    <\/div>\n    \t\t\t\t<\/div>\n\t\t\t\t<\/div>\n\t\t\t\t<div class=\"elementor-element elementor-element-952f2cc elementor-widget elementor-widget-teaser-small\" data-id=\"952f2cc\" data-element_type=\"widget\" data-widget_type=\"teaser-small.default\">\n\t\t\t\t<div class=\"elementor-widget-container\">\n\t\t\t\t\t    <div class=\"hf-narrow-center-div no-print\">\n         <a id=\"\" \n         \n            href=\"https:\/\/hjerteforeningen.dk\/hjaelp-og-rad\/bliv-klogere\/podcast\/\"\n                target=\"_self\"\n        class=\"teaser-s-base hover bg-primary-light\">\n                            <div class=\"hf-image-container \">\n                    <img decoding=\"async\" class=\"hf-image \" src=\"https:\/\/hjerteforeningen.dk\/fagnet\/wp-content\/uploads\/sites\/2\/2024\/05\/Podcast-150x150.jpg\" alt=\"Podcast\" \/>\n                <\/div>\n                        <div class=\"hf-text-container\">\n                                <span class=\"hf-teaser-title hf-header-m\">Podcast<\/span>\n            <\/div>\n            <div class=\"hf-teaser-arrow-container\">\n                <img decoding=\"async\" target=\"_self\" src=\"https:\/\/hjerteforeningen.dk\/fagnet\/wp-content\/themes\/hjerteforeningen-child-theme\/assets\/icons\/arrow-right.svg\" class=\"hf-teaser-arrow\" alt=\"\" \/>\n            <\/div>\n        <\/a>\n    <\/div>\n    \t\t\t\t<\/div>\n\t\t\t\t<\/div>\n\t\t\t\t<div class=\"elementor-element elementor-element-ed3b242 elementor-widget elementor-widget-teaser-small\" data-id=\"ed3b242\" data-element_type=\"widget\" data-widget_type=\"teaser-small.default\">\n\t\t\t\t<div class=\"elementor-widget-container\">\n\t\t\t\t\t    <div class=\"hf-narrow-center-div no-print\">\n         <a id=\"\" \n         \n            href=\"https:\/\/hjerteforeningen.dk\/\"\n                target=\"_self\"\n        class=\"teaser-s-base hover bg-primary-light\">\n                            <div class=\"hf-image-container \">\n                    <img decoding=\"async\" class=\"hf-image \" src=\"https:\/\/hjerteforeningen.dk\/fagnet\/wp-content\/uploads\/sites\/2\/2017\/11\/Smartphone-150x150.jpg\" alt=\"Smartphone\" \/>\n                <\/div>\n                        <div class=\"hf-text-container\">\n                                <span class=\"hf-teaser-title hf-header-m\">Hjerteforeningen.dk<\/span>\n            <\/div>\n            <div class=\"hf-teaser-arrow-container\">\n                <img decoding=\"async\" target=\"_self\" src=\"https:\/\/hjerteforeningen.dk\/fagnet\/wp-content\/themes\/hjerteforeningen-child-theme\/assets\/icons\/arrow-right.svg\" class=\"hf-teaser-arrow\" alt=\"\" \/>\n            <\/div>\n        <\/a>\n    <\/div>\n    \t\t\t\t<\/div>\n\t\t\t\t<\/div>\n\t\t\t\t<div class=\"elementor-element elementor-element-b9a26cd elementor-widget elementor-widget-teaser-small\" data-id=\"b9a26cd\" data-element_type=\"widget\" data-widget_type=\"teaser-small.default\">\n\t\t\t\t<div class=\"elementor-widget-container\">\n\t\t\t\t\t    <div class=\"hf-narrow-center-div no-print\">\n         <a id=\"\" \n         \n            href=\"https:\/\/hjerteforeningen.dk\/fagnet\/materialer\/\"\n                target=\"_self\"\n        class=\"teaser-s-base hover bg-primary-light\">\n                            <div class=\"hf-image-container \">\n                    <img decoding=\"async\" class=\"hf-image \" src=\"https:\/\/hjerteforeningen.dk\/fagnet\/wp-content\/uploads\/sites\/2\/2023\/04\/Computer-150x150.jpg\" alt=\"Computer\" \/>\n                <\/div>\n                        <div class=\"hf-text-container\">\n                                <span class=\"hf-teaser-title hf-header-m\">Foldere, b\u00f8ger, pjecer og plakater<\/span>\n            <\/div>\n            <div class=\"hf-teaser-arrow-container\">\n                <img decoding=\"async\" target=\"_self\" src=\"https:\/\/hjerteforeningen.dk\/fagnet\/wp-content\/themes\/hjerteforeningen-child-theme\/assets\/icons\/arrow-right.svg\" class=\"hf-teaser-arrow\" alt=\"\" \/>\n            <\/div>\n        <\/a>\n    <\/div>\n    \t\t\t\t<\/div>\n\t\t\t\t<\/div>\n\t\t\t\t\t<\/div>\n\t\t\t\t<\/div>\n\t\t\t\t<\/div>\n\t\t","protected":false},"excerpt":{"rendered":"<p>Her ser du et overblik over Hjerteforeningens tilbud og aktiviteter m\u00e5lrettet hjertepatienter og deres p\u00e5r\u00f8rende. Hjertelinjen &#8211; f\u00e5 professsionel r\u00e5dgivning Patient og p\u00e5r\u00f8rendest\u00f8tter G\u00e5 med Webinarer Podcast Hjerteforeningen.dk Foldere, b\u00f8ger, pjecer og plakater<\/p>\n","protected":false},"author":25,"featured_media":0,"parent":645,"menu_order":0,"comment_status":"closed","ping_status":"closed","template":"","meta":{"_acf_changed":false,"footnotes":""},"global-tag":[],"side-tag":[],"class_list":["post-676","page","type-page","status-publish","hentry"],"yoast_head":"<!-- This site is optimized with the Yoast SEO Premium plugin v23.5 (Yoast SEO v26.2) - https:\/\/yoast.com\/wordpress\/plugins\/seo\/ -->\n<title>Tilbud til patienter og p\u00e5r\u00f8rende - For fagfolk<\/title>\n<meta name=\"description\" content=\"Her kan du se et overblik over Hjerteforeningens tilbud og aktiviteter m\u00e5lrettet hjertepatienter og deres p\u00e5r\u00f8rende.\" \/>\n<meta name=\"robots\" content=\"index, follow, max-snippet:-1, max-image-preview:large, max-video-preview:-1\" \/>\n<link rel=\"canonical\" href=\"https:\/\/hjerteforeningen.dk\/fagnet\/materialer\/tilbud-til-patienter-og-parorende\/\" \/>\n<meta property=\"og:locale\" content=\"da_DK\" \/>\n<meta property=\"og:type\" content=\"article\" \/>\n<meta property=\"og:title\" content=\"Tilbud til patienter og p\u00e5r\u00f8rende - For fagfolk\" \/>\n<meta property=\"og:description\" content=\"Her kan du se et overblik over Hjerteforeningens tilbud og aktiviteter m\u00e5lrettet hjertepatienter og deres p\u00e5r\u00f8rende.\" \/>\n<meta property=\"og:url\" content=\"https:\/\/hjerteforeningen.dk\/fagnet\/materialer\/tilbud-til-patienter-og-parorende\/\" \/>\n<meta property=\"og:site_name\" content=\"For fagfolk\" \/>\n<meta property=\"article:modified_time\" content=\"2025-09-15T09:41:47+00:00\" \/>\n<meta property=\"og:image\" content=\"https:\/\/hjerteforeningen.dk\/fagnet\/wp-content\/uploads\/sites\/2\/2024\/05\/callcenter-1.png\" \/>\n<meta name=\"twitter:card\" content=\"summary_large_image\" \/>\n<meta name=\"twitter:label1\" content=\"Estimeret l\u00e6setid\" \/>\n\t<meta name=\"twitter:data1\" content=\"3 minutter\" \/>\n<script type=\"application\/ld+json\" class=\"yoast-schema-graph\">{\"@context\":\"https:\/\/schema.org\",\"@graph\":[{\"@type\":\"WebPage\",\"@id\":\"https:\/\/hjerteforeningen.dk\/fagnet\/materialer\/tilbud-til-patienter-og-parorende\/\",\"url\":\"https:\/\/hjerteforeningen.dk\/fagnet\/materialer\/tilbud-til-patienter-og-parorende\/\",\"name\":\"Tilbud til patienter og p\u00e5r\u00f8rende - For fagfolk\",\"isPartOf\":{\"@id\":\"https:\/\/hjerteforeningen.dk\/fagnet\/#website\"},\"primaryImageOfPage\":{\"@id\":\"https:\/\/hjerteforeningen.dk\/fagnet\/materialer\/tilbud-til-patienter-og-parorende\/#primaryimage\"},\"image\":{\"@id\":\"https:\/\/hjerteforeningen.dk\/fagnet\/materialer\/tilbud-til-patienter-og-parorende\/#primaryimage\"},\"thumbnailUrl\":\"https:\/\/hjerteforeningen.dk\/fagnet\/wp-content\/uploads\/sites\/2\/2024\/05\/callcenter-1.png\",\"datePublished\":\"2024-04-02T12:22:06+00:00\",\"dateModified\":\"2025-09-15T09:41:47+00:00\",\"description\":\"Her kan du se et overblik over Hjerteforeningens tilbud og aktiviteter m\u00e5lrettet hjertepatienter og deres p\u00e5r\u00f8rende.\",\"breadcrumb\":{\"@id\":\"https:\/\/hjerteforeningen.dk\/fagnet\/materialer\/tilbud-til-patienter-og-parorende\/#breadcrumb\"},\"inLanguage\":\"da-DK\",\"potentialAction\":[{\"@type\":\"ReadAction\",\"target\":[\"https:\/\/hjerteforeningen.dk\/fagnet\/materialer\/tilbud-til-patienter-og-parorende\/\"]}]},{\"@type\":\"ImageObject\",\"inLanguage\":\"da-DK\",\"@id\":\"https:\/\/hjerteforeningen.dk\/fagnet\/materialer\/tilbud-til-patienter-og-parorende\/#primaryimage\",\"url\":\"https:\/\/hjerteforeningen.dk\/fagnet\/wp-content\/uploads\/sites\/2\/2024\/05\/callcenter-1.png\",\"contentUrl\":\"https:\/\/hjerteforeningen.dk\/fagnet\/wp-content\/uploads\/sites\/2\/2024\/05\/callcenter-1.png\",\"width\":1035,\"height\":756,\"caption\":\"En kvindelig medarbejder som sidder klar til at tage telefonen p\u00e5 arbejde.\"},{\"@type\":\"BreadcrumbList\",\"@id\":\"https:\/\/hjerteforeningen.dk\/fagnet\/materialer\/tilbud-til-patienter-og-parorende\/#breadcrumb\",\"itemListElement\":[{\"@type\":\"ListItem\",\"position\":1,\"name\":\"Materialer\",\"item\":\"https:\/\/hjerteforeningen.dk\/fagnet\/materialer\/\"},{\"@type\":\"ListItem\",\"position\":2,\"name\":\"Tilbud til patienter og p\u00e5r\u00f8rende\"}]},{\"@type\":\"WebSite\",\"@id\":\"https:\/\/hjerteforeningen.dk\/fagnet\/#website\",\"url\":\"https:\/\/hjerteforeningen.dk\/fagnet\/\",\"name\":\"For fagfolk\",\"description\":\"For fagfolk\",\"publisher\":{\"@id\":\"https:\/\/hjerteforeningen.dk\/fagnet\/#organization\"},\"potentialAction\":[{\"@type\":\"SearchAction\",\"target\":{\"@type\":\"EntryPoint\",\"urlTemplate\":\"https:\/\/hjerteforeningen.dk\/fagnet\/?s={search_term_string}\"},\"query-input\":{\"@type\":\"PropertyValueSpecification\",\"valueRequired\":true,\"valueName\":\"search_term_string\"}}],\"inLanguage\":\"da-DK\"},{\"@type\":\"Organization\",\"@id\":\"https:\/\/hjerteforeningen.dk\/fagnet\/#organization\",\"name\":\"For fagfolk\",\"url\":\"https:\/\/hjerteforeningen.dk\/fagnet\/\",\"logo\":{\"@type\":\"ImageObject\",\"inLanguage\":\"da-DK\",\"@id\":\"https:\/\/hjerteforeningen.dk\/fagnet\/#\/schema\/logo\/image\/\",\"url\":\"https:\/\/hjerteforeningen.dk\/fagnet\/wp-content\/uploads\/sites\/2\/2025\/05\/logo.svg\",\"contentUrl\":\"https:\/\/hjerteforeningen.dk\/fagnet\/wp-content\/uploads\/sites\/2\/2025\/05\/logo.svg\",\"width\":157,\"height\":65,\"caption\":\"For fagfolk\"},\"image\":{\"@id\":\"https:\/\/hjerteforeningen.dk\/fagnet\/#\/schema\/logo\/image\/\"}}]}<\/script>\n<!-- \/ Yoast SEO Premium plugin. -->","yoast_head_json":{"title":"Tilbud til patienter og p\u00e5r\u00f8rende - For fagfolk","description":"Her kan du se et overblik over Hjerteforeningens tilbud og aktiviteter m\u00e5lrettet hjertepatienter og deres p\u00e5r\u00f8rende.","robots":{"index":"index","follow":"follow","max-snippet":"max-snippet:-1","max-image-preview":"max-image-preview:large","max-video-preview":"max-video-preview:-1"},"canonical":"https:\/\/hjerteforeningen.dk\/fagnet\/materialer\/tilbud-til-patienter-og-parorende\/","og_locale":"da_DK","og_type":"article","og_title":"Tilbud til patienter og p\u00e5r\u00f8rende - For fagfolk","og_description":"Her kan du se et overblik over Hjerteforeningens tilbud og aktiviteter m\u00e5lrettet hjertepatienter og deres p\u00e5r\u00f8rende.","og_url":"https:\/\/hjerteforeningen.dk\/fagnet\/materialer\/tilbud-til-patienter-og-parorende\/","og_site_name":"For fagfolk","article_modified_time":"2025-09-15T09:41:47+00:00","og_image":[{"url":"https:\/\/hjerteforeningen.dk\/fagnet\/wp-content\/uploads\/sites\/2\/2024\/05\/callcenter-1.png","type":"","width":"","height":""}],"twitter_card":"summary_large_image","twitter_misc":{"Estimeret l\u00e6setid":"3 minutter"},"schema":{"@context":"https:\/\/schema.org","@graph":[{"@type":"WebPage","@id":"https:\/\/hjerteforeningen.dk\/fagnet\/materialer\/tilbud-til-patienter-og-parorende\/","url":"https:\/\/hjerteforeningen.dk\/fagnet\/materialer\/tilbud-til-patienter-og-parorende\/","name":"Tilbud til patienter og p\u00e5r\u00f8rende - For fagfolk","isPartOf":{"@id":"https:\/\/hjerteforeningen.dk\/fagnet\/#website"},"primaryImageOfPage":{"@id":"https:\/\/hjerteforeningen.dk\/fagnet\/materialer\/tilbud-til-patienter-og-parorende\/#primaryimage"},"image":{"@id":"https:\/\/hjerteforeningen.dk\/fagnet\/materialer\/tilbud-til-patienter-og-parorende\/#primaryimage"},"thumbnailUrl":"https:\/\/hjerteforeningen.dk\/fagnet\/wp-content\/uploads\/sites\/2\/2024\/05\/callcenter-1.png","datePublished":"2024-04-02T12:22:06+00:00","dateModified":"2025-09-15T09:41:47+00:00","description":"Her kan du se et overblik over Hjerteforeningens tilbud og aktiviteter m\u00e5lrettet hjertepatienter og deres p\u00e5r\u00f8rende.","breadcrumb":{"@id":"https:\/\/hjerteforeningen.dk\/fagnet\/materialer\/tilbud-til-patienter-og-parorende\/#breadcrumb"},"inLanguage":"da-DK","potentialAction":[{"@type":"ReadAction","target":["https:\/\/hjerteforeningen.dk\/fagnet\/materialer\/tilbud-til-patienter-og-parorende\/"]}]},{"@type":"ImageObject","inLanguage":"da-DK","@id":"https:\/\/hjerteforeningen.dk\/fagnet\/materialer\/tilbud-til-patienter-og-parorende\/#primaryimage","url":"https:\/\/hjerteforeningen.dk\/fagnet\/wp-content\/uploads\/sites\/2\/2024\/05\/callcenter-1.png","contentUrl":"https:\/\/hjerteforeningen.dk\/fagnet\/wp-content\/uploads\/sites\/2\/2024\/05\/callcenter-1.png","width":1035,"height":756,"caption":"En kvindelig medarbejder som sidder klar til at tage telefonen p\u00e5 arbejde."},{"@type":"BreadcrumbList","@id":"https:\/\/hjerteforeningen.dk\/fagnet\/materialer\/tilbud-til-patienter-og-parorende\/#breadcrumb","itemListElement":[{"@type":"ListItem","position":1,"name":"Materialer","item":"https:\/\/hjerteforeningen.dk\/fagnet\/materialer\/"},{"@type":"ListItem","position":2,"name":"Tilbud til patienter og p\u00e5r\u00f8rende"}]},{"@type":"WebSite","@id":"https:\/\/hjerteforeningen.dk\/fagnet\/#website","url":"https:\/\/hjerteforeningen.dk\/fagnet\/","name":"For fagfolk","description":"For fagfolk","publisher":{"@id":"https:\/\/hjerteforeningen.dk\/fagnet\/#organization"},"potentialAction":[{"@type":"SearchAction","target":{"@type":"EntryPoint","urlTemplate":"https:\/\/hjerteforeningen.dk\/fagnet\/?s={search_term_string}"},"query-input":{"@type":"PropertyValueSpecification","valueRequired":true,"valueName":"search_term_string"}}],"inLanguage":"da-DK"},{"@type":"Organization","@id":"https:\/\/hjerteforeningen.dk\/fagnet\/#organization","name":"For fagfolk","url":"https:\/\/hjerteforeningen.dk\/fagnet\/","logo":{"@type":"ImageObject","inLanguage":"da-DK","@id":"https:\/\/hjerteforeningen.dk\/fagnet\/#\/schema\/logo\/image\/","url":"https:\/\/hjerteforeningen.dk\/fagnet\/wp-content\/uploads\/sites\/2\/2025\/05\/logo.svg","contentUrl":"https:\/\/hjerteforeningen.dk\/fagnet\/wp-content\/uploads\/sites\/2\/2025\/05\/logo.svg","width":157,"height":65,"caption":"For fagfolk"},"image":{"@id":"https:\/\/hjerteforeningen.dk\/fagnet\/#\/schema\/logo\/image\/"}}]}},"acf":[],"_links":{"self":[{"href":"https:\/\/hjerteforeningen.dk\/fagnet\/wp-json\/wp\/v2\/pages\/676","targetHints":{"allow":["GET"]}}],"collection":[{"href":"https:\/\/hjerteforeningen.dk\/fagnet\/wp-json\/wp\/v2\/pages"}],"about":[{"href":"https:\/\/hjerteforeningen.dk\/fagnet\/wp-json\/wp\/v2\/types\/page"}],"author":[{"embeddable":true,"href":"https:\/\/hjerteforeningen.dk\/fagnet\/wp-json\/wp\/v2\/users\/25"}],"replies":[{"embeddable":true,"href":"https:\/\/hjerteforeningen.dk\/fagnet\/wp-json\/wp\/v2\/comments?post=676"}],"version-history":[{"count":0,"href":"https:\/\/hjerteforeningen.dk\/fagnet\/wp-json\/wp\/v2\/pages\/676\/revisions"}],"up":[{"embeddable":true,"href":"https:\/\/hjerteforeningen.dk\/fagnet\/wp-json\/wp\/v2\/pages\/645"}],"wp:attachment":[{"href":"https:\/\/hjerteforeningen.dk\/fagnet\/wp-json\/wp\/v2\/media?parent=676"}],"wp:term":[{"taxonomy":"global-tag","embeddable":true,"href":"https:\/\/hjerteforeningen.dk\/fagnet\/wp-json\/wp\/v2\/global-tag?post=676"},{"taxonomy":"side-tag","embeddable":true,"href":"https:\/\/hjerteforeningen.dk\/fagnet\/wp-json\/wp\/v2\/side-tag?post=676"}],"curies":[{"name":"wp","href":"https:\/\/api.w.org\/{rel}","templated":true}]}}