{"id":663,"date":"2024-04-02T12:14:14","date_gmt":"2024-04-02T12:14:14","guid":{"rendered":"https:\/\/hjerteforeningen.dk\/fagnet\/?page_id=663"},"modified":"2025-03-12T09:09:58","modified_gmt":"2025-03-12T09:09:58","slug":"det-digitale-sundhedscenter","status":"publish","type":"page","link":"https:\/\/hjerteforeningen.dk\/fagnet\/digital-laering\/det-digitale-sundhedscenter\/","title":{"rendered":"Podcast"},"content":{"rendered":"\t\t<div data-elementor-type=\"wp-page\" data-elementor-id=\"663\" class=\"elementor elementor-663\" data-elementor-post-type=\"page\">\n\t\t\t\t<div class=\"elementor-element elementor-element-ae7966b e-flex e-con-boxed e-con e-parent\" data-id=\"ae7966b\" data-element_type=\"container\">\n\t\t\t\t\t<div class=\"e-con-inner\">\n\t\t\t\t<div class=\"hf-narrow-center-div elementor-element elementor-element-aea6a10 elementor-widget elementor-widget-text-editor\" data-id=\"aea6a10\" data-element_type=\"widget\" data-widget_type=\"text-editor.default\">\n\t\t\t\t<div class=\"elementor-widget-container\">\n\t\t\t\t\t\t\t\t\t<p>Du finder alle podcasts i linket nedenfor eller der, hvor du normalt henter dine podcasts\u00a0 fx Apple\/Google podcasts, Spotify,\u00a0 Podimo. S\u00f8g p\u00e5 &#8220;Hjertekammeret&#8221;<\/p>\t\t\t\t\t\t\t\t<\/div>\n\t\t\t\t<\/div>\n\t\t\t\t<div class=\"hf-narrow-center-div elementor-element elementor-element-8eb83b7 elementor-widget elementor-widget-image\" data-id=\"8eb83b7\" data-element_type=\"widget\" data-widget_type=\"image.default\">\n\t\t\t\t<div class=\"elementor-widget-container\">\n\t\t\t\t\t\t\t\t\t\t\t\t\t\t\t<img fetchpriority=\"high\" decoding=\"async\" width=\"800\" height=\"512\" src=\"https:\/\/hjerteforeningen.dk\/fagnet\/wp-content\/uploads\/sites\/2\/2024\/05\/Podcast-laeger-taet-pa-redigeret.png\" class=\"attachment-large size-large wp-image-1266\" alt=\"\" srcset=\"https:\/\/hjerteforeningen.dk\/fagnet\/wp-content\/uploads\/sites\/2\/2024\/05\/Podcast-laeger-taet-pa-redigeret.png 938w, https:\/\/hjerteforeningen.dk\/fagnet\/wp-content\/uploads\/sites\/2\/2024\/05\/Podcast-laeger-taet-pa-redigeret-300x192.png 300w, https:\/\/hjerteforeningen.dk\/fagnet\/wp-content\/uploads\/sites\/2\/2024\/05\/Podcast-laeger-taet-pa-redigeret-768x491.png 768w\" sizes=\"(max-width: 800px) 100vw, 800px\" \/>\t\t\t\t\t\t\t\t\t\t\t\t\t\t\t<\/div>\n\t\t\t\t<\/div>\n\t\t\t\t<div class=\"hf-narrow-center-div elementor-element elementor-element-51d3d86 elementor-widget elementor-widget-text-editor\" data-id=\"51d3d86\" data-element_type=\"widget\" data-widget_type=\"text-editor.default\">\n\t\t\t\t<div class=\"elementor-widget-container\">\n\t\t\t\t\t\t\t\t\t<p>Podcastens v\u00e6rter er l\u00e6gerne Annemie Stege Bojer og Marie Bayer Elming, som til dagligt arbejder inden for kardiologien.<\/p>\t\t\t\t\t\t\t\t<\/div>\n\t\t\t\t<\/div>\n\t\t\t\t<div class=\"hf-narrow-center-div elementor-element elementor-element-ae241aa elementor-widget elementor-widget-text-editor\" data-id=\"ae241aa\" data-element_type=\"widget\" data-widget_type=\"text-editor.default\">\n\t\t\t\t<div class=\"elementor-widget-container\">\n\t\t\t\t\t\t\t\t\t<p>Alle podcasts er i udgangspunktet m\u00e5lrettet patienter og p\u00e5r\u00f8rende. Men mange sundhedsprofessionelle lytter ogs\u00e5 med, n\u00e5r der er behov for et hurtigt og opdateret overblik over et givet emne. Kort fortalt f\u00e5r du som lytter uforstyrret adgang til en fagekspert, som p\u00e5 under en halv time giver dig opdateret viden om et givet emne.<\/p>\t\t\t\t\t\t\t\t<\/div>\n\t\t\t\t<\/div>\n\t\t\t\t<div class=\"elementor-element elementor-element-a78c3ef elementor-widget elementor-widget-teaser-small\" data-id=\"a78c3ef\" data-element_type=\"widget\" data-widget_type=\"teaser-small.default\">\n\t\t\t\t<div class=\"elementor-widget-container\">\n\t\t\t\t\t    <div class=\"hf-narrow-center-div no-print\">\n         <a id=\"\" \n         \n            href=\"https:\/\/hjerteforeningen.dk\/podcast\/\"\n                target=\"\"\n        class=\"teaser-s-base hover bg-primary-light\">\n                            <div class=\"hf-image-container \">\n                    <img decoding=\"async\" class=\"hf-image \" src=\"https:\/\/hjerteforeningen.dk\/fagnet\/wp-content\/uploads\/sites\/2\/2024\/05\/Podcast-150x150.jpg\" alt=\"Podcast\" \/>\n                <\/div>\n                        <div class=\"hf-text-container\">\n                                <span class=\"hf-teaser-title hf-header-m\">Oversigt over alle podcasts<\/span>\n            <\/div>\n            <div class=\"hf-teaser-arrow-container\">\n                <img decoding=\"async\" target=\"\" src=\"https:\/\/hjerteforeningen.dk\/fagnet\/wp-content\/themes\/hjerteforeningen-child-theme\/assets\/icons\/arrow-right.svg\" class=\"hf-teaser-arrow\" alt=\"\" \/>\n            <\/div>\n        <\/a>\n    <\/div>\n    \t\t\t\t<\/div>\n\t\t\t\t<\/div>\n\t\t\t\t\t<\/div>\n\t\t\t\t<\/div>\n\t\t<div class=\"elementor-element elementor-element-676b431 e-flex e-con-boxed e-con e-parent\" data-id=\"676b431\" data-element_type=\"container\">\n\t\t\t\t\t<div class=\"e-con-inner\">\n\t\t\t\t\t<\/div>\n\t\t\t\t<\/div>\n\t\t<div class=\"elementor-element elementor-element-b7f7ed0 e-con-full e-flex e-con e-parent\" data-id=\"b7f7ed0\" data-element_type=\"container\">\n\t\t\t\t<\/div>\n\t\t<div class=\"elementor-element elementor-element-268b68b e-flex e-con-boxed e-con e-parent\" data-id=\"268b68b\" data-element_type=\"container\">\n\t\t\t\t\t<div class=\"e-con-inner\">\n\t\t\t\t\t<\/div>\n\t\t\t\t<\/div>\n\t\t\t\t<\/div>\n\t\t","protected":false},"excerpt":{"rendered":"<p>&#8220;Hjertekammeret&#8221; er Hjerteforeningens podcastkanal<\/p>\n","protected":false},"author":25,"featured_media":0,"parent":644,"menu_order":0,"comment_status":"closed","ping_status":"closed","template":"","meta":{"_acf_changed":false,"footnotes":""},"global-tag":[],"side-tag":[],"class_list":["post-663","page","type-page","status-publish","hentry"],"yoast_head":"<!-- This site is optimized with the Yoast SEO Premium plugin v23.5 (Yoast SEO v26.2) - https:\/\/yoast.com\/wordpress\/plugins\/seo\/ -->\n<title>Podcast - For fagfolk<\/title>\n<meta name=\"robots\" content=\"index, follow, max-snippet:-1, max-image-preview:large, max-video-preview:-1\" \/>\n<link rel=\"canonical\" href=\"https:\/\/hjerteforeningen.dk\/fagnet\/digital-laering\/det-digitale-sundhedscenter\/\" \/>\n<meta property=\"og:locale\" content=\"da_DK\" \/>\n<meta property=\"og:type\" content=\"article\" \/>\n<meta property=\"og:title\" content=\"Podcast - For fagfolk\" \/>\n<meta property=\"og:description\" content=\"&quot;Hjertekammeret&quot; er Hjerteforeningens podcastkanal\" \/>\n<meta property=\"og:url\" content=\"https:\/\/hjerteforeningen.dk\/fagnet\/digital-laering\/det-digitale-sundhedscenter\/\" \/>\n<meta property=\"og:site_name\" content=\"For fagfolk\" \/>\n<meta property=\"article:modified_time\" content=\"2025-03-12T09:09:58+00:00\" \/>\n<meta property=\"og:image\" content=\"https:\/\/hjerteforeningen.dk\/fagnet\/wp-content\/uploads\/sites\/2\/2024\/05\/Podcast-laeger-taet-pa-redigeret.png\" \/>\n<meta name=\"twitter:card\" content=\"summary_large_image\" \/>\n<meta name=\"twitter:label1\" content=\"Estimeret l\u00e6setid\" \/>\n\t<meta name=\"twitter:data1\" content=\"2 minutter\" \/>\n<script type=\"application\/ld+json\" class=\"yoast-schema-graph\">{\"@context\":\"https:\/\/schema.org\",\"@graph\":[{\"@type\":\"WebPage\",\"@id\":\"https:\/\/hjerteforeningen.dk\/fagnet\/digital-laering\/det-digitale-sundhedscenter\/\",\"url\":\"https:\/\/hjerteforeningen.dk\/fagnet\/digital-laering\/det-digitale-sundhedscenter\/\",\"name\":\"Podcast - For fagfolk\",\"isPartOf\":{\"@id\":\"https:\/\/hjerteforeningen.dk\/fagnet\/#website\"},\"primaryImageOfPage\":{\"@id\":\"https:\/\/hjerteforeningen.dk\/fagnet\/digital-laering\/det-digitale-sundhedscenter\/#primaryimage\"},\"image\":{\"@id\":\"https:\/\/hjerteforeningen.dk\/fagnet\/digital-laering\/det-digitale-sundhedscenter\/#primaryimage\"},\"thumbnailUrl\":\"https:\/\/hjerteforeningen.dk\/fagnet\/wp-content\/uploads\/sites\/2\/2024\/05\/Podcast-laeger-taet-pa-redigeret.png\",\"datePublished\":\"2024-04-02T12:14:14+00:00\",\"dateModified\":\"2025-03-12T09:09:58+00:00\",\"breadcrumb\":{\"@id\":\"https:\/\/hjerteforeningen.dk\/fagnet\/digital-laering\/det-digitale-sundhedscenter\/#breadcrumb\"},\"inLanguage\":\"da-DK\",\"potentialAction\":[{\"@type\":\"ReadAction\",\"target\":[\"https:\/\/hjerteforeningen.dk\/fagnet\/digital-laering\/det-digitale-sundhedscenter\/\"]}]},{\"@type\":\"ImageObject\",\"inLanguage\":\"da-DK\",\"@id\":\"https:\/\/hjerteforeningen.dk\/fagnet\/digital-laering\/det-digitale-sundhedscenter\/#primaryimage\",\"url\":\"https:\/\/hjerteforeningen.dk\/fagnet\/wp-content\/uploads\/sites\/2\/2024\/05\/Podcast-laeger-taet-pa-redigeret.png\",\"contentUrl\":\"https:\/\/hjerteforeningen.dk\/fagnet\/wp-content\/uploads\/sites\/2\/2024\/05\/Podcast-laeger-taet-pa-redigeret.png\",\"width\":938,\"height\":600},{\"@type\":\"BreadcrumbList\",\"@id\":\"https:\/\/hjerteforeningen.dk\/fagnet\/digital-laering\/det-digitale-sundhedscenter\/#breadcrumb\",\"itemListElement\":[{\"@type\":\"ListItem\",\"position\":1,\"name\":\"Digital l\u00e6ring\",\"item\":\"https:\/\/hjerteforeningen.dk\/fagnet\/digital-laering\/\"},{\"@type\":\"ListItem\",\"position\":2,\"name\":\"Podcast\"}]},{\"@type\":\"WebSite\",\"@id\":\"https:\/\/hjerteforeningen.dk\/fagnet\/#website\",\"url\":\"https:\/\/hjerteforeningen.dk\/fagnet\/\",\"name\":\"For fagfolk\",\"description\":\"For fagfolk\",\"publisher\":{\"@id\":\"https:\/\/hjerteforeningen.dk\/fagnet\/#organization\"},\"potentialAction\":[{\"@type\":\"SearchAction\",\"target\":{\"@type\":\"EntryPoint\",\"urlTemplate\":\"https:\/\/hjerteforeningen.dk\/fagnet\/?s={search_term_string}\"},\"query-input\":{\"@type\":\"PropertyValueSpecification\",\"valueRequired\":true,\"valueName\":\"search_term_string\"}}],\"inLanguage\":\"da-DK\"},{\"@type\":\"Organization\",\"@id\":\"https:\/\/hjerteforeningen.dk\/fagnet\/#organization\",\"name\":\"For fagfolk\",\"url\":\"https:\/\/hjerteforeningen.dk\/fagnet\/\",\"logo\":{\"@type\":\"ImageObject\",\"inLanguage\":\"da-DK\",\"@id\":\"https:\/\/hjerteforeningen.dk\/fagnet\/#\/schema\/logo\/image\/\",\"url\":\"https:\/\/hjerteforeningen.dk\/fagnet\/wp-content\/uploads\/sites\/2\/2025\/05\/logo.svg\",\"contentUrl\":\"https:\/\/hjerteforeningen.dk\/fagnet\/wp-content\/uploads\/sites\/2\/2025\/05\/logo.svg\",\"width\":157,\"height\":65,\"caption\":\"For fagfolk\"},\"image\":{\"@id\":\"https:\/\/hjerteforeningen.dk\/fagnet\/#\/schema\/logo\/image\/\"}}]}<\/script>\n<!-- \/ Yoast SEO Premium plugin. -->","yoast_head_json":{"title":"Podcast - For fagfolk","robots":{"index":"index","follow":"follow","max-snippet":"max-snippet:-1","max-image-preview":"max-image-preview:large","max-video-preview":"max-video-preview:-1"},"canonical":"https:\/\/hjerteforeningen.dk\/fagnet\/digital-laering\/det-digitale-sundhedscenter\/","og_locale":"da_DK","og_type":"article","og_title":"Podcast - For fagfolk","og_description":"\"Hjertekammeret\" er Hjerteforeningens podcastkanal","og_url":"https:\/\/hjerteforeningen.dk\/fagnet\/digital-laering\/det-digitale-sundhedscenter\/","og_site_name":"For fagfolk","article_modified_time":"2025-03-12T09:09:58+00:00","og_image":[{"url":"https:\/\/hjerteforeningen.dk\/fagnet\/wp-content\/uploads\/sites\/2\/2024\/05\/Podcast-laeger-taet-pa-redigeret.png","type":"","width":"","height":""}],"twitter_card":"summary_large_image","twitter_misc":{"Estimeret l\u00e6setid":"2 minutter"},"schema":{"@context":"https:\/\/schema.org","@graph":[{"@type":"WebPage","@id":"https:\/\/hjerteforeningen.dk\/fagnet\/digital-laering\/det-digitale-sundhedscenter\/","url":"https:\/\/hjerteforeningen.dk\/fagnet\/digital-laering\/det-digitale-sundhedscenter\/","name":"Podcast - For fagfolk","isPartOf":{"@id":"https:\/\/hjerteforeningen.dk\/fagnet\/#website"},"primaryImageOfPage":{"@id":"https:\/\/hjerteforeningen.dk\/fagnet\/digital-laering\/det-digitale-sundhedscenter\/#primaryimage"},"image":{"@id":"https:\/\/hjerteforeningen.dk\/fagnet\/digital-laering\/det-digitale-sundhedscenter\/#primaryimage"},"thumbnailUrl":"https:\/\/hjerteforeningen.dk\/fagnet\/wp-content\/uploads\/sites\/2\/2024\/05\/Podcast-laeger-taet-pa-redigeret.png","datePublished":"2024-04-02T12:14:14+00:00","dateModified":"2025-03-12T09:09:58+00:00","breadcrumb":{"@id":"https:\/\/hjerteforeningen.dk\/fagnet\/digital-laering\/det-digitale-sundhedscenter\/#breadcrumb"},"inLanguage":"da-DK","potentialAction":[{"@type":"ReadAction","target":["https:\/\/hjerteforeningen.dk\/fagnet\/digital-laering\/det-digitale-sundhedscenter\/"]}]},{"@type":"ImageObject","inLanguage":"da-DK","@id":"https:\/\/hjerteforeningen.dk\/fagnet\/digital-laering\/det-digitale-sundhedscenter\/#primaryimage","url":"https:\/\/hjerteforeningen.dk\/fagnet\/wp-content\/uploads\/sites\/2\/2024\/05\/Podcast-laeger-taet-pa-redigeret.png","contentUrl":"https:\/\/hjerteforeningen.dk\/fagnet\/wp-content\/uploads\/sites\/2\/2024\/05\/Podcast-laeger-taet-pa-redigeret.png","width":938,"height":600},{"@type":"BreadcrumbList","@id":"https:\/\/hjerteforeningen.dk\/fagnet\/digital-laering\/det-digitale-sundhedscenter\/#breadcrumb","itemListElement":[{"@type":"ListItem","position":1,"name":"Digital l\u00e6ring","item":"https:\/\/hjerteforeningen.dk\/fagnet\/digital-laering\/"},{"@type":"ListItem","position":2,"name":"Podcast"}]},{"@type":"WebSite","@id":"https:\/\/hjerteforeningen.dk\/fagnet\/#website","url":"https:\/\/hjerteforeningen.dk\/fagnet\/","name":"For fagfolk","description":"For fagfolk","publisher":{"@id":"https:\/\/hjerteforeningen.dk\/fagnet\/#organization"},"potentialAction":[{"@type":"SearchAction","target":{"@type":"EntryPoint","urlTemplate":"https:\/\/hjerteforeningen.dk\/fagnet\/?s={search_term_string}"},"query-input":{"@type":"PropertyValueSpecification","valueRequired":true,"valueName":"search_term_string"}}],"inLanguage":"da-DK"},{"@type":"Organization","@id":"https:\/\/hjerteforeningen.dk\/fagnet\/#organization","name":"For fagfolk","url":"https:\/\/hjerteforeningen.dk\/fagnet\/","logo":{"@type":"ImageObject","inLanguage":"da-DK","@id":"https:\/\/hjerteforeningen.dk\/fagnet\/#\/schema\/logo\/image\/","url":"https:\/\/hjerteforeningen.dk\/fagnet\/wp-content\/uploads\/sites\/2\/2025\/05\/logo.svg","contentUrl":"https:\/\/hjerteforeningen.dk\/fagnet\/wp-content\/uploads\/sites\/2\/2025\/05\/logo.svg","width":157,"height":65,"caption":"For fagfolk"},"image":{"@id":"https:\/\/hjerteforeningen.dk\/fagnet\/#\/schema\/logo\/image\/"}}]}},"acf":[],"_links":{"self":[{"href":"https:\/\/hjerteforeningen.dk\/fagnet\/wp-json\/wp\/v2\/pages\/663","targetHints":{"allow":["GET"]}}],"collection":[{"href":"https:\/\/hjerteforeningen.dk\/fagnet\/wp-json\/wp\/v2\/pages"}],"about":[{"href":"https:\/\/hjerteforeningen.dk\/fagnet\/wp-json\/wp\/v2\/types\/page"}],"author":[{"embeddable":true,"href":"https:\/\/hjerteforeningen.dk\/fagnet\/wp-json\/wp\/v2\/users\/25"}],"replies":[{"embeddable":true,"href":"https:\/\/hjerteforeningen.dk\/fagnet\/wp-json\/wp\/v2\/comments?post=663"}],"version-history":[{"count":0,"href":"https:\/\/hjerteforeningen.dk\/fagnet\/wp-json\/wp\/v2\/pages\/663\/revisions"}],"up":[{"embeddable":true,"href":"https:\/\/hjerteforeningen.dk\/fagnet\/wp-json\/wp\/v2\/pages\/644"}],"wp:attachment":[{"href":"https:\/\/hjerteforeningen.dk\/fagnet\/wp-json\/wp\/v2\/media?parent=663"}],"wp:term":[{"taxonomy":"global-tag","embeddable":true,"href":"https:\/\/hjerteforeningen.dk\/fagnet\/wp-json\/wp\/v2\/global-tag?post=663"},{"taxonomy":"side-tag","embeddable":true,"href":"https:\/\/hjerteforeningen.dk\/fagnet\/wp-json\/wp\/v2\/side-tag?post=663"}],"curies":[{"name":"wp","href":"https:\/\/api.w.org\/{rel}","templated":true}]}}