{"id":657,"date":"2024-04-02T11:50:55","date_gmt":"2024-04-02T11:50:55","guid":{"rendered":"https:\/\/hjerteforeningen.dk\/fagnet\/?page_id=657"},"modified":"2025-09-15T09:48:39","modified_gmt":"2025-09-15T09:48:39","slug":"webinarer","status":"publish","type":"page","link":"https:\/\/hjerteforeningen.dk\/fagnet\/digital-laering\/webinarer\/","title":{"rendered":"Webinarer"},"content":{"rendered":"\t\t<div data-elementor-type=\"wp-page\" data-elementor-id=\"657\" class=\"elementor elementor-657\" data-elementor-post-type=\"page\">\n\t\t\t\t<div class=\"elementor-element elementor-element-bb15009 e-flex e-con-boxed e-con e-parent\" data-id=\"bb15009\" data-element_type=\"container\">\n\t\t\t\t\t<div class=\"e-con-inner\">\n\t\t\t\t<div class=\"hf-narrow-center-div elementor-element elementor-element-e304d88 elementor-widget elementor-widget-text-editor\" data-id=\"e304d88\" data-element_type=\"widget\" data-widget_type=\"text-editor.default\">\n\t\t\t\t<div class=\"elementor-widget-container\">\n\t\t\t\t\t\t\t\t\t<h3>Herunder kan du tilmelde dig webinarer samt gense tidligere afholdte webinarer<\/h3>\t\t\t\t\t\t\t\t<\/div>\n\t\t\t\t<\/div>\n\t\t\t\t<div class=\"elementor-element elementor-element-d15e374 elementor-widget elementor-widget-teaser-xlarge\" data-id=\"d15e374\" data-element_type=\"widget\" data-widget_type=\"teaser-xlarge.default\">\n\t\t\t\t<div class=\"elementor-widget-container\">\n\t\t\t\t\t        <div class=\"hf-full-width-wrapper teaser-xl-wrapper\">\n            <div class=\"teaser-xl-base hf-small-width-container  row\">\n                <div class=\"hf-image-container\">\n                     \n                                    <img decoding=\"async\" src=\"https:\/\/hjerteforeningen.dk\/fagnet\/wp-content\/uploads\/sites\/2\/2023\/04\/Computer-768x472.jpg\" class=\"hf-image \" alt=\"Computer\" \/>\n                                        <\/div>\n                <div class=\"text-container\">\n                                        <div class=\"hf-header-xl\">Tilmelding til webinar<\/div>\n                                            <div class=\"hf-divider\"><\/div>\n                                                                <div class=\"hf-text-l\">Her kan du se og tilmelde dig kommende webinarer<\/div>\n                                                                <a id=\"\" \n                         \n                            href=\"https:\/\/hjerteforeningen.dk\/fagnet\/digital-laering\/webinarer\/tilmelding-til-webinar\/\" \n                                                target=\"_self\" class=\"hf-btn\">\n                            Tilmeld her                        <\/a>\n                                    <\/div>\n            <\/div>\n        <\/div>\n    \t\t\t\t<\/div>\n\t\t\t\t<\/div>\n\t\t\t\t<div class=\"elementor-element elementor-element-4241972 elementor-widget elementor-widget-spacer\" data-id=\"4241972\" data-element_type=\"widget\" data-widget_type=\"spacer.default\">\n\t\t\t\t<div class=\"elementor-widget-container\">\n\t\t\t\t\t\t\t<div class=\"elementor-spacer\">\n\t\t\t<div class=\"elementor-spacer-inner\"><\/div>\n\t\t<\/div>\n\t\t\t\t\t\t<\/div>\n\t\t\t\t<\/div>\n\t\t\t\t<div class=\"hf-narrow-center-div elementor-element elementor-element-1b4382c elementor-widget elementor-widget-text-editor\" data-id=\"1b4382c\" data-element_type=\"widget\" data-widget_type=\"text-editor.default\">\n\t\t\t\t<div class=\"elementor-widget-container\">\n\t\t\t\t\t\t\t\t\t<h2>Tidligere afholdte webinarer<\/h2>\t\t\t\t\t\t\t\t<\/div>\n\t\t\t\t<\/div>\n\t\t\t\t\t<\/div>\n\t\t\t\t<\/div>\n\t\t<div class=\"elementor-element elementor-element-337b55b e-flex e-con-boxed e-con e-parent\" data-id=\"337b55b\" data-element_type=\"container\">\n\t\t\t\t\t<div class=\"e-con-inner\">\n\t\t\t\t\t<\/div>\n\t\t\t\t<\/div>\n\t\t<div class=\"elementor-element elementor-element-0d21519 e-flex e-con-boxed e-con e-parent\" data-id=\"0d21519\" data-element_type=\"container\">\n\t\t\t\t\t<div class=\"e-con-inner\">\n\t\t\t\t<div class=\"elementor-element elementor-element-7e2c74f elementor-widget elementor-widget-spacer\" data-id=\"7e2c74f\" data-element_type=\"widget\" data-widget_type=\"spacer.default\">\n\t\t\t\t<div class=\"elementor-widget-container\">\n\t\t\t\t\t\t\t<div class=\"elementor-spacer\">\n\t\t\t<div class=\"elementor-spacer-inner\"><\/div>\n\t\t<\/div>\n\t\t\t\t\t\t<\/div>\n\t\t\t\t<\/div>\n\t\t\t\t<div class=\"hf-narrow-center-div elementor-element elementor-element-1676dd7 elementor-widget elementor-widget-text-editor\" data-id=\"1676dd7\" data-element_type=\"widget\" data-widget_type=\"text-editor.default\">\n\t\t\t\t<div class=\"elementor-widget-container\">\n\t\t\t\t\t\t\t\t\t<h2>Inspirationshistorier\u00a0<\/h2>\t\t\t\t\t\t\t\t<\/div>\n\t\t\t\t<\/div>\n\t\t\t\t<div class=\"elementor-element elementor-element-717ca83 elementor-widget elementor-widget-teaser-group-module\" data-id=\"717ca83\" data-element_type=\"widget\" data-widget_type=\"teaser-group-module.default\">\n\t\t\t\t<div class=\"elementor-widget-container\">\n\t\t\t\t\t    <div class=\"hf-standard-width-container shortcut-wrapper\">\n                <div class=\"shortcut-base teaser-xs\">\n                                <a \n                         \n                            href=\"https:\/\/hjerteforeningen.dk\/fagnet\/fakta\/frederiksberg\/\" \n                                                target=\"\" class=\"teaser-xs-base bg-primary-light hover\">\n                                            <div class=\"hf-image-container\">\n                            <img decoding=\"async\" class=\"hf-image\" src=\"https:\/\/hjerteforeningen.dk\/fagnet\/wp-content\/uploads\/sites\/2\/2023\/08\/iStock-985125958_Web-150x150.jpg\" alt=\"\"\/>\n                        <\/div>\n                                        <div class=\"hf-text-container\">\n                                                    <span class=\"hf-teaser-title hf-header-m\">Kognitiv adf\u00e6rdsterapi &#8211; en inspirationshistorie fra Bispebjerg og Frederiksberg hospital<\/span>\n                                            <\/div>\n                                            <div class=\"hf-teaser-arrow-container\">\n                            <img decoding=\"async\" src=\"https:\/\/hjerteforeningen.dk\/fagnet\/wp-content\/themes\/hjerteforeningen-child-theme\/assets\/icons\/arrow-right.svg\" class=\"hf-teaser-arrow\" alt=\"\" \/>\n                        <\/div>\n                                    <\/a>\n                                <a \n                         \n                            href=\"https:\/\/hjerteforeningen.dk\/fagnet\/fakta\/tvaersektoriel-sparring\/\" \n                                                target=\"\" class=\"teaser-xs-base bg-primary-light hover\">\n                                            <div class=\"hf-image-container\">\n                            <img decoding=\"async\" class=\"hf-image\" src=\"https:\/\/hjerteforeningen.dk\/fagnet\/wp-content\/uploads\/sites\/2\/2023\/04\/Computer-150x150.jpg\" alt=\"\"\/>\n                        <\/div>\n                                        <div class=\"hf-text-container\">\n                                                    <span class=\"hf-teaser-title hf-header-m\">Tv\u00e6rsektoriel virtuel sparring &#8211; en inspirationshistorie<\/span>\n                                            <\/div>\n                                            <div class=\"hf-teaser-arrow-container\">\n                            <img decoding=\"async\" src=\"https:\/\/hjerteforeningen.dk\/fagnet\/wp-content\/themes\/hjerteforeningen-child-theme\/assets\/icons\/arrow-right.svg\" class=\"hf-teaser-arrow\" alt=\"\" \/>\n                        <\/div>\n                                    <\/a>\n                    <\/div>\n    <\/div>\n    \t\t\t\t<\/div>\n\t\t\t\t<\/div>\n\t\t\t\t<div class=\"elementor-element elementor-element-09e5d75 elementor-widget elementor-widget-spacer\" data-id=\"09e5d75\" data-element_type=\"widget\" data-widget_type=\"spacer.default\">\n\t\t\t\t<div class=\"elementor-widget-container\">\n\t\t\t\t\t\t\t<div class=\"elementor-spacer\">\n\t\t\t<div class=\"elementor-spacer-inner\"><\/div>\n\t\t<\/div>\n\t\t\t\t\t\t<\/div>\n\t\t\t\t<\/div>\n\t\t\t\t<div class=\"hf-narrow-center-div elementor-element elementor-element-f013049 elementor-widget elementor-widget-text-editor\" data-id=\"f013049\" data-element_type=\"widget\" data-widget_type=\"text-editor.default\">\n\t\t\t\t<div class=\"elementor-widget-container\">\n\t\t\t\t\t\t\t\t\t<h2>Se eller gense tidligere afholdte webinarer m\u00e5lrettet patienter og p\u00e5r\u00f8rende<\/h2>\t\t\t\t\t\t\t\t<\/div>\n\t\t\t\t<\/div>\n\t\t\t\t\t<\/div>\n\t\t\t\t<\/div>\n\t\t<div class=\"elementor-element elementor-element-16834f2 e-flex e-con-boxed e-con e-parent\" data-id=\"16834f2\" data-element_type=\"container\">\n\t\t\t\t\t<div class=\"e-con-inner\">\n\t\t\t\t<div class=\"elementor-element elementor-element-4a52ba6 elementor-widget elementor-widget-teaser-xxlarge\" data-id=\"4a52ba6\" data-element_type=\"widget\" data-widget_type=\"teaser-xxlarge.default\">\n\t\t\t\t<div class=\"elementor-widget-container\">\n\t\t\t\t\t        <div class=\"hf-full-width-wrapper teaser-xxl-wrapper\">\n            <div class=\"teaser-xxl-base hf-standard-width-container  row\">\n                <div class=\"text-container\">\n                                            <span class=\"hf-text-m\">Webinarer m\u00e5lrettet patienter og p\u00e5r\u00f8rende<\/span>\n                                        <div class=\"hf-header-xl\">Webinarer<\/div>\n                                            <div class=\"hf-divider\"><\/div>\n                                                                <div class=\"hf-text-l\"><\/div>\n                                                                <a id=\"\" \n                                                    href=\"https:\/\/hjerteforeningen.dk\/webinar\/\"\n                                                target=\"_self\" class=\"hf-btn\">\n                            Se her                        <\/a>\n                                    <\/div>\n                <div class=\"hf-image-container image\">\n                     \n                                    <img decoding=\"async\" src=\"https:\/\/hjerteforeningen.dk\/fagnet\/wp-content\/uploads\/sites\/2\/2024\/04\/9fbde710-aa8c-45d6-a506-e676a0ea454c-1024x682.jpg\" class=\"hf-image \" alt=\"9fbde710-aa8c-45d6-a506-e676a0ea454c\" \/>\n                                        <\/div>\n            <\/div>\n        <\/div>\n    \t\t\t\t<\/div>\n\t\t\t\t<\/div>\n\t\t\t\t\t<\/div>\n\t\t\t\t<\/div>\n\t\t<div class=\"elementor-element elementor-element-87fc66d e-flex e-con-boxed e-con e-parent\" data-id=\"87fc66d\" data-element_type=\"container\">\n\t\t\t\t\t<div class=\"e-con-inner\">\n\t\t\t\t\t<\/div>\n\t\t\t\t<\/div>\n\t\t<div class=\"elementor-element elementor-element-b93cda7 e-flex e-con-boxed e-con e-parent\" data-id=\"b93cda7\" data-element_type=\"container\">\n\t\t\t\t\t<div class=\"e-con-inner\">\n\t\t\t\t\t<\/div>\n\t\t\t\t<\/div>\n\t\t<div class=\"elementor-element elementor-element-3795fdf e-flex e-con-boxed e-con e-parent\" data-id=\"3795fdf\" data-element_type=\"container\">\n\t\t\t\t\t<div class=\"e-con-inner\">\n\t\t\t\t\t<\/div>\n\t\t\t\t<\/div>\n\t\t\t\t<\/div>\n\t\t","protected":false},"excerpt":{"rendered":"<p>Herunder kan du tilmelde dig webinarer samt gense tidligere afholdte webinarer Tilmelding til webinar Her kan du se og tilmelde dig kommende webinarer Tilmeld her Tidligere afholdte webinarer Inspirationshistorier\u00a0 Kognitiv adf\u00e6rdsterapi &#8211; en inspirationshistorie fra Bispebjerg og Frederiksberg hospital Tv\u00e6rsektoriel virtuel sparring &#8211; en inspirationshistorie Se eller gense tidligere afholdte webinarer m\u00e5lrettet patienter og p\u00e5r\u00f8rende [&hellip;]<\/p>\n","protected":false},"author":25,"featured_media":944,"parent":644,"menu_order":0,"comment_status":"closed","ping_status":"closed","template":"","meta":{"_acf_changed":false,"footnotes":""},"global-tag":[],"side-tag":[],"class_list":["post-657","page","type-page","status-publish","has-post-thumbnail","hentry"],"yoast_head":"<!-- This site is optimized with the Yoast SEO Premium plugin v23.5 (Yoast SEO v26.2) - https:\/\/yoast.com\/wordpress\/plugins\/seo\/ -->\n<title>Webinarer - For fagfolk<\/title>\n<meta name=\"description\" content=\"Se og tilmeld dig Hjerteforeningens sp\u00e6dende webinarer her p\u00e5 siden. Du kan ogs\u00e5 gense tidligere afholdte webinarer.\" \/>\n<meta name=\"robots\" content=\"index, follow, max-snippet:-1, max-image-preview:large, max-video-preview:-1\" \/>\n<link rel=\"canonical\" href=\"https:\/\/hjerteforeningen.dk\/fagnet\/digital-laering\/webinarer\/\" \/>\n<meta property=\"og:locale\" content=\"da_DK\" \/>\n<meta property=\"og:type\" content=\"article\" \/>\n<meta property=\"og:title\" content=\"Webinarer - For fagfolk\" \/>\n<meta property=\"og:description\" content=\"Se og tilmeld dig Hjerteforeningens sp\u00e6dende webinarer her p\u00e5 siden. Du kan ogs\u00e5 gense tidligere afholdte webinarer.\" \/>\n<meta property=\"og:url\" content=\"https:\/\/hjerteforeningen.dk\/fagnet\/digital-laering\/webinarer\/\" \/>\n<meta property=\"og:site_name\" content=\"For fagfolk\" \/>\n<meta property=\"article:modified_time\" content=\"2025-09-15T09:48:39+00:00\" \/>\n<meta property=\"og:image\" content=\"https:\/\/hjerteforeningen.dk\/fagnet\/wp-content\/uploads\/sites\/2\/2024\/04\/Online.jpg\" \/>\n\t<meta property=\"og:image:width\" content=\"1294\" \/>\n\t<meta property=\"og:image:height\" content=\"862\" \/>\n\t<meta property=\"og:image:type\" content=\"image\/jpeg\" \/>\n<meta name=\"twitter:card\" content=\"summary_large_image\" \/>\n<meta name=\"twitter:label1\" content=\"Estimeret l\u00e6setid\" \/>\n\t<meta name=\"twitter:data1\" content=\"2 minutter\" \/>\n<script type=\"application\/ld+json\" class=\"yoast-schema-graph\">{\"@context\":\"https:\/\/schema.org\",\"@graph\":[{\"@type\":\"WebPage\",\"@id\":\"https:\/\/hjerteforeningen.dk\/fagnet\/digital-laering\/webinarer\/\",\"url\":\"https:\/\/hjerteforeningen.dk\/fagnet\/digital-laering\/webinarer\/\",\"name\":\"Webinarer - For fagfolk\",\"isPartOf\":{\"@id\":\"https:\/\/hjerteforeningen.dk\/fagnet\/#website\"},\"primaryImageOfPage\":{\"@id\":\"https:\/\/hjerteforeningen.dk\/fagnet\/digital-laering\/webinarer\/#primaryimage\"},\"image\":{\"@id\":\"https:\/\/hjerteforeningen.dk\/fagnet\/digital-laering\/webinarer\/#primaryimage\"},\"thumbnailUrl\":\"https:\/\/hjerteforeningen.dk\/fagnet\/wp-content\/uploads\/sites\/2\/2024\/04\/Online.jpg\",\"datePublished\":\"2024-04-02T11:50:55+00:00\",\"dateModified\":\"2025-09-15T09:48:39+00:00\",\"description\":\"Se og tilmeld dig Hjerteforeningens sp\u00e6dende webinarer her p\u00e5 siden. Du kan ogs\u00e5 gense tidligere afholdte webinarer.\",\"breadcrumb\":{\"@id\":\"https:\/\/hjerteforeningen.dk\/fagnet\/digital-laering\/webinarer\/#breadcrumb\"},\"inLanguage\":\"da-DK\",\"potentialAction\":[{\"@type\":\"ReadAction\",\"target\":[\"https:\/\/hjerteforeningen.dk\/fagnet\/digital-laering\/webinarer\/\"]}]},{\"@type\":\"ImageObject\",\"inLanguage\":\"da-DK\",\"@id\":\"https:\/\/hjerteforeningen.dk\/fagnet\/digital-laering\/webinarer\/#primaryimage\",\"url\":\"https:\/\/hjerteforeningen.dk\/fagnet\/wp-content\/uploads\/sites\/2\/2024\/04\/Online.jpg\",\"contentUrl\":\"https:\/\/hjerteforeningen.dk\/fagnet\/wp-content\/uploads\/sites\/2\/2024\/04\/Online.jpg\",\"width\":1294,\"height\":862},{\"@type\":\"BreadcrumbList\",\"@id\":\"https:\/\/hjerteforeningen.dk\/fagnet\/digital-laering\/webinarer\/#breadcrumb\",\"itemListElement\":[{\"@type\":\"ListItem\",\"position\":1,\"name\":\"Digital l\u00e6ring\",\"item\":\"https:\/\/hjerteforeningen.dk\/fagnet\/digital-laering\/\"},{\"@type\":\"ListItem\",\"position\":2,\"name\":\"Webinarer\"}]},{\"@type\":\"WebSite\",\"@id\":\"https:\/\/hjerteforeningen.dk\/fagnet\/#website\",\"url\":\"https:\/\/hjerteforeningen.dk\/fagnet\/\",\"name\":\"For fagfolk\",\"description\":\"For fagfolk\",\"publisher\":{\"@id\":\"https:\/\/hjerteforeningen.dk\/fagnet\/#organization\"},\"potentialAction\":[{\"@type\":\"SearchAction\",\"target\":{\"@type\":\"EntryPoint\",\"urlTemplate\":\"https:\/\/hjerteforeningen.dk\/fagnet\/?s={search_term_string}\"},\"query-input\":{\"@type\":\"PropertyValueSpecification\",\"valueRequired\":true,\"valueName\":\"search_term_string\"}}],\"inLanguage\":\"da-DK\"},{\"@type\":\"Organization\",\"@id\":\"https:\/\/hjerteforeningen.dk\/fagnet\/#organization\",\"name\":\"For fagfolk\",\"url\":\"https:\/\/hjerteforeningen.dk\/fagnet\/\",\"logo\":{\"@type\":\"ImageObject\",\"inLanguage\":\"da-DK\",\"@id\":\"https:\/\/hjerteforeningen.dk\/fagnet\/#\/schema\/logo\/image\/\",\"url\":\"https:\/\/hjerteforeningen.dk\/fagnet\/wp-content\/uploads\/sites\/2\/2025\/05\/logo.svg\",\"contentUrl\":\"https:\/\/hjerteforeningen.dk\/fagnet\/wp-content\/uploads\/sites\/2\/2025\/05\/logo.svg\",\"width\":157,\"height\":65,\"caption\":\"For fagfolk\"},\"image\":{\"@id\":\"https:\/\/hjerteforeningen.dk\/fagnet\/#\/schema\/logo\/image\/\"}}]}<\/script>\n<!-- \/ Yoast SEO Premium plugin. -->","yoast_head_json":{"title":"Webinarer - For fagfolk","description":"Se og tilmeld dig Hjerteforeningens sp\u00e6dende webinarer her p\u00e5 siden. Du kan ogs\u00e5 gense tidligere afholdte webinarer.","robots":{"index":"index","follow":"follow","max-snippet":"max-snippet:-1","max-image-preview":"max-image-preview:large","max-video-preview":"max-video-preview:-1"},"canonical":"https:\/\/hjerteforeningen.dk\/fagnet\/digital-laering\/webinarer\/","og_locale":"da_DK","og_type":"article","og_title":"Webinarer - For fagfolk","og_description":"Se og tilmeld dig Hjerteforeningens sp\u00e6dende webinarer her p\u00e5 siden. Du kan ogs\u00e5 gense tidligere afholdte webinarer.","og_url":"https:\/\/hjerteforeningen.dk\/fagnet\/digital-laering\/webinarer\/","og_site_name":"For fagfolk","article_modified_time":"2025-09-15T09:48:39+00:00","og_image":[{"width":1294,"height":862,"url":"https:\/\/hjerteforeningen.dk\/fagnet\/wp-content\/uploads\/sites\/2\/2024\/04\/Online.jpg","type":"image\/jpeg"}],"twitter_card":"summary_large_image","twitter_misc":{"Estimeret l\u00e6setid":"2 minutter"},"schema":{"@context":"https:\/\/schema.org","@graph":[{"@type":"WebPage","@id":"https:\/\/hjerteforeningen.dk\/fagnet\/digital-laering\/webinarer\/","url":"https:\/\/hjerteforeningen.dk\/fagnet\/digital-laering\/webinarer\/","name":"Webinarer - For fagfolk","isPartOf":{"@id":"https:\/\/hjerteforeningen.dk\/fagnet\/#website"},"primaryImageOfPage":{"@id":"https:\/\/hjerteforeningen.dk\/fagnet\/digital-laering\/webinarer\/#primaryimage"},"image":{"@id":"https:\/\/hjerteforeningen.dk\/fagnet\/digital-laering\/webinarer\/#primaryimage"},"thumbnailUrl":"https:\/\/hjerteforeningen.dk\/fagnet\/wp-content\/uploads\/sites\/2\/2024\/04\/Online.jpg","datePublished":"2024-04-02T11:50:55+00:00","dateModified":"2025-09-15T09:48:39+00:00","description":"Se og tilmeld dig Hjerteforeningens sp\u00e6dende webinarer her p\u00e5 siden. Du kan ogs\u00e5 gense tidligere afholdte webinarer.","breadcrumb":{"@id":"https:\/\/hjerteforeningen.dk\/fagnet\/digital-laering\/webinarer\/#breadcrumb"},"inLanguage":"da-DK","potentialAction":[{"@type":"ReadAction","target":["https:\/\/hjerteforeningen.dk\/fagnet\/digital-laering\/webinarer\/"]}]},{"@type":"ImageObject","inLanguage":"da-DK","@id":"https:\/\/hjerteforeningen.dk\/fagnet\/digital-laering\/webinarer\/#primaryimage","url":"https:\/\/hjerteforeningen.dk\/fagnet\/wp-content\/uploads\/sites\/2\/2024\/04\/Online.jpg","contentUrl":"https:\/\/hjerteforeningen.dk\/fagnet\/wp-content\/uploads\/sites\/2\/2024\/04\/Online.jpg","width":1294,"height":862},{"@type":"BreadcrumbList","@id":"https:\/\/hjerteforeningen.dk\/fagnet\/digital-laering\/webinarer\/#breadcrumb","itemListElement":[{"@type":"ListItem","position":1,"name":"Digital l\u00e6ring","item":"https:\/\/hjerteforeningen.dk\/fagnet\/digital-laering\/"},{"@type":"ListItem","position":2,"name":"Webinarer"}]},{"@type":"WebSite","@id":"https:\/\/hjerteforeningen.dk\/fagnet\/#website","url":"https:\/\/hjerteforeningen.dk\/fagnet\/","name":"For fagfolk","description":"For fagfolk","publisher":{"@id":"https:\/\/hjerteforeningen.dk\/fagnet\/#organization"},"potentialAction":[{"@type":"SearchAction","target":{"@type":"EntryPoint","urlTemplate":"https:\/\/hjerteforeningen.dk\/fagnet\/?s={search_term_string}"},"query-input":{"@type":"PropertyValueSpecification","valueRequired":true,"valueName":"search_term_string"}}],"inLanguage":"da-DK"},{"@type":"Organization","@id":"https:\/\/hjerteforeningen.dk\/fagnet\/#organization","name":"For fagfolk","url":"https:\/\/hjerteforeningen.dk\/fagnet\/","logo":{"@type":"ImageObject","inLanguage":"da-DK","@id":"https:\/\/hjerteforeningen.dk\/fagnet\/#\/schema\/logo\/image\/","url":"https:\/\/hjerteforeningen.dk\/fagnet\/wp-content\/uploads\/sites\/2\/2025\/05\/logo.svg","contentUrl":"https:\/\/hjerteforeningen.dk\/fagnet\/wp-content\/uploads\/sites\/2\/2025\/05\/logo.svg","width":157,"height":65,"caption":"For fagfolk"},"image":{"@id":"https:\/\/hjerteforeningen.dk\/fagnet\/#\/schema\/logo\/image\/"}}]}},"acf":[],"_links":{"self":[{"href":"https:\/\/hjerteforeningen.dk\/fagnet\/wp-json\/wp\/v2\/pages\/657","targetHints":{"allow":["GET"]}}],"collection":[{"href":"https:\/\/hjerteforeningen.dk\/fagnet\/wp-json\/wp\/v2\/pages"}],"about":[{"href":"https:\/\/hjerteforeningen.dk\/fagnet\/wp-json\/wp\/v2\/types\/page"}],"author":[{"embeddable":true,"href":"https:\/\/hjerteforeningen.dk\/fagnet\/wp-json\/wp\/v2\/users\/25"}],"replies":[{"embeddable":true,"href":"https:\/\/hjerteforeningen.dk\/fagnet\/wp-json\/wp\/v2\/comments?post=657"}],"version-history":[{"count":0,"href":"https:\/\/hjerteforeningen.dk\/fagnet\/wp-json\/wp\/v2\/pages\/657\/revisions"}],"up":[{"embeddable":true,"href":"https:\/\/hjerteforeningen.dk\/fagnet\/wp-json\/wp\/v2\/pages\/644"}],"wp:featuredmedia":[{"embeddable":true,"href":"https:\/\/hjerteforeningen.dk\/fagnet\/wp-json\/wp\/v2\/media\/944"}],"wp:attachment":[{"href":"https:\/\/hjerteforeningen.dk\/fagnet\/wp-json\/wp\/v2\/media?parent=657"}],"wp:term":[{"taxonomy":"global-tag","embeddable":true,"href":"https:\/\/hjerteforeningen.dk\/fagnet\/wp-json\/wp\/v2\/global-tag?post=657"},{"taxonomy":"side-tag","embeddable":true,"href":"https:\/\/hjerteforeningen.dk\/fagnet\/wp-json\/wp\/v2\/side-tag?post=657"}],"curies":[{"name":"wp","href":"https:\/\/api.w.org\/{rel}","templated":true}]}}