{"id":644,"date":"2024-04-02T08:39:06","date_gmt":"2024-04-02T08:39:06","guid":{"rendered":"https:\/\/hjerteforeningen.dk\/fagnet\/?page_id=644"},"modified":"2024-05-13T11:19:20","modified_gmt":"2024-05-13T11:19:20","slug":"digital-laering","status":"publish","type":"page","link":"https:\/\/hjerteforeningen.dk\/fagnet\/digital-laering\/","title":{"rendered":"Digital l\u00e6ring"},"content":{"rendered":"\t\t<div data-elementor-type=\"wp-page\" data-elementor-id=\"644\" class=\"elementor elementor-644\" data-elementor-post-type=\"page\">\n\t\t\t\t<div class=\"elementor-element elementor-element-60f496c e-flex e-con-boxed e-con e-parent\" data-id=\"60f496c\" data-element_type=\"container\">\n\t\t\t\t\t<div class=\"e-con-inner\">\n\t\t\t\t<div class=\"elementor-element elementor-element-72920a1 elementor-widget elementor-widget-teaser-section-group\" data-id=\"72920a1\" data-element_type=\"widget\" data-widget_type=\"teaser-section-group.default\">\n\t\t\t\t<div class=\"elementor-widget-container\">\n\t\t\t\t\t        <div class=\"hf-section-group hf-standard-width-container\">        \n            \n\t\t\t\n\t\t\t\t<a id=\"nav-menu-item-668\" href=\"https:\/\/hjerteforeningen.dk\/fagnet\/digital-laering\/webinarer\/\" class=\"menu-link teaser-xxs-base  hover bg-primary-light hover sub-menu-item  menu-item-odd menu-item-depth-1 sub-menu-link\">\n\t\t\t\t\t<div class='hf-image-container'> <img class='hf-image' src='https:\/\/hjerteforeningen.dk\/fagnet\/wp-content\/uploads\/sites\/2\/2024\/04\/Ikoner_Faa-Hjaalp_Bliv-Klogere.png' alt=''> <\/div>\n\t\t\t\t\t\n\t\t\t\t\t<div class=\"hf-text-container\"><span class=\"hf-header-s\">Webinarer<\/span><span class=\"hf-text-s\"><\/span><\/div>\n\t\t\t\t\t\n\t\t\t\t\t<div class=\"hf-teaser-arrow-container\">\n<svg xmlns=\"http:\/\/www.w3.org\/2000\/svg\" viewBox=\"0 0 50 50\" fill=\"none\">\n    <circle cx=\"25\" cy=\"25\" r=\"25\" transform=\"rotate(-180 25 25)\" ><\/circle>\n    <path d=\"M34.9123 25.1104L14.1045 25.1103M24.5524 15.2061L35 25.1032L24.5524 35.0004\" stroke=\"currentColor\" stroke-width=\"2\" stroke-linecap=\"round\" stroke-linejoin=\"round\"><\/path>\n<\/svg>\n<\/div>\n\t\t\t\t<\/a>\n\t\t\t\n\n\t\t\n\t\t\t\n\t\t\t\t<a id=\"nav-menu-item-664\" href=\"https:\/\/hjerteforeningen.dk\/fagnet\/digital-laering\/det-digitale-sundhedscenter\/\" class=\"menu-link teaser-xxs-base  hover bg-primary-light hover sub-menu-item  menu-item-odd menu-item-depth-1 sub-menu-link\">\n\t\t\t\t\t<div class='hf-image-container'> <img class='hf-image' src='https:\/\/hjerteforeningen.dk\/fagnet\/wp-content\/uploads\/sites\/2\/2024\/04\/Ikoner_Om-Os_Politik.png' alt=''> <\/div>\n\t\t\t\t\t\n\t\t\t\t\t<div class=\"hf-text-container\"><span class=\"hf-header-s\">Podcast<\/span><span class=\"hf-text-s\"><\/span><\/div>\n\t\t\t\t\t\n\t\t\t\t\t<div class=\"hf-teaser-arrow-container\">\n<svg xmlns=\"http:\/\/www.w3.org\/2000\/svg\" viewBox=\"0 0 50 50\" fill=\"none\">\n    <circle cx=\"25\" cy=\"25\" r=\"25\" transform=\"rotate(-180 25 25)\" ><\/circle>\n    <path d=\"M34.9123 25.1104L14.1045 25.1103M24.5524 15.2061L35 25.1032L24.5524 35.0004\" stroke=\"currentColor\" stroke-width=\"2\" stroke-linecap=\"round\" stroke-linejoin=\"round\"><\/path>\n<\/svg>\n<\/div>\n\t\t\t\t<\/a>\n\t\t\t\n\n\t\t\n\t\t\t\n\t\t\t\t<a id=\"nav-menu-item-795\" href=\"https:\/\/hjerteforeningen.dk\/fagnet\/digital-laering\/kursus-i-sexualitet\/\" class=\"menu-link teaser-xxs-base  hover bg-primary-light hover sub-menu-item  menu-item-odd menu-item-depth-1 sub-menu-link\">\n\t\t\t\t\t<div class='hf-image-container'> <img class='hf-image' src='https:\/\/hjerteforeningen.dk\/fagnet\/wp-content\/uploads\/sites\/2\/2024\/04\/Ikoner_Om-Os_Foreningen.png' alt=''> <\/div>\n\t\t\t\t\t\n\t\t\t\t\t<div class=\"hf-text-container\"><span class=\"hf-header-s\">Kursus i seksualitet<\/span><span class=\"hf-text-s\"><\/span><\/div>\n\t\t\t\t\t\n\t\t\t\t\t<div class=\"hf-teaser-arrow-container\">\n<svg xmlns=\"http:\/\/www.w3.org\/2000\/svg\" viewBox=\"0 0 50 50\" fill=\"none\">\n    <circle cx=\"25\" cy=\"25\" r=\"25\" transform=\"rotate(-180 25 25)\" ><\/circle>\n    <path d=\"M34.9123 25.1104L14.1045 25.1103M24.5524 15.2061L35 25.1032L24.5524 35.0004\" stroke=\"currentColor\" stroke-width=\"2\" stroke-linecap=\"round\" stroke-linejoin=\"round\"><\/path>\n<\/svg>\n<\/div>\n\t\t\t\t<\/a>\n\t\t\t\n\n\t\t\n\t\t\t\n\t\t\t\t<a id=\"nav-menu-item-1028\" href=\"https:\/\/hjerteforeningen.dk\/fagnet\/digital-laering\/ny-i-kardiologien\/\" class=\"menu-link teaser-xxs-base  hover bg-primary-light hover sub-menu-item  menu-item-odd menu-item-depth-1 sub-menu-link\">\n\t\t\t\t\t<div class='hf-image-container'> <img class='hf-image' src='https:\/\/hjerteforeningen.dk\/fagnet\/wp-content\/uploads\/sites\/2\/2024\/04\/Ikoner_Vaer-Med_Hjertelotteri.png' alt=''> <\/div>\n\t\t\t\t\t\n\t\t\t\t\t<div class=\"hf-text-container\"><span class=\"hf-header-s\">Ny i kardiologien<\/span><span class=\"hf-text-s\"><\/span><\/div>\n\t\t\t\t\t\n\t\t\t\t\t<div class=\"hf-teaser-arrow-container\">\n<svg xmlns=\"http:\/\/www.w3.org\/2000\/svg\" viewBox=\"0 0 50 50\" fill=\"none\">\n    <circle cx=\"25\" cy=\"25\" r=\"25\" transform=\"rotate(-180 25 25)\" ><\/circle>\n    <path d=\"M34.9123 25.1104L14.1045 25.1103M24.5524 15.2061L35 25.1032L24.5524 35.0004\" stroke=\"currentColor\" stroke-width=\"2\" stroke-linecap=\"round\" stroke-linejoin=\"round\"><\/path>\n<\/svg>\n<\/div>\n\t\t\t\t<\/a>\n\t\t\t\n\n\t\t\n\t\t<div class='menu-item-wrapper'>\n\t\t\t<a id='nav-menu-item-1358' class='menu-item-mobile-btn  1358-button'  href=\"https:\/\/hjerteforeningen.dk\/fagnet\/artikler\/\" >\n\t\t\t\t<span class='hf-text-l'>Artikler<\/span>\n\t\t\t\t<div class=\"arrow\"><svg  viewBox=\"0 0 23 13\" fill=\"none\" xmlns=\"http:\/\/www.w3.org\/2000\/svg\">\n<path d=\"M21.2383 1.44787L11.4158 11.8955L1.59337 1.44787\" stroke=\"currentColor\" stroke-width=\"2\" stroke-linecap=\"round\" stroke-linejoin=\"round\"\/>\n<\/svg>\n<\/div>\n\t\t\t<\/a>\t\n\t\t<\/div>\t\n\t\t<div class='menu-item-wrapper'>\n\t\t\t<a id='nav-menu-item-652' class='menu-item-mobile-btn  652-button'  href=\"https:\/\/hjerteforeningen.dk\/fagnet\/rapporter\/\" >\n\t\t\t\t<span class='hf-text-l'>Rapporter<\/span>\n\t\t\t\t<div class=\"arrow\"><svg  viewBox=\"0 0 23 13\" fill=\"none\" xmlns=\"http:\/\/www.w3.org\/2000\/svg\">\n<path d=\"M21.2383 1.44787L11.4158 11.8955L1.59337 1.44787\" stroke=\"currentColor\" stroke-width=\"2\" stroke-linecap=\"round\" stroke-linejoin=\"round\"\/>\n<\/svg>\n<\/div>\n\t\t\t<\/a>\t\n\t\t<\/div>\t        <\/div>\n    \t\t\t\t<\/div>\n\t\t\t\t<\/div>\n\t\t\t\t<div class=\"elementor-element elementor-element-35bb9e5 elementor-widget elementor-widget-spacer\" data-id=\"35bb9e5\" data-element_type=\"widget\" data-widget_type=\"spacer.default\">\n\t\t\t\t<div class=\"elementor-widget-container\">\n\t\t\t\t\t\t\t<div class=\"elementor-spacer\">\n\t\t\t<div class=\"elementor-spacer-inner\"><\/div>\n\t\t<\/div>\n\t\t\t\t\t\t<\/div>\n\t\t\t\t<\/div>\n\t\t\t\t<div class=\"elementor-element elementor-element-c3c62c4 elementor-widget elementor-widget-teaser-xxlarge\" data-id=\"c3c62c4\" data-element_type=\"widget\" data-widget_type=\"teaser-xxlarge.default\">\n\t\t\t\t<div class=\"elementor-widget-container\">\n\t\t\t\t\t        <div class=\"hf-full-width-wrapper teaser-xxl-wrapper\">\n            <div class=\"teaser-xxl-base hf-standard-width-container  row\">\n                <div class=\"text-container\">\n                                        <div class=\"hf-header-xl\">Webinarer <\/div>\n                                            <div class=\"hf-divider\"><\/div>\n                                                                <div class=\"hf-text-l\">Her tilmelder du dig vores webinarer og gense tidligere afholdte webinarer<\/div>\n                                                                <a id=\"\" \n                                                    href=\"https:\/\/hjerteforeningen.dk\/fagnet\/digital-laering\/webinarer\/\"\n                                                target=\"_self\" class=\"hf-btn\">\n                            F\u00e5 overblik                         <\/a>\n                                    <\/div>\n                <div class=\"hf-image-container image\">\n                     \n                                    <img decoding=\"async\" src=\"https:\/\/hjerteforeningen.dk\/fagnet\/wp-content\/uploads\/sites\/2\/2023\/04\/Computer-1536x943.jpg\" class=\"hf-image \" alt=\"Computer\" \/>\n                                        <\/div>\n            <\/div>\n        <\/div>\n    \t\t\t\t<\/div>\n\t\t\t\t<\/div>\n\t\t\t\t<div class=\"elementor-element elementor-element-ac11b64 elementor-widget elementor-widget-spacer\" data-id=\"ac11b64\" data-element_type=\"widget\" data-widget_type=\"spacer.default\">\n\t\t\t\t<div class=\"elementor-widget-container\">\n\t\t\t\t\t\t\t<div class=\"elementor-spacer\">\n\t\t\t<div class=\"elementor-spacer-inner\"><\/div>\n\t\t<\/div>\n\t\t\t\t\t\t<\/div>\n\t\t\t\t<\/div>\n\t\t\t\t<div class=\"elementor-element elementor-element-c504c64 elementor-widget elementor-widget-teaser-xlarge\" data-id=\"c504c64\" data-element_type=\"widget\" data-widget_type=\"teaser-xlarge.default\">\n\t\t\t\t<div class=\"elementor-widget-container\">\n\t\t\t\t\t        <div class=\"hf-full-width-wrapper teaser-xl-wrapper\">\n            <div class=\"teaser-xl-base hf-small-width-container  row\">\n                <div class=\"hf-image-container\">\n                     \n                                    <img decoding=\"async\" src=\"https:\/\/hjerteforeningen.dk\/fagnet\/wp-content\/uploads\/sites\/2\/2017\/06\/Natur-gang-768x512.jpg\" class=\"hf-image \" alt=\"Natur gang\" \/>\n                                        <\/div>\n                <div class=\"text-container\">\n                                        <div class=\"hf-header-xl\">Podcast<\/div>\n                                            <div class=\"hf-divider\"><\/div>\n                                                                <div class=\"hf-text-l\">H\u00f8r vores podcast og f\u00e5 viden, n\u00e5r det passer i din dagligdag<\/div>\n                                                                <a id=\"\" \n                         \n                            href=\"https:\/\/hjerteforeningen.dk\/fagnet\/digital-laering\/det-digitale-sundhedscenter\/\" \n                                                target=\"_self\" class=\"hf-btn\">\n                            L\u00e6s mere                        <\/a>\n                                    <\/div>\n            <\/div>\n        <\/div>\n    \t\t\t\t<\/div>\n\t\t\t\t<\/div>\n\t\t\t\t<div class=\"elementor-element elementor-element-f745ca5 elementor-widget elementor-widget-spacer\" data-id=\"f745ca5\" data-element_type=\"widget\" data-widget_type=\"spacer.default\">\n\t\t\t\t<div class=\"elementor-widget-container\">\n\t\t\t\t\t\t\t<div class=\"elementor-spacer\">\n\t\t\t<div class=\"elementor-spacer-inner\"><\/div>\n\t\t<\/div>\n\t\t\t\t\t\t<\/div>\n\t\t\t\t<\/div>\n\t\t\t\t<div class=\"elementor-element elementor-element-a11289e elementor-widget elementor-widget-teaser-xxlarge\" data-id=\"a11289e\" data-element_type=\"widget\" data-widget_type=\"teaser-xxlarge.default\">\n\t\t\t\t<div class=\"elementor-widget-container\">\n\t\t\t\t\t        <div class=\"hf-full-width-wrapper teaser-xxl-wrapper\">\n            <div class=\"teaser-xxl-base hf-standard-width-container  row\">\n                <div class=\"text-container\">\n                                        <div class=\"hf-header-xl\">Kursus i sexualitet<\/div>\n                                            <div class=\"hf-divider\"><\/div>\n                                                                <div class=\"hf-text-l\">Bliv klogere p\u00e5 seksualitet og kronisk sygdom samtidig l\u00e6re du at udbrede den gode viden<\/div>\n                                                                <a id=\"\" \n                                                    href=\"https:\/\/hjerteforeningen.dk\/fagnet\/digital-laering\/kursus-i-sexualitet\/\"\n                                                target=\"_self\" class=\"hf-btn\">\n                            L\u00e6s mere                        <\/a>\n                                    <\/div>\n                <div class=\"hf-image-container image\">\n                     \n                                    <img decoding=\"async\" src=\"https:\/\/hjerteforeningen.dk\/fagnet\/wp-content\/uploads\/sites\/2\/2022\/05\/Hand-2-1024x683.jpg\" class=\"hf-image \" alt=\"To h\u00e6nder der samles i st\u00f8tten til hinanden\" \/>\n                                        <\/div>\n            <\/div>\n        <\/div>\n    \t\t\t\t<\/div>\n\t\t\t\t<\/div>\n\t\t\t\t\t<\/div>\n\t\t\t\t<\/div>\n\t\t\t\t<\/div>\n\t\t","protected":false},"excerpt":{"rendered":"<p>F\u00e5 viden og l\u00e6r online, n\u00e5r det passer dig i din hverdag. Vi giver dig her vores bedste tilbud.<\/p>\n","protected":false},"author":25,"featured_media":626,"parent":0,"menu_order":0,"comment_status":"closed","ping_status":"closed","template":"","meta":{"_acf_changed":false,"footnotes":""},"global-tag":[],"side-tag":[],"class_list":["post-644","page","type-page","status-publish","has-post-thumbnail","hentry"],"yoast_head":"<!-- This site is optimized with the Yoast SEO Premium plugin v23.5 (Yoast SEO v26.2) - https:\/\/yoast.com\/wordpress\/plugins\/seo\/ -->\n<title>Digital l\u00e6ring - For fagfolk<\/title>\n<meta name=\"robots\" content=\"index, follow, max-snippet:-1, max-image-preview:large, max-video-preview:-1\" \/>\n<link rel=\"canonical\" href=\"https:\/\/hjerteforeningen.dk\/fagnet\/digital-laering\/\" \/>\n<meta property=\"og:locale\" content=\"da_DK\" \/>\n<meta property=\"og:type\" content=\"article\" \/>\n<meta property=\"og:title\" content=\"Digital l\u00e6ring - For fagfolk\" \/>\n<meta property=\"og:description\" content=\"F\u00e5 viden og l\u00e6r online, n\u00e5r det passer dig i din hverdag. Vi giver dig her vores bedste tilbud.\" \/>\n<meta property=\"og:url\" content=\"https:\/\/hjerteforeningen.dk\/fagnet\/digital-laering\/\" \/>\n<meta property=\"og:site_name\" content=\"For fagfolk\" \/>\n<meta property=\"article:modified_time\" content=\"2024-05-13T11:19:20+00:00\" \/>\n<meta property=\"og:image\" content=\"https:\/\/hjerteforeningen.dk\/fagnet\/wp-content\/uploads\/sites\/2\/2023\/04\/Computer.jpg\" \/>\n\t<meta property=\"og:image:width\" content=\"2009\" \/>\n\t<meta property=\"og:image:height\" content=\"1234\" \/>\n\t<meta property=\"og:image:type\" content=\"image\/jpeg\" \/>\n<meta name=\"twitter:card\" content=\"summary_large_image\" \/>\n<meta name=\"twitter:label1\" content=\"Estimeret l\u00e6setid\" \/>\n\t<meta name=\"twitter:data1\" content=\"2 minutter\" \/>\n<script type=\"application\/ld+json\" class=\"yoast-schema-graph\">{\"@context\":\"https:\/\/schema.org\",\"@graph\":[{\"@type\":\"WebPage\",\"@id\":\"https:\/\/hjerteforeningen.dk\/fagnet\/digital-laering\/\",\"url\":\"https:\/\/hjerteforeningen.dk\/fagnet\/digital-laering\/\",\"name\":\"Digital l\u00e6ring - For fagfolk\",\"isPartOf\":{\"@id\":\"https:\/\/hjerteforeningen.dk\/fagnet\/#website\"},\"primaryImageOfPage\":{\"@id\":\"https:\/\/hjerteforeningen.dk\/fagnet\/digital-laering\/#primaryimage\"},\"image\":{\"@id\":\"https:\/\/hjerteforeningen.dk\/fagnet\/digital-laering\/#primaryimage\"},\"thumbnailUrl\":\"https:\/\/hjerteforeningen.dk\/fagnet\/wp-content\/uploads\/sites\/2\/2023\/04\/Computer.jpg\",\"datePublished\":\"2024-04-02T08:39:06+00:00\",\"dateModified\":\"2024-05-13T11:19:20+00:00\",\"inLanguage\":\"da-DK\",\"potentialAction\":[{\"@type\":\"ReadAction\",\"target\":[\"https:\/\/hjerteforeningen.dk\/fagnet\/digital-laering\/\"]}]},{\"@type\":\"ImageObject\",\"inLanguage\":\"da-DK\",\"@id\":\"https:\/\/hjerteforeningen.dk\/fagnet\/digital-laering\/#primaryimage\",\"url\":\"https:\/\/hjerteforeningen.dk\/fagnet\/wp-content\/uploads\/sites\/2\/2023\/04\/Computer.jpg\",\"contentUrl\":\"https:\/\/hjerteforeningen.dk\/fagnet\/wp-content\/uploads\/sites\/2\/2023\/04\/Computer.jpg\",\"width\":2009,\"height\":1234},{\"@type\":\"WebSite\",\"@id\":\"https:\/\/hjerteforeningen.dk\/fagnet\/#website\",\"url\":\"https:\/\/hjerteforeningen.dk\/fagnet\/\",\"name\":\"For fagfolk\",\"description\":\"For fagfolk\",\"publisher\":{\"@id\":\"https:\/\/hjerteforeningen.dk\/fagnet\/#organization\"},\"potentialAction\":[{\"@type\":\"SearchAction\",\"target\":{\"@type\":\"EntryPoint\",\"urlTemplate\":\"https:\/\/hjerteforeningen.dk\/fagnet\/?s={search_term_string}\"},\"query-input\":{\"@type\":\"PropertyValueSpecification\",\"valueRequired\":true,\"valueName\":\"search_term_string\"}}],\"inLanguage\":\"da-DK\"},{\"@type\":\"Organization\",\"@id\":\"https:\/\/hjerteforeningen.dk\/fagnet\/#organization\",\"name\":\"For fagfolk\",\"url\":\"https:\/\/hjerteforeningen.dk\/fagnet\/\",\"logo\":{\"@type\":\"ImageObject\",\"inLanguage\":\"da-DK\",\"@id\":\"https:\/\/hjerteforeningen.dk\/fagnet\/#\/schema\/logo\/image\/\",\"url\":\"https:\/\/hjerteforeningen.dk\/fagnet\/wp-content\/uploads\/sites\/2\/2025\/05\/logo.svg\",\"contentUrl\":\"https:\/\/hjerteforeningen.dk\/fagnet\/wp-content\/uploads\/sites\/2\/2025\/05\/logo.svg\",\"width\":157,\"height\":65,\"caption\":\"For fagfolk\"},\"image\":{\"@id\":\"https:\/\/hjerteforeningen.dk\/fagnet\/#\/schema\/logo\/image\/\"}}]}<\/script>\n<!-- \/ Yoast SEO Premium plugin. -->","yoast_head_json":{"title":"Digital l\u00e6ring - For fagfolk","robots":{"index":"index","follow":"follow","max-snippet":"max-snippet:-1","max-image-preview":"max-image-preview:large","max-video-preview":"max-video-preview:-1"},"canonical":"https:\/\/hjerteforeningen.dk\/fagnet\/digital-laering\/","og_locale":"da_DK","og_type":"article","og_title":"Digital l\u00e6ring - For fagfolk","og_description":"F\u00e5 viden og l\u00e6r online, n\u00e5r det passer dig i din hverdag. Vi giver dig her vores bedste tilbud.","og_url":"https:\/\/hjerteforeningen.dk\/fagnet\/digital-laering\/","og_site_name":"For fagfolk","article_modified_time":"2024-05-13T11:19:20+00:00","og_image":[{"width":2009,"height":1234,"url":"https:\/\/hjerteforeningen.dk\/fagnet\/wp-content\/uploads\/sites\/2\/2023\/04\/Computer.jpg","type":"image\/jpeg"}],"twitter_card":"summary_large_image","twitter_misc":{"Estimeret l\u00e6setid":"2 minutter"},"schema":{"@context":"https:\/\/schema.org","@graph":[{"@type":"WebPage","@id":"https:\/\/hjerteforeningen.dk\/fagnet\/digital-laering\/","url":"https:\/\/hjerteforeningen.dk\/fagnet\/digital-laering\/","name":"Digital l\u00e6ring - For fagfolk","isPartOf":{"@id":"https:\/\/hjerteforeningen.dk\/fagnet\/#website"},"primaryImageOfPage":{"@id":"https:\/\/hjerteforeningen.dk\/fagnet\/digital-laering\/#primaryimage"},"image":{"@id":"https:\/\/hjerteforeningen.dk\/fagnet\/digital-laering\/#primaryimage"},"thumbnailUrl":"https:\/\/hjerteforeningen.dk\/fagnet\/wp-content\/uploads\/sites\/2\/2023\/04\/Computer.jpg","datePublished":"2024-04-02T08:39:06+00:00","dateModified":"2024-05-13T11:19:20+00:00","inLanguage":"da-DK","potentialAction":[{"@type":"ReadAction","target":["https:\/\/hjerteforeningen.dk\/fagnet\/digital-laering\/"]}]},{"@type":"ImageObject","inLanguage":"da-DK","@id":"https:\/\/hjerteforeningen.dk\/fagnet\/digital-laering\/#primaryimage","url":"https:\/\/hjerteforeningen.dk\/fagnet\/wp-content\/uploads\/sites\/2\/2023\/04\/Computer.jpg","contentUrl":"https:\/\/hjerteforeningen.dk\/fagnet\/wp-content\/uploads\/sites\/2\/2023\/04\/Computer.jpg","width":2009,"height":1234},{"@type":"WebSite","@id":"https:\/\/hjerteforeningen.dk\/fagnet\/#website","url":"https:\/\/hjerteforeningen.dk\/fagnet\/","name":"For fagfolk","description":"For fagfolk","publisher":{"@id":"https:\/\/hjerteforeningen.dk\/fagnet\/#organization"},"potentialAction":[{"@type":"SearchAction","target":{"@type":"EntryPoint","urlTemplate":"https:\/\/hjerteforeningen.dk\/fagnet\/?s={search_term_string}"},"query-input":{"@type":"PropertyValueSpecification","valueRequired":true,"valueName":"search_term_string"}}],"inLanguage":"da-DK"},{"@type":"Organization","@id":"https:\/\/hjerteforeningen.dk\/fagnet\/#organization","name":"For fagfolk","url":"https:\/\/hjerteforeningen.dk\/fagnet\/","logo":{"@type":"ImageObject","inLanguage":"da-DK","@id":"https:\/\/hjerteforeningen.dk\/fagnet\/#\/schema\/logo\/image\/","url":"https:\/\/hjerteforeningen.dk\/fagnet\/wp-content\/uploads\/sites\/2\/2025\/05\/logo.svg","contentUrl":"https:\/\/hjerteforeningen.dk\/fagnet\/wp-content\/uploads\/sites\/2\/2025\/05\/logo.svg","width":157,"height":65,"caption":"For fagfolk"},"image":{"@id":"https:\/\/hjerteforeningen.dk\/fagnet\/#\/schema\/logo\/image\/"}}]}},"acf":[],"_links":{"self":[{"href":"https:\/\/hjerteforeningen.dk\/fagnet\/wp-json\/wp\/v2\/pages\/644","targetHints":{"allow":["GET"]}}],"collection":[{"href":"https:\/\/hjerteforeningen.dk\/fagnet\/wp-json\/wp\/v2\/pages"}],"about":[{"href":"https:\/\/hjerteforeningen.dk\/fagnet\/wp-json\/wp\/v2\/types\/page"}],"author":[{"embeddable":true,"href":"https:\/\/hjerteforeningen.dk\/fagnet\/wp-json\/wp\/v2\/users\/25"}],"replies":[{"embeddable":true,"href":"https:\/\/hjerteforeningen.dk\/fagnet\/wp-json\/wp\/v2\/comments?post=644"}],"version-history":[{"count":0,"href":"https:\/\/hjerteforeningen.dk\/fagnet\/wp-json\/wp\/v2\/pages\/644\/revisions"}],"wp:featuredmedia":[{"embeddable":true,"href":"https:\/\/hjerteforeningen.dk\/fagnet\/wp-json\/wp\/v2\/media\/626"}],"wp:attachment":[{"href":"https:\/\/hjerteforeningen.dk\/fagnet\/wp-json\/wp\/v2\/media?parent=644"}],"wp:term":[{"taxonomy":"global-tag","embeddable":true,"href":"https:\/\/hjerteforeningen.dk\/fagnet\/wp-json\/wp\/v2\/global-tag?post=644"},{"taxonomy":"side-tag","embeddable":true,"href":"https:\/\/hjerteforeningen.dk\/fagnet\/wp-json\/wp\/v2\/side-tag?post=644"}],"curies":[{"name":"wp","href":"https:\/\/api.w.org\/{rel}","templated":true}]}}