{"id":1275,"date":"2024-05-30T12:58:21","date_gmt":"2024-05-30T12:58:21","guid":{"rendered":"https:\/\/hjerteforeningen.dk\/fagnet\/?page_id=1275"},"modified":"2025-09-15T09:54:06","modified_gmt":"2025-09-15T09:54:06","slug":"sog","status":"publish","type":"page","link":"https:\/\/hjerteforeningen.dk\/fagnet\/sog\/","title":{"rendered":"S\u00f8g"},"content":{"rendered":"\t\t<div data-elementor-type=\"wp-page\" data-elementor-id=\"1275\" class=\"elementor elementor-1275\" data-elementor-post-type=\"page\">\n\t\t\t\t<div class=\"elementor-element elementor-element-3d9cecd e-flex e-con-boxed e-con e-parent\" data-id=\"3d9cecd\" data-element_type=\"container\">\n\t\t\t\t\t<div class=\"e-con-inner\">\n\t\t\t\t<div class=\"elementor-element elementor-element-e19193f elementor-widget elementor-widget-search-general\" data-id=\"e19193f\" data-element_type=\"widget\" data-widget_type=\"search-general.default\">\n\t\t\t\t<div class=\"elementor-widget-container\">\n\t\t\t\t\t        \n        <div class=\"hf-search-general hf-standard-width-container\">\n            <label for=\"search-e19193f\" class=\"hf-wrapper-label\">\n                <div class=\"hf-search-field\">\n                        <div class=\"search-icon\">\n                            \n\n<svg  viewBox=\"0 0 21 20\" fill=\"none\" height=\"100%\" width=\"100%\" xmlns=\"http:\/\/www.w3.org\/2000\/svg\">\n    <path d=\"M19.7342 18.3139L16.0235 14.6333C17.4639 12.8374 18.1614 10.5579 17.9727 8.26356C17.784 5.96919 16.7233 3.83432 15.0089 2.29792C13.2945 0.761532 11.0565 -0.0595993 8.75527 0.00337152C6.45401 0.0663423 4.26433 1.00863 2.63648 2.63648C1.00863 4.26433 0.0663423 6.454 0.00337152 8.75527C-0.0595993 11.0565 0.761532 13.2945 2.29792 15.0089C3.83432 16.7233 5.96919 17.784 8.26357 17.9727C10.5579 18.1614 12.8374 17.4639 14.6333 16.0235L18.3139 19.7042C18.4069 19.7979 18.5175 19.8723 18.6394 19.9231C18.7613 19.9739 18.892 20 19.024 20C19.1561 20 19.2868 19.9739 19.4087 19.9231C19.5306 19.8723 19.6412 19.7979 19.7342 19.7042C19.9144 19.5177 20.0152 19.2684 20.0152 19.009C20.0152 18.7497 19.9144 18.5004 19.7342 18.3139ZM9.02239 16.0235C7.63769 16.0235 6.28409 15.6129 5.13276 14.8436C3.98142 14.0743 3.08407 12.9809 2.55417 11.7016C2.02426 10.4223 1.88562 9.01462 2.15576 7.65653C2.4259 6.29844 3.0927 5.05095 4.07183 4.07183C5.05096 3.0927 6.29844 2.4259 7.65653 2.15576C9.01462 1.88562 10.4223 2.02426 11.7016 2.55417C12.9809 3.08407 14.0743 3.98142 14.8436 5.13276C15.6129 6.28409 16.0235 7.63769 16.0235 9.02239C16.0235 10.8792 15.2859 12.66 13.973 13.973C12.66 15.2859 10.8792 16.0235 9.02239 16.0235Z\" fill=\"currentColor\"\/>\n<\/svg>                        <\/div>\n                    <input placeholder=\"S\u00f8g\" type=\"text\" id=\"search-e19193f\" \/>\n                <\/div>\n            <\/label>\n            <h2 id=\"result-title-e19193f\"><span class=\"result-text\"><\/span><\/h2>\n            <div id=\"content-wrapper-e19193f\" class=\"content-wrapper\"><\/div>\n            <div class=\"loading hf-hidden\" id=\"loading-e19193f\">\n                <div class=\"loading-circle loading-circle-1\"><\/div>\n                <div class=\"loading-circle loading-circle-2\"><\/div>\n                <div class=\"loading-circle loading-circle-3\"><\/div>\n            <\/div>\n            <script>\n                                    \n                    SafeRunFunction(                \n                    () =>setup_HFGS(\"e19193f\",\n                                        \"https:\/\/hjerteforeningen.dk\/fagnet\/wp-content\/themes\/hjerteforeningen-child-theme\/assets\/icons\/arrow-right.svg\",\n                                        \"https:\/\/hjerteforeningen.dk\/fagnet\/wp-content\/themes\/hjerteforeningen-child-theme\/assets\/icons\/hf-placeholder.png\",\n                                        `<svg  viewBox=\"0 0 21 20\" fill=\"none\" xmlns=\"http:\/\/www.w3.org\/2000\/svg\">\n<path d=\"M10.7359 4.22222C4.94075 -5.46908 -8.37845 5.61014 10.7359 19.4592C29.8561 5.61014 16.531 -5.46908 10.7359 4.22222Z\" fill=\"currentColor\"\/>\n<\/svg>\n`,\n                                        \"https:\/\/hjerteforeningen.dk\/fagnet\")\n                    )\n                            <\/script>\n        <\/div>\n        \t\t\t\t<\/div>\n\t\t\t\t<\/div>\n\t\t\t\t\t<\/div>\n\t\t\t\t<\/div>\n\t\t\t\t<\/div>\n\t\t","protected":false},"excerpt":{"rendered":"","protected":false},"author":15,"featured_media":958,"parent":0,"menu_order":0,"comment_status":"closed","ping_status":"closed","template":"","meta":{"_acf_changed":false,"footnotes":""},"global-tag":[],"side-tag":[],"class_list":["post-1275","page","type-page","status-publish","has-post-thumbnail","hentry"],"yoast_head":"<!-- This site is optimized with the Yoast SEO Premium plugin v23.5 (Yoast SEO v26.2) - https:\/\/yoast.com\/wordpress\/plugins\/seo\/ -->\n<title>S\u00f8g - For fagfolk<\/title>\n<meta name=\"description\" content=\"S\u00f8g efter Hjerteforeningens mange tilbud, artikler og andet. Her p\u00e5 siden kan du s\u00f8ge efter lige det du leder efter hos Hjerteforeningen.\" \/>\n<meta name=\"robots\" content=\"index, follow, max-snippet:-1, max-image-preview:large, max-video-preview:-1\" \/>\n<link rel=\"canonical\" href=\"https:\/\/hjerteforeningen.dk\/fagnet\/sog\/\" \/>\n<meta property=\"og:locale\" content=\"da_DK\" \/>\n<meta property=\"og:type\" content=\"article\" \/>\n<meta property=\"og:title\" content=\"S\u00f8g - For fagfolk\" \/>\n<meta property=\"og:description\" content=\"S\u00f8g efter Hjerteforeningens mange tilbud, artikler og andet. Her p\u00e5 siden kan du s\u00f8ge efter lige det du leder efter hos Hjerteforeningen.\" \/>\n<meta property=\"og:url\" content=\"https:\/\/hjerteforeningen.dk\/fagnet\/sog\/\" \/>\n<meta property=\"og:site_name\" content=\"For fagfolk\" \/>\n<meta property=\"article:modified_time\" content=\"2025-09-15T09:54:06+00:00\" \/>\n<meta property=\"og:image\" content=\"https:\/\/hjerteforeningen.dk\/fagnet\/wp-content\/uploads\/sites\/2\/2024\/04\/zp3b5982-1.jpg\" \/>\n\t<meta property=\"og:image:width\" content=\"1440\" \/>\n\t<meta property=\"og:image:height\" content=\"658\" \/>\n\t<meta property=\"og:image:type\" content=\"image\/jpeg\" \/>\n<meta name=\"twitter:card\" content=\"summary_large_image\" \/>\n<meta name=\"twitter:label1\" content=\"Estimeret l\u00e6setid\" \/>\n\t<meta name=\"twitter:data1\" content=\"1 minut\" \/>\n<script type=\"application\/ld+json\" class=\"yoast-schema-graph\">{\"@context\":\"https:\/\/schema.org\",\"@graph\":[{\"@type\":\"WebPage\",\"@id\":\"https:\/\/hjerteforeningen.dk\/fagnet\/sog\/\",\"url\":\"https:\/\/hjerteforeningen.dk\/fagnet\/sog\/\",\"name\":\"S\u00f8g - For fagfolk\",\"isPartOf\":{\"@id\":\"https:\/\/hjerteforeningen.dk\/fagnet\/#website\"},\"primaryImageOfPage\":{\"@id\":\"https:\/\/hjerteforeningen.dk\/fagnet\/sog\/#primaryimage\"},\"image\":{\"@id\":\"https:\/\/hjerteforeningen.dk\/fagnet\/sog\/#primaryimage\"},\"thumbnailUrl\":\"https:\/\/hjerteforeningen.dk\/fagnet\/wp-content\/uploads\/sites\/2\/2024\/04\/zp3b5982-1.jpg\",\"datePublished\":\"2024-05-30T12:58:21+00:00\",\"dateModified\":\"2025-09-15T09:54:06+00:00\",\"description\":\"S\u00f8g efter Hjerteforeningens mange tilbud, artikler og andet. Her p\u00e5 siden kan du s\u00f8ge efter lige det du leder efter hos Hjerteforeningen.\",\"inLanguage\":\"da-DK\",\"potentialAction\":[{\"@type\":\"ReadAction\",\"target\":[\"https:\/\/hjerteforeningen.dk\/fagnet\/sog\/\"]}]},{\"@type\":\"ImageObject\",\"inLanguage\":\"da-DK\",\"@id\":\"https:\/\/hjerteforeningen.dk\/fagnet\/sog\/#primaryimage\",\"url\":\"https:\/\/hjerteforeningen.dk\/fagnet\/wp-content\/uploads\/sites\/2\/2024\/04\/zp3b5982-1.jpg\",\"contentUrl\":\"https:\/\/hjerteforeningen.dk\/fagnet\/wp-content\/uploads\/sites\/2\/2024\/04\/zp3b5982-1.jpg\",\"width\":1440,\"height\":658},{\"@type\":\"WebSite\",\"@id\":\"https:\/\/hjerteforeningen.dk\/fagnet\/#website\",\"url\":\"https:\/\/hjerteforeningen.dk\/fagnet\/\",\"name\":\"For fagfolk\",\"description\":\"For fagfolk\",\"publisher\":{\"@id\":\"https:\/\/hjerteforeningen.dk\/fagnet\/#organization\"},\"potentialAction\":[{\"@type\":\"SearchAction\",\"target\":{\"@type\":\"EntryPoint\",\"urlTemplate\":\"https:\/\/hjerteforeningen.dk\/fagnet\/?s={search_term_string}\"},\"query-input\":{\"@type\":\"PropertyValueSpecification\",\"valueRequired\":true,\"valueName\":\"search_term_string\"}}],\"inLanguage\":\"da-DK\"},{\"@type\":\"Organization\",\"@id\":\"https:\/\/hjerteforeningen.dk\/fagnet\/#organization\",\"name\":\"For fagfolk\",\"url\":\"https:\/\/hjerteforeningen.dk\/fagnet\/\",\"logo\":{\"@type\":\"ImageObject\",\"inLanguage\":\"da-DK\",\"@id\":\"https:\/\/hjerteforeningen.dk\/fagnet\/#\/schema\/logo\/image\/\",\"url\":\"https:\/\/hjerteforeningen.dk\/fagnet\/wp-content\/uploads\/sites\/2\/2025\/05\/logo.svg\",\"contentUrl\":\"https:\/\/hjerteforeningen.dk\/fagnet\/wp-content\/uploads\/sites\/2\/2025\/05\/logo.svg\",\"width\":157,\"height\":65,\"caption\":\"For fagfolk\"},\"image\":{\"@id\":\"https:\/\/hjerteforeningen.dk\/fagnet\/#\/schema\/logo\/image\/\"}}]}<\/script>\n<!-- \/ Yoast SEO Premium plugin. -->","yoast_head_json":{"title":"S\u00f8g - For fagfolk","description":"S\u00f8g efter Hjerteforeningens mange tilbud, artikler og andet. Her p\u00e5 siden kan du s\u00f8ge efter lige det du leder efter hos Hjerteforeningen.","robots":{"index":"index","follow":"follow","max-snippet":"max-snippet:-1","max-image-preview":"max-image-preview:large","max-video-preview":"max-video-preview:-1"},"canonical":"https:\/\/hjerteforeningen.dk\/fagnet\/sog\/","og_locale":"da_DK","og_type":"article","og_title":"S\u00f8g - For fagfolk","og_description":"S\u00f8g efter Hjerteforeningens mange tilbud, artikler og andet. Her p\u00e5 siden kan du s\u00f8ge efter lige det du leder efter hos Hjerteforeningen.","og_url":"https:\/\/hjerteforeningen.dk\/fagnet\/sog\/","og_site_name":"For fagfolk","article_modified_time":"2025-09-15T09:54:06+00:00","og_image":[{"width":1440,"height":658,"url":"https:\/\/hjerteforeningen.dk\/fagnet\/wp-content\/uploads\/sites\/2\/2024\/04\/zp3b5982-1.jpg","type":"image\/jpeg"}],"twitter_card":"summary_large_image","twitter_misc":{"Estimeret l\u00e6setid":"1 minut"},"schema":{"@context":"https:\/\/schema.org","@graph":[{"@type":"WebPage","@id":"https:\/\/hjerteforeningen.dk\/fagnet\/sog\/","url":"https:\/\/hjerteforeningen.dk\/fagnet\/sog\/","name":"S\u00f8g - For fagfolk","isPartOf":{"@id":"https:\/\/hjerteforeningen.dk\/fagnet\/#website"},"primaryImageOfPage":{"@id":"https:\/\/hjerteforeningen.dk\/fagnet\/sog\/#primaryimage"},"image":{"@id":"https:\/\/hjerteforeningen.dk\/fagnet\/sog\/#primaryimage"},"thumbnailUrl":"https:\/\/hjerteforeningen.dk\/fagnet\/wp-content\/uploads\/sites\/2\/2024\/04\/zp3b5982-1.jpg","datePublished":"2024-05-30T12:58:21+00:00","dateModified":"2025-09-15T09:54:06+00:00","description":"S\u00f8g efter Hjerteforeningens mange tilbud, artikler og andet. Her p\u00e5 siden kan du s\u00f8ge efter lige det du leder efter hos Hjerteforeningen.","inLanguage":"da-DK","potentialAction":[{"@type":"ReadAction","target":["https:\/\/hjerteforeningen.dk\/fagnet\/sog\/"]}]},{"@type":"ImageObject","inLanguage":"da-DK","@id":"https:\/\/hjerteforeningen.dk\/fagnet\/sog\/#primaryimage","url":"https:\/\/hjerteforeningen.dk\/fagnet\/wp-content\/uploads\/sites\/2\/2024\/04\/zp3b5982-1.jpg","contentUrl":"https:\/\/hjerteforeningen.dk\/fagnet\/wp-content\/uploads\/sites\/2\/2024\/04\/zp3b5982-1.jpg","width":1440,"height":658},{"@type":"WebSite","@id":"https:\/\/hjerteforeningen.dk\/fagnet\/#website","url":"https:\/\/hjerteforeningen.dk\/fagnet\/","name":"For fagfolk","description":"For fagfolk","publisher":{"@id":"https:\/\/hjerteforeningen.dk\/fagnet\/#organization"},"potentialAction":[{"@type":"SearchAction","target":{"@type":"EntryPoint","urlTemplate":"https:\/\/hjerteforeningen.dk\/fagnet\/?s={search_term_string}"},"query-input":{"@type":"PropertyValueSpecification","valueRequired":true,"valueName":"search_term_string"}}],"inLanguage":"da-DK"},{"@type":"Organization","@id":"https:\/\/hjerteforeningen.dk\/fagnet\/#organization","name":"For fagfolk","url":"https:\/\/hjerteforeningen.dk\/fagnet\/","logo":{"@type":"ImageObject","inLanguage":"da-DK","@id":"https:\/\/hjerteforeningen.dk\/fagnet\/#\/schema\/logo\/image\/","url":"https:\/\/hjerteforeningen.dk\/fagnet\/wp-content\/uploads\/sites\/2\/2025\/05\/logo.svg","contentUrl":"https:\/\/hjerteforeningen.dk\/fagnet\/wp-content\/uploads\/sites\/2\/2025\/05\/logo.svg","width":157,"height":65,"caption":"For fagfolk"},"image":{"@id":"https:\/\/hjerteforeningen.dk\/fagnet\/#\/schema\/logo\/image\/"}}]}},"acf":[],"_links":{"self":[{"href":"https:\/\/hjerteforeningen.dk\/fagnet\/wp-json\/wp\/v2\/pages\/1275","targetHints":{"allow":["GET"]}}],"collection":[{"href":"https:\/\/hjerteforeningen.dk\/fagnet\/wp-json\/wp\/v2\/pages"}],"about":[{"href":"https:\/\/hjerteforeningen.dk\/fagnet\/wp-json\/wp\/v2\/types\/page"}],"author":[{"embeddable":true,"href":"https:\/\/hjerteforeningen.dk\/fagnet\/wp-json\/wp\/v2\/users\/15"}],"replies":[{"embeddable":true,"href":"https:\/\/hjerteforeningen.dk\/fagnet\/wp-json\/wp\/v2\/comments?post=1275"}],"version-history":[{"count":0,"href":"https:\/\/hjerteforeningen.dk\/fagnet\/wp-json\/wp\/v2\/pages\/1275\/revisions"}],"wp:featuredmedia":[{"embeddable":true,"href":"https:\/\/hjerteforeningen.dk\/fagnet\/wp-json\/wp\/v2\/media\/958"}],"wp:attachment":[{"href":"https:\/\/hjerteforeningen.dk\/fagnet\/wp-json\/wp\/v2\/media?parent=1275"}],"wp:term":[{"taxonomy":"global-tag","embeddable":true,"href":"https:\/\/hjerteforeningen.dk\/fagnet\/wp-json\/wp\/v2\/global-tag?post=1275"},{"taxonomy":"side-tag","embeddable":true,"href":"https:\/\/hjerteforeningen.dk\/fagnet\/wp-json\/wp\/v2\/side-tag?post=1275"}],"curies":[{"name":"wp","href":"https:\/\/api.w.org\/{rel}","templated":true}]}}