{"id":1097,"date":"2024-04-30T13:50:30","date_gmt":"2024-04-30T13:50:30","guid":{"rendered":"https:\/\/hjerteforeningen.dk\/fagnet\/?page_id=1097"},"modified":"2025-09-15T09:40:48","modified_gmt":"2025-09-15T09:40:48","slug":"om-fagnet","status":"publish","type":"page","link":"https:\/\/hjerteforeningen.dk\/fagnet\/om-fagnet\/","title":{"rendered":"Om Fagnet"},"content":{"rendered":"\t\t<div data-elementor-type=\"wp-page\" data-elementor-id=\"1097\" class=\"elementor elementor-1097\" data-elementor-post-type=\"page\">\n\t\t\t\t<div class=\"elementor-element elementor-element-817f2d1 e-flex e-con-boxed e-con e-parent\" data-id=\"817f2d1\" data-element_type=\"container\">\n\t\t\t\t\t<div class=\"e-con-inner\">\n\t\t\t\t<div class=\"hf-narrow-center-div elementor-element elementor-element-59cfd4b elementor-widget elementor-widget-image\" data-id=\"59cfd4b\" data-element_type=\"widget\" data-widget_type=\"image.default\">\n\t\t\t\t<div class=\"elementor-widget-container\">\n\t\t\t\t\t\t\t\t\t\t\t\t\t\t\t<img fetchpriority=\"high\" decoding=\"async\" width=\"800\" height=\"533\" src=\"https:\/\/hjerteforeningen.dk\/fagnet\/wp-content\/uploads\/sites\/2\/2017\/11\/Smartphone-1024x682.jpg\" class=\"attachment-large size-large wp-image-620\" alt=\"\" srcset=\"https:\/\/hjerteforeningen.dk\/fagnet\/wp-content\/uploads\/sites\/2\/2017\/11\/Smartphone-1024x682.jpg 1024w, https:\/\/hjerteforeningen.dk\/fagnet\/wp-content\/uploads\/sites\/2\/2017\/11\/Smartphone-300x200.jpg 300w, https:\/\/hjerteforeningen.dk\/fagnet\/wp-content\/uploads\/sites\/2\/2017\/11\/Smartphone-768x512.jpg 768w, https:\/\/hjerteforeningen.dk\/fagnet\/wp-content\/uploads\/sites\/2\/2017\/11\/Smartphone-1536x1023.jpg 1536w, https:\/\/hjerteforeningen.dk\/fagnet\/wp-content\/uploads\/sites\/2\/2017\/11\/Smartphone.jpg 1852w\" sizes=\"(max-width: 800px) 100vw, 800px\" \/>\t\t\t\t\t\t\t\t\t\t\t\t\t\t\t<\/div>\n\t\t\t\t<\/div>\n\t\t\t\t\t<\/div>\n\t\t\t\t<\/div>\n\t\t<div class=\"elementor-element elementor-element-7afd98c e-flex e-con-boxed e-con e-parent\" data-id=\"7afd98c\" data-element_type=\"container\">\n\t\t\t\t\t<div class=\"e-con-inner\">\n\t\t\t\t<div class=\"hf-narrow-center-div elementor-element elementor-element-003b7e7 elementor-widget elementor-widget-text-editor\" data-id=\"003b7e7\" data-element_type=\"widget\" data-widget_type=\"text-editor.default\">\n\t\t\t\t<div class=\"elementor-widget-container\">\n\t\t\t\t\t\t\t\t\t<p><strong>Fagnet<\/strong> samler\u00a0 inspiration og faglig viden indenfor kardiologien m\u00e5lrettet fagprofessionelle p\u00e5 tv\u00e6rs af faggrupper og sektorer. Form\u00e5let er at bidrage til styrkelse af tv\u00e6rfagligheden og den sundhedsfaglige praksis til gavn for alle landets hjerte-kar-patienter og deres p\u00e5r\u00f8rende.<\/p><p>P\u00e5 Fagnet findes ny og vedkommende viden i form af:<\/p><ul><li>Artikler og interviews med f\u00f8rende forskere, der stiller ny forskning til r\u00e5dighed p\u00e5 en relevant og n\u00e6rv\u00e6rende m\u00e5de.<\/li><li>Inspiration- og informationsmateriale til samtalen med hjertepatienter og de p\u00e5r\u00f8rende.<\/li><li>Information om Hjerteforeningens mange tilbud og aktiviteter bl.a. webinarer.<\/li><\/ul><p>Indholdet p\u00e5 Fagnet er prim\u00e6rt m\u00e5lrettet sygeplejersker, di\u00e6tister og fysioterapeuter p\u00e5 sygehuse, i kommuner, i almen praksis og andre steder, hvor sundhedsprofessionelle m\u00f8der hjertepatienter og deres p\u00e5r\u00f8rende. Alle med interesse for hjerteomr\u00e5det, og som \u00f8nsker at holde sig fagligt ajour er naturligvis velkomne.<\/p>\t\t\t\t\t\t\t\t<\/div>\n\t\t\t\t<\/div>\n\t\t\t\t\t<\/div>\n\t\t\t\t<\/div>\n\t\t<div class=\"elementor-element elementor-element-b783b8c e-flex e-con-boxed e-con e-parent\" data-id=\"b783b8c\" data-element_type=\"container\">\n\t\t\t\t\t<div class=\"e-con-inner\">\n\t\t\t\t<div class=\"elementor-element elementor-element-2d65a09 elementor-widget elementor-widget-contact-us\" data-id=\"2d65a09\" data-element_type=\"widget\" data-widget_type=\"contact-us.default\">\n\t\t\t\t<div class=\"elementor-widget-container\">\n\t\t\t\t\t        <div class=\"contact-us-base hf-small-width-container no-print\">\n            <div class=\"hf-text-container\">\n                <div class=\"hf-header-l\">\n                                    <\/div>\n                <div class=\"hf-divider\"><\/div>\n                <div class=\"hf-text-l\">\n                    <h3 id=\"header-3\"><strong>Hovedadresse<\/strong><\/h3><p>Hjerteforeningen<strong><br \/><\/strong>Vognmagergade 7, 3. sal<br \/>1120 K\u00f8benhavn K<\/p><p><strong>Telefon<\/strong><br \/>70 25 00 00<br \/><strong>Reception:<\/strong>\u00a09-15 (fre 9-14)<br \/><strong>Medlemsservice<\/strong>: 9-14 (fre 9-12)<br \/><strong>Hjertelinjen:<\/strong>\u00a09-14 (man, tir og tor)<\/p><h3>\u00a0<\/h3><h3 id=\"header-4\"><strong>Faglige henvendelser<\/strong><\/h3><p>Post: <a href=\"mailto:fagnet@hjerteforeningen.dk,\">fagnet@hjerteforeningen.dk<\/a><\/p><p>Lene Vedel Vestergaard<br \/>Sundhedsfaglig konsulent<br \/>Mobil: +45 25 67 78 50<\/p>                <\/div>\n            <\/div>\n            <div class=\"hf-image-container\">\n                <img decoding=\"async\" class=\"hf-image\" src=\"https:\/\/hjerteforeningen.dk\/fagnet\/wp-content\/uploads\/sites\/2\/2024\/05\/callcenter-1.png\" alt=\"En kvindelig medarbejder som sidder klar til at tage telefonen p\u00e5 arbejde.\"\/>\n            <\/div>\n        <\/div>\n    \t\t\t\t<\/div>\n\t\t\t\t<\/div>\n\t\t\t\t\t<\/div>\n\t\t\t\t<\/div>\n\t\t\t\t<\/div>\n\t\t","protected":false},"excerpt":{"rendered":"<p>Fagnet samler\u00a0 inspiration og faglig viden indenfor kardiologien m\u00e5lrettet fagprofessionelle p\u00e5 tv\u00e6rs af faggrupper og sektorer. Form\u00e5let er at bidrage til styrkelse af tv\u00e6rfagligheden og den sundhedsfaglige praksis til gavn for alle landets hjerte-kar-patienter og deres p\u00e5r\u00f8rende. P\u00e5 Fagnet findes ny og vedkommende viden i form af: Artikler og interviews med f\u00f8rende forskere, der stiller [&hellip;]<\/p>\n","protected":false},"author":20,"featured_media":620,"parent":0,"menu_order":0,"comment_status":"closed","ping_status":"closed","template":"","meta":{"_acf_changed":false,"footnotes":""},"global-tag":[],"side-tag":[],"class_list":["post-1097","page","type-page","status-publish","has-post-thumbnail","hentry"],"yoast_head":"<!-- This site is optimized with the Yoast SEO Premium plugin v23.5 (Yoast SEO v26.2) - https:\/\/yoast.com\/wordpress\/plugins\/seo\/ -->\n<title>Om Fagnet - For fagfolk<\/title>\n<meta name=\"description\" content=\"Fagnet samler inspiration og faglig viden indenfor kardiologien m\u00e5lrettet fagprofessionelle p\u00e5 tv\u00e6rs af faggrupper og sektorer.\" \/>\n<meta name=\"robots\" content=\"index, follow, max-snippet:-1, max-image-preview:large, max-video-preview:-1\" \/>\n<link rel=\"canonical\" href=\"https:\/\/hjerteforeningen.dk\/fagnet\/om-fagnet\/\" \/>\n<meta property=\"og:locale\" content=\"da_DK\" \/>\n<meta property=\"og:type\" content=\"article\" \/>\n<meta property=\"og:title\" content=\"Om Fagnet - For fagfolk\" \/>\n<meta property=\"og:description\" content=\"Fagnet samler inspiration og faglig viden indenfor kardiologien m\u00e5lrettet fagprofessionelle p\u00e5 tv\u00e6rs af faggrupper og sektorer.\" \/>\n<meta property=\"og:url\" content=\"https:\/\/hjerteforeningen.dk\/fagnet\/om-fagnet\/\" \/>\n<meta property=\"og:site_name\" content=\"For fagfolk\" \/>\n<meta property=\"article:modified_time\" content=\"2025-09-15T09:40:48+00:00\" \/>\n<meta property=\"og:image\" content=\"https:\/\/hjerteforeningen.dk\/fagnet\/wp-content\/uploads\/sites\/2\/2017\/11\/Smartphone.jpg\" \/>\n\t<meta property=\"og:image:width\" content=\"1852\" \/>\n\t<meta property=\"og:image:height\" content=\"1234\" \/>\n\t<meta property=\"og:image:type\" content=\"image\/jpeg\" \/>\n<meta name=\"twitter:card\" content=\"summary_large_image\" \/>\n<meta name=\"twitter:label1\" content=\"Estimeret l\u00e6setid\" \/>\n\t<meta name=\"twitter:data1\" content=\"2 minutter\" \/>\n<script type=\"application\/ld+json\" class=\"yoast-schema-graph\">{\"@context\":\"https:\/\/schema.org\",\"@graph\":[{\"@type\":\"WebPage\",\"@id\":\"https:\/\/hjerteforeningen.dk\/fagnet\/om-fagnet\/\",\"url\":\"https:\/\/hjerteforeningen.dk\/fagnet\/om-fagnet\/\",\"name\":\"Om Fagnet - For fagfolk\",\"isPartOf\":{\"@id\":\"https:\/\/hjerteforeningen.dk\/fagnet\/#website\"},\"primaryImageOfPage\":{\"@id\":\"https:\/\/hjerteforeningen.dk\/fagnet\/om-fagnet\/#primaryimage\"},\"image\":{\"@id\":\"https:\/\/hjerteforeningen.dk\/fagnet\/om-fagnet\/#primaryimage\"},\"thumbnailUrl\":\"https:\/\/hjerteforeningen.dk\/fagnet\/wp-content\/uploads\/sites\/2\/2017\/11\/Smartphone.jpg\",\"datePublished\":\"2024-04-30T13:50:30+00:00\",\"dateModified\":\"2025-09-15T09:40:48+00:00\",\"description\":\"Fagnet samler inspiration og faglig viden indenfor kardiologien m\u00e5lrettet fagprofessionelle p\u00e5 tv\u00e6rs af faggrupper og sektorer.\",\"inLanguage\":\"da-DK\",\"potentialAction\":[{\"@type\":\"ReadAction\",\"target\":[\"https:\/\/hjerteforeningen.dk\/fagnet\/om-fagnet\/\"]}]},{\"@type\":\"ImageObject\",\"inLanguage\":\"da-DK\",\"@id\":\"https:\/\/hjerteforeningen.dk\/fagnet\/om-fagnet\/#primaryimage\",\"url\":\"https:\/\/hjerteforeningen.dk\/fagnet\/wp-content\/uploads\/sites\/2\/2017\/11\/Smartphone.jpg\",\"contentUrl\":\"https:\/\/hjerteforeningen.dk\/fagnet\/wp-content\/uploads\/sites\/2\/2017\/11\/Smartphone.jpg\",\"width\":1852,\"height\":1234},{\"@type\":\"WebSite\",\"@id\":\"https:\/\/hjerteforeningen.dk\/fagnet\/#website\",\"url\":\"https:\/\/hjerteforeningen.dk\/fagnet\/\",\"name\":\"For fagfolk\",\"description\":\"For fagfolk\",\"publisher\":{\"@id\":\"https:\/\/hjerteforeningen.dk\/fagnet\/#organization\"},\"potentialAction\":[{\"@type\":\"SearchAction\",\"target\":{\"@type\":\"EntryPoint\",\"urlTemplate\":\"https:\/\/hjerteforeningen.dk\/fagnet\/?s={search_term_string}\"},\"query-input\":{\"@type\":\"PropertyValueSpecification\",\"valueRequired\":true,\"valueName\":\"search_term_string\"}}],\"inLanguage\":\"da-DK\"},{\"@type\":\"Organization\",\"@id\":\"https:\/\/hjerteforeningen.dk\/fagnet\/#organization\",\"name\":\"For fagfolk\",\"url\":\"https:\/\/hjerteforeningen.dk\/fagnet\/\",\"logo\":{\"@type\":\"ImageObject\",\"inLanguage\":\"da-DK\",\"@id\":\"https:\/\/hjerteforeningen.dk\/fagnet\/#\/schema\/logo\/image\/\",\"url\":\"https:\/\/hjerteforeningen.dk\/fagnet\/wp-content\/uploads\/sites\/2\/2025\/05\/logo.svg\",\"contentUrl\":\"https:\/\/hjerteforeningen.dk\/fagnet\/wp-content\/uploads\/sites\/2\/2025\/05\/logo.svg\",\"width\":157,\"height\":65,\"caption\":\"For fagfolk\"},\"image\":{\"@id\":\"https:\/\/hjerteforeningen.dk\/fagnet\/#\/schema\/logo\/image\/\"}}]}<\/script>\n<!-- \/ Yoast SEO Premium plugin. -->","yoast_head_json":{"title":"Om Fagnet - For fagfolk","description":"Fagnet samler inspiration og faglig viden indenfor kardiologien m\u00e5lrettet fagprofessionelle p\u00e5 tv\u00e6rs af faggrupper og sektorer.","robots":{"index":"index","follow":"follow","max-snippet":"max-snippet:-1","max-image-preview":"max-image-preview:large","max-video-preview":"max-video-preview:-1"},"canonical":"https:\/\/hjerteforeningen.dk\/fagnet\/om-fagnet\/","og_locale":"da_DK","og_type":"article","og_title":"Om Fagnet - For fagfolk","og_description":"Fagnet samler inspiration og faglig viden indenfor kardiologien m\u00e5lrettet fagprofessionelle p\u00e5 tv\u00e6rs af faggrupper og sektorer.","og_url":"https:\/\/hjerteforeningen.dk\/fagnet\/om-fagnet\/","og_site_name":"For fagfolk","article_modified_time":"2025-09-15T09:40:48+00:00","og_image":[{"width":1852,"height":1234,"url":"https:\/\/hjerteforeningen.dk\/fagnet\/wp-content\/uploads\/sites\/2\/2017\/11\/Smartphone.jpg","type":"image\/jpeg"}],"twitter_card":"summary_large_image","twitter_misc":{"Estimeret l\u00e6setid":"2 minutter"},"schema":{"@context":"https:\/\/schema.org","@graph":[{"@type":"WebPage","@id":"https:\/\/hjerteforeningen.dk\/fagnet\/om-fagnet\/","url":"https:\/\/hjerteforeningen.dk\/fagnet\/om-fagnet\/","name":"Om Fagnet - For fagfolk","isPartOf":{"@id":"https:\/\/hjerteforeningen.dk\/fagnet\/#website"},"primaryImageOfPage":{"@id":"https:\/\/hjerteforeningen.dk\/fagnet\/om-fagnet\/#primaryimage"},"image":{"@id":"https:\/\/hjerteforeningen.dk\/fagnet\/om-fagnet\/#primaryimage"},"thumbnailUrl":"https:\/\/hjerteforeningen.dk\/fagnet\/wp-content\/uploads\/sites\/2\/2017\/11\/Smartphone.jpg","datePublished":"2024-04-30T13:50:30+00:00","dateModified":"2025-09-15T09:40:48+00:00","description":"Fagnet samler inspiration og faglig viden indenfor kardiologien m\u00e5lrettet fagprofessionelle p\u00e5 tv\u00e6rs af faggrupper og sektorer.","inLanguage":"da-DK","potentialAction":[{"@type":"ReadAction","target":["https:\/\/hjerteforeningen.dk\/fagnet\/om-fagnet\/"]}]},{"@type":"ImageObject","inLanguage":"da-DK","@id":"https:\/\/hjerteforeningen.dk\/fagnet\/om-fagnet\/#primaryimage","url":"https:\/\/hjerteforeningen.dk\/fagnet\/wp-content\/uploads\/sites\/2\/2017\/11\/Smartphone.jpg","contentUrl":"https:\/\/hjerteforeningen.dk\/fagnet\/wp-content\/uploads\/sites\/2\/2017\/11\/Smartphone.jpg","width":1852,"height":1234},{"@type":"WebSite","@id":"https:\/\/hjerteforeningen.dk\/fagnet\/#website","url":"https:\/\/hjerteforeningen.dk\/fagnet\/","name":"For fagfolk","description":"For fagfolk","publisher":{"@id":"https:\/\/hjerteforeningen.dk\/fagnet\/#organization"},"potentialAction":[{"@type":"SearchAction","target":{"@type":"EntryPoint","urlTemplate":"https:\/\/hjerteforeningen.dk\/fagnet\/?s={search_term_string}"},"query-input":{"@type":"PropertyValueSpecification","valueRequired":true,"valueName":"search_term_string"}}],"inLanguage":"da-DK"},{"@type":"Organization","@id":"https:\/\/hjerteforeningen.dk\/fagnet\/#organization","name":"For fagfolk","url":"https:\/\/hjerteforeningen.dk\/fagnet\/","logo":{"@type":"ImageObject","inLanguage":"da-DK","@id":"https:\/\/hjerteforeningen.dk\/fagnet\/#\/schema\/logo\/image\/","url":"https:\/\/hjerteforeningen.dk\/fagnet\/wp-content\/uploads\/sites\/2\/2025\/05\/logo.svg","contentUrl":"https:\/\/hjerteforeningen.dk\/fagnet\/wp-content\/uploads\/sites\/2\/2025\/05\/logo.svg","width":157,"height":65,"caption":"For fagfolk"},"image":{"@id":"https:\/\/hjerteforeningen.dk\/fagnet\/#\/schema\/logo\/image\/"}}]}},"acf":[],"_links":{"self":[{"href":"https:\/\/hjerteforeningen.dk\/fagnet\/wp-json\/wp\/v2\/pages\/1097","targetHints":{"allow":["GET"]}}],"collection":[{"href":"https:\/\/hjerteforeningen.dk\/fagnet\/wp-json\/wp\/v2\/pages"}],"about":[{"href":"https:\/\/hjerteforeningen.dk\/fagnet\/wp-json\/wp\/v2\/types\/page"}],"author":[{"embeddable":true,"href":"https:\/\/hjerteforeningen.dk\/fagnet\/wp-json\/wp\/v2\/users\/20"}],"replies":[{"embeddable":true,"href":"https:\/\/hjerteforeningen.dk\/fagnet\/wp-json\/wp\/v2\/comments?post=1097"}],"version-history":[{"count":0,"href":"https:\/\/hjerteforeningen.dk\/fagnet\/wp-json\/wp\/v2\/pages\/1097\/revisions"}],"wp:featuredmedia":[{"embeddable":true,"href":"https:\/\/hjerteforeningen.dk\/fagnet\/wp-json\/wp\/v2\/media\/620"}],"wp:attachment":[{"href":"https:\/\/hjerteforeningen.dk\/fagnet\/wp-json\/wp\/v2\/media?parent=1097"}],"wp:term":[{"taxonomy":"global-tag","embeddable":true,"href":"https:\/\/hjerteforeningen.dk\/fagnet\/wp-json\/wp\/v2\/global-tag?post=1097"},{"taxonomy":"side-tag","embeddable":true,"href":"https:\/\/hjerteforeningen.dk\/fagnet\/wp-json\/wp\/v2\/side-tag?post=1097"}],"curies":[{"name":"wp","href":"https:\/\/api.w.org\/{rel}","templated":true}]}}