{"id":1096,"date":"2024-04-30T13:33:43","date_gmt":"2024-04-30T13:33:43","guid":{"rendered":"https:\/\/hjerteforeningen.dk\/fagnet\/?page_id=1096"},"modified":"2025-09-25T11:10:12","modified_gmt":"2025-09-25T11:10:12","slug":"kontakt","status":"publish","type":"page","link":"https:\/\/hjerteforeningen.dk\/fagnet\/kontakt\/","title":{"rendered":"Kontakt"},"content":{"rendered":"\t\t<div data-elementor-type=\"wp-page\" data-elementor-id=\"1096\" class=\"elementor elementor-1096\" data-elementor-post-type=\"page\">\n\t\t\t\t<div class=\"elementor-element elementor-element-2bb490a e-flex e-con-boxed e-con e-parent\" data-id=\"2bb490a\" data-element_type=\"container\">\n\t\t\t\t\t<div class=\"e-con-inner\">\n\t\t\t\t<div class=\"hf-narrow-center-div elementor-element elementor-element-db42362 elementor-widget elementor-widget-image\" data-id=\"db42362\" data-element_type=\"widget\" data-widget_type=\"image.default\">\n\t\t\t\t<div class=\"elementor-widget-container\">\n\t\t\t\t\t\t\t\t\t\t\t\t\t\t\t<img fetchpriority=\"high\" decoding=\"async\" width=\"768\" height=\"561\" src=\"https:\/\/hjerteforeningen.dk\/fagnet\/wp-content\/uploads\/sites\/2\/2024\/05\/callcenter-1-768x561.png\" class=\"attachment-medium_large size-medium_large wp-image-1126\" alt=\"En kvindelig medarbejder som sidder klar til at tage telefonen p\u00e5 arbejde.\" srcset=\"https:\/\/hjerteforeningen.dk\/fagnet\/wp-content\/uploads\/sites\/2\/2024\/05\/callcenter-1-768x561.png 768w, https:\/\/hjerteforeningen.dk\/fagnet\/wp-content\/uploads\/sites\/2\/2024\/05\/callcenter-1-300x219.png 300w, https:\/\/hjerteforeningen.dk\/fagnet\/wp-content\/uploads\/sites\/2\/2024\/05\/callcenter-1-1024x748.png 1024w, https:\/\/hjerteforeningen.dk\/fagnet\/wp-content\/uploads\/sites\/2\/2024\/05\/callcenter-1.png 1035w\" sizes=\"(max-width: 768px) 100vw, 768px\" \/>\t\t\t\t\t\t\t\t\t\t\t\t\t\t\t<\/div>\n\t\t\t\t<\/div>\n\t\t\t\t\t<\/div>\n\t\t\t\t<\/div>\n\t\t<div class=\"elementor-element elementor-element-286ffc8 e-flex e-con-boxed e-con e-parent\" data-id=\"286ffc8\" data-element_type=\"container\">\n\t\t\t\t\t<div class=\"e-con-inner\">\n\t\t\t\t<div class=\"hf-narrow-center-div elementor-element elementor-element-533eed5 elementor-widget elementor-widget-text-editor\" data-id=\"533eed5\" data-element_type=\"widget\" data-widget_type=\"text-editor.default\">\n\t\t\t\t<div class=\"elementor-widget-container\">\n\t\t\t\t\t\t\t\t\t<h3 id=\"header-3\"><strong>Adresse<\/strong><\/h3><h3>Hjerteforeningen<br \/>Vognmagergade 7, 3. sal<br \/>1120 K\u00f8benhavn K<\/h3><p><strong>Telefon<\/strong><br \/>70 25 00 00<br \/><strong>Reception:<\/strong> 9-15 (fredag 9-14)<br \/><strong>Medlemsservice<\/strong>: 9-14 (fredag 9-12)<br \/><strong>Hjertelinjen:<\/strong> 9-14 (mandag, tirsdag og torsdag)<\/p><h3>\u00a0<\/h3><h3 id=\"header-4\"><strong>Faglige henvendelser<\/strong><\/h3><p>Post: <a href=\"mailto:fagnet@hjerteforeningen.dk,\">fagnet@hjerteforeningen.dk<\/a><\/p><p>Lene Vedel Vestergaard<br \/>Faglig redakt\u00f8r og konsulent<br \/>Mobil: +45 25 67 78 50<\/p>\t\t\t\t\t\t\t\t<\/div>\n\t\t\t\t<\/div>\n\t\t\t\t\t<\/div>\n\t\t\t\t<\/div>\n\t\t\t\t<\/div>\n\t\t","protected":false},"excerpt":{"rendered":"<p>Adresse HjerteforeningenVognmagergade 7, 3. sal1120 K\u00f8benhavn K Telefon70 25 00 00Reception: 9-15 (fredag 9-14)Medlemsservice: 9-14 (fredag 9-12)Hjertelinjen: 9-14 (mandag, tirsdag og torsdag) \u00a0 Faglige henvendelser Post: fagnet@hjerteforeningen.dk Lene Vedel VestergaardFaglig redakt\u00f8r og konsulentMobil: +45 25 67 78 50<\/p>\n","protected":false},"author":20,"featured_media":626,"parent":0,"menu_order":0,"comment_status":"closed","ping_status":"closed","template":"","meta":{"_acf_changed":false,"footnotes":""},"global-tag":[],"side-tag":[],"class_list":["post-1096","page","type-page","status-publish","has-post-thumbnail","hentry"],"yoast_head":"<!-- This site is optimized with the Yoast SEO Premium plugin v23.5 (Yoast SEO v26.2) - https:\/\/yoast.com\/wordpress\/plugins\/seo\/ -->\n<title>Kontakt - For fagfolk<\/title>\n<meta name=\"description\" content=\"Er du en fagperson som \u00f8nsker at komme i kontakt med Hjerteforeninge, s\u00e5 kan du finde kontaktinformationer her p\u00e5 siden.\" \/>\n<meta name=\"robots\" content=\"index, follow, max-snippet:-1, max-image-preview:large, max-video-preview:-1\" \/>\n<link rel=\"canonical\" href=\"https:\/\/hjerteforeningen.dk\/fagnet\/kontakt\/\" \/>\n<meta property=\"og:locale\" content=\"da_DK\" \/>\n<meta property=\"og:type\" content=\"article\" \/>\n<meta property=\"og:title\" content=\"Kontakt - For fagfolk\" \/>\n<meta property=\"og:description\" content=\"Er du en fagperson som \u00f8nsker at komme i kontakt med Hjerteforeninge, s\u00e5 kan du finde kontaktinformationer her p\u00e5 siden.\" \/>\n<meta property=\"og:url\" content=\"https:\/\/hjerteforeningen.dk\/fagnet\/kontakt\/\" \/>\n<meta property=\"og:site_name\" content=\"For fagfolk\" \/>\n<meta property=\"article:modified_time\" content=\"2025-09-25T11:10:12+00:00\" \/>\n<meta property=\"og:image\" content=\"https:\/\/hjerteforeningen.dk\/fagnet\/wp-content\/uploads\/sites\/2\/2023\/04\/Computer.jpg\" \/>\n\t<meta property=\"og:image:width\" content=\"2009\" \/>\n\t<meta property=\"og:image:height\" content=\"1234\" \/>\n\t<meta property=\"og:image:type\" content=\"image\/jpeg\" \/>\n<meta name=\"twitter:card\" content=\"summary_large_image\" \/>\n<meta name=\"twitter:label1\" content=\"Estimeret l\u00e6setid\" \/>\n\t<meta name=\"twitter:data1\" content=\"1 minut\" \/>\n<script type=\"application\/ld+json\" class=\"yoast-schema-graph\">{\"@context\":\"https:\/\/schema.org\",\"@graph\":[{\"@type\":\"WebPage\",\"@id\":\"https:\/\/hjerteforeningen.dk\/fagnet\/kontakt\/\",\"url\":\"https:\/\/hjerteforeningen.dk\/fagnet\/kontakt\/\",\"name\":\"Kontakt - For fagfolk\",\"isPartOf\":{\"@id\":\"https:\/\/hjerteforeningen.dk\/fagnet\/#website\"},\"primaryImageOfPage\":{\"@id\":\"https:\/\/hjerteforeningen.dk\/fagnet\/kontakt\/#primaryimage\"},\"image\":{\"@id\":\"https:\/\/hjerteforeningen.dk\/fagnet\/kontakt\/#primaryimage\"},\"thumbnailUrl\":\"https:\/\/hjerteforeningen.dk\/fagnet\/wp-content\/uploads\/sites\/2\/2023\/04\/Computer.jpg\",\"datePublished\":\"2024-04-30T13:33:43+00:00\",\"dateModified\":\"2025-09-25T11:10:12+00:00\",\"description\":\"Er du en fagperson som \u00f8nsker at komme i kontakt med Hjerteforeninge, s\u00e5 kan du finde kontaktinformationer her p\u00e5 siden.\",\"inLanguage\":\"da-DK\",\"potentialAction\":[{\"@type\":\"ReadAction\",\"target\":[\"https:\/\/hjerteforeningen.dk\/fagnet\/kontakt\/\"]}]},{\"@type\":\"ImageObject\",\"inLanguage\":\"da-DK\",\"@id\":\"https:\/\/hjerteforeningen.dk\/fagnet\/kontakt\/#primaryimage\",\"url\":\"https:\/\/hjerteforeningen.dk\/fagnet\/wp-content\/uploads\/sites\/2\/2023\/04\/Computer.jpg\",\"contentUrl\":\"https:\/\/hjerteforeningen.dk\/fagnet\/wp-content\/uploads\/sites\/2\/2023\/04\/Computer.jpg\",\"width\":2009,\"height\":1234},{\"@type\":\"WebSite\",\"@id\":\"https:\/\/hjerteforeningen.dk\/fagnet\/#website\",\"url\":\"https:\/\/hjerteforeningen.dk\/fagnet\/\",\"name\":\"For fagfolk\",\"description\":\"For fagfolk\",\"publisher\":{\"@id\":\"https:\/\/hjerteforeningen.dk\/fagnet\/#organization\"},\"potentialAction\":[{\"@type\":\"SearchAction\",\"target\":{\"@type\":\"EntryPoint\",\"urlTemplate\":\"https:\/\/hjerteforeningen.dk\/fagnet\/?s={search_term_string}\"},\"query-input\":{\"@type\":\"PropertyValueSpecification\",\"valueRequired\":true,\"valueName\":\"search_term_string\"}}],\"inLanguage\":\"da-DK\"},{\"@type\":\"Organization\",\"@id\":\"https:\/\/hjerteforeningen.dk\/fagnet\/#organization\",\"name\":\"For fagfolk\",\"url\":\"https:\/\/hjerteforeningen.dk\/fagnet\/\",\"logo\":{\"@type\":\"ImageObject\",\"inLanguage\":\"da-DK\",\"@id\":\"https:\/\/hjerteforeningen.dk\/fagnet\/#\/schema\/logo\/image\/\",\"url\":\"https:\/\/hjerteforeningen.dk\/fagnet\/wp-content\/uploads\/sites\/2\/2025\/05\/logo.svg\",\"contentUrl\":\"https:\/\/hjerteforeningen.dk\/fagnet\/wp-content\/uploads\/sites\/2\/2025\/05\/logo.svg\",\"width\":157,\"height\":65,\"caption\":\"For fagfolk\"},\"image\":{\"@id\":\"https:\/\/hjerteforeningen.dk\/fagnet\/#\/schema\/logo\/image\/\"}}]}<\/script>\n<!-- \/ Yoast SEO Premium plugin. -->","yoast_head_json":{"title":"Kontakt - For fagfolk","description":"Er du en fagperson som \u00f8nsker at komme i kontakt med Hjerteforeninge, s\u00e5 kan du finde kontaktinformationer her p\u00e5 siden.","robots":{"index":"index","follow":"follow","max-snippet":"max-snippet:-1","max-image-preview":"max-image-preview:large","max-video-preview":"max-video-preview:-1"},"canonical":"https:\/\/hjerteforeningen.dk\/fagnet\/kontakt\/","og_locale":"da_DK","og_type":"article","og_title":"Kontakt - For fagfolk","og_description":"Er du en fagperson som \u00f8nsker at komme i kontakt med Hjerteforeninge, s\u00e5 kan du finde kontaktinformationer her p\u00e5 siden.","og_url":"https:\/\/hjerteforeningen.dk\/fagnet\/kontakt\/","og_site_name":"For fagfolk","article_modified_time":"2025-09-25T11:10:12+00:00","og_image":[{"width":2009,"height":1234,"url":"https:\/\/hjerteforeningen.dk\/fagnet\/wp-content\/uploads\/sites\/2\/2023\/04\/Computer.jpg","type":"image\/jpeg"}],"twitter_card":"summary_large_image","twitter_misc":{"Estimeret l\u00e6setid":"1 minut"},"schema":{"@context":"https:\/\/schema.org","@graph":[{"@type":"WebPage","@id":"https:\/\/hjerteforeningen.dk\/fagnet\/kontakt\/","url":"https:\/\/hjerteforeningen.dk\/fagnet\/kontakt\/","name":"Kontakt - For fagfolk","isPartOf":{"@id":"https:\/\/hjerteforeningen.dk\/fagnet\/#website"},"primaryImageOfPage":{"@id":"https:\/\/hjerteforeningen.dk\/fagnet\/kontakt\/#primaryimage"},"image":{"@id":"https:\/\/hjerteforeningen.dk\/fagnet\/kontakt\/#primaryimage"},"thumbnailUrl":"https:\/\/hjerteforeningen.dk\/fagnet\/wp-content\/uploads\/sites\/2\/2023\/04\/Computer.jpg","datePublished":"2024-04-30T13:33:43+00:00","dateModified":"2025-09-25T11:10:12+00:00","description":"Er du en fagperson som \u00f8nsker at komme i kontakt med Hjerteforeninge, s\u00e5 kan du finde kontaktinformationer her p\u00e5 siden.","inLanguage":"da-DK","potentialAction":[{"@type":"ReadAction","target":["https:\/\/hjerteforeningen.dk\/fagnet\/kontakt\/"]}]},{"@type":"ImageObject","inLanguage":"da-DK","@id":"https:\/\/hjerteforeningen.dk\/fagnet\/kontakt\/#primaryimage","url":"https:\/\/hjerteforeningen.dk\/fagnet\/wp-content\/uploads\/sites\/2\/2023\/04\/Computer.jpg","contentUrl":"https:\/\/hjerteforeningen.dk\/fagnet\/wp-content\/uploads\/sites\/2\/2023\/04\/Computer.jpg","width":2009,"height":1234},{"@type":"WebSite","@id":"https:\/\/hjerteforeningen.dk\/fagnet\/#website","url":"https:\/\/hjerteforeningen.dk\/fagnet\/","name":"For fagfolk","description":"For fagfolk","publisher":{"@id":"https:\/\/hjerteforeningen.dk\/fagnet\/#organization"},"potentialAction":[{"@type":"SearchAction","target":{"@type":"EntryPoint","urlTemplate":"https:\/\/hjerteforeningen.dk\/fagnet\/?s={search_term_string}"},"query-input":{"@type":"PropertyValueSpecification","valueRequired":true,"valueName":"search_term_string"}}],"inLanguage":"da-DK"},{"@type":"Organization","@id":"https:\/\/hjerteforeningen.dk\/fagnet\/#organization","name":"For fagfolk","url":"https:\/\/hjerteforeningen.dk\/fagnet\/","logo":{"@type":"ImageObject","inLanguage":"da-DK","@id":"https:\/\/hjerteforeningen.dk\/fagnet\/#\/schema\/logo\/image\/","url":"https:\/\/hjerteforeningen.dk\/fagnet\/wp-content\/uploads\/sites\/2\/2025\/05\/logo.svg","contentUrl":"https:\/\/hjerteforeningen.dk\/fagnet\/wp-content\/uploads\/sites\/2\/2025\/05\/logo.svg","width":157,"height":65,"caption":"For fagfolk"},"image":{"@id":"https:\/\/hjerteforeningen.dk\/fagnet\/#\/schema\/logo\/image\/"}}]}},"acf":[],"_links":{"self":[{"href":"https:\/\/hjerteforeningen.dk\/fagnet\/wp-json\/wp\/v2\/pages\/1096","targetHints":{"allow":["GET"]}}],"collection":[{"href":"https:\/\/hjerteforeningen.dk\/fagnet\/wp-json\/wp\/v2\/pages"}],"about":[{"href":"https:\/\/hjerteforeningen.dk\/fagnet\/wp-json\/wp\/v2\/types\/page"}],"author":[{"embeddable":true,"href":"https:\/\/hjerteforeningen.dk\/fagnet\/wp-json\/wp\/v2\/users\/20"}],"replies":[{"embeddable":true,"href":"https:\/\/hjerteforeningen.dk\/fagnet\/wp-json\/wp\/v2\/comments?post=1096"}],"version-history":[{"count":0,"href":"https:\/\/hjerteforeningen.dk\/fagnet\/wp-json\/wp\/v2\/pages\/1096\/revisions"}],"wp:featuredmedia":[{"embeddable":true,"href":"https:\/\/hjerteforeningen.dk\/fagnet\/wp-json\/wp\/v2\/media\/626"}],"wp:attachment":[{"href":"https:\/\/hjerteforeningen.dk\/fagnet\/wp-json\/wp\/v2\/media?parent=1096"}],"wp:term":[{"taxonomy":"global-tag","embeddable":true,"href":"https:\/\/hjerteforeningen.dk\/fagnet\/wp-json\/wp\/v2\/global-tag?post=1096"},{"taxonomy":"side-tag","embeddable":true,"href":"https:\/\/hjerteforeningen.dk\/fagnet\/wp-json\/wp\/v2\/side-tag?post=1096"}],"curies":[{"name":"wp","href":"https:\/\/api.w.org\/{rel}","templated":true}]}}