{"id":1085,"date":"2024-04-30T08:04:43","date_gmt":"2024-04-30T08:04:43","guid":{"rendered":"https:\/\/hjerteforeningen.dk\/fagnet\/?page_id=1085"},"modified":"2026-02-17T08:48:08","modified_gmt":"2026-02-17T08:48:08","slug":"tilmelding-til-webinar","status":"publish","type":"page","link":"https:\/\/hjerteforeningen.dk\/fagnet\/digital-laering\/webinarer\/tilmelding-til-webinar\/","title":{"rendered":"Tilmelding til webinar"},"content":{"rendered":"\t\t<div data-elementor-type=\"wp-page\" data-elementor-id=\"1085\" class=\"elementor elementor-1085\" data-elementor-post-type=\"page\">\n\t\t\t\t<div class=\"elementor-element elementor-element-da4d3d6 e-flex e-con-boxed e-con e-parent\" data-id=\"da4d3d6\" data-element_type=\"container\">\n\t\t\t\t\t<div class=\"e-con-inner\">\n\t\t\t\t<div class=\"elementor-element elementor-element-fb3e570 elementor-widget elementor-widget-spacer\" data-id=\"fb3e570\" data-element_type=\"widget\" data-widget_type=\"spacer.default\">\n\t\t\t\t<div class=\"elementor-widget-container\">\n\t\t\t\t\t\t\t<div class=\"elementor-spacer\">\n\t\t\t<div class=\"elementor-spacer-inner\"><\/div>\n\t\t<\/div>\n\t\t\t\t\t\t<\/div>\n\t\t\t\t<\/div>\n\t\t\t\t<div class=\"elementor-element elementor-element-53d19f3 elementor-widget elementor-widget-teaser-xlarge\" data-id=\"53d19f3\" data-element_type=\"widget\" data-widget_type=\"teaser-xlarge.default\">\n\t\t\t\t<div class=\"elementor-widget-container\">\n\t\t\t\t\t        <div class=\"hf-full-width-wrapper teaser-xl-wrapper\">\n            <div class=\"teaser-xl-base hf-small-width-container  row\">\n                <div class=\"hf-image-container\">\n                     \n                                    <img decoding=\"async\" src=\"https:\/\/hjerteforeningen.dk\/fagnet\/wp-content\/uploads\/sites\/2\/2023\/08\/iStock-985125958_Web-768x512.jpg\" class=\"hf-image \" alt=\"Samtale mellem l\u00e6ge og patient\" \/>\n                                        <\/div>\n                <div class=\"text-container\">\n                                            <span class=\"hf-text-m\">Webinar<\/span>\n                                        <div class=\"hf-header-xl\">Kolesterolbehandling: Evidens, guidelines og klinisk praksis<\/div>\n                                            <div class=\"hf-divider\"><\/div>\n                                                                <div class=\"hf-text-l\">Webinaret er afholdt og kan genses  herunder<\/div>\n                                                        <\/div>\n            <\/div>\n        <\/div>\n    \t\t\t\t<\/div>\n\t\t\t\t<\/div>\n\t\t\t\t\t<\/div>\n\t\t\t\t<\/div>\n\t\t<div class=\"elementor-element elementor-element-28f4322 e-flex e-con-boxed e-con e-parent\" data-id=\"28f4322\" data-element_type=\"container\">\n\t\t\t\t\t<div class=\"e-con-inner\">\n\t\t\t\t\t<\/div>\n\t\t\t\t<\/div>\n\t\t<div class=\"elementor-element elementor-element-f369315 e-flex e-con-boxed e-con e-parent\" data-id=\"f369315\" data-element_type=\"container\">\n\t\t\t\t\t<div class=\"e-con-inner\">\n\t\t\t\t<div class=\"elementor-element elementor-element-f54a9ad elementor-widget elementor-widget-teaser-xsmall\" data-id=\"f54a9ad\" data-element_type=\"widget\" data-widget_type=\"teaser-xsmall.default\">\n\t\t\t\t<div class=\"elementor-widget-container\">\n\t\t\t\t\t         <a id=\"\" Add commentMore actions\n                            href=\"https:\/\/hjerteforeningen.dk\/fagnet\/digital-laering\/webinarer\/\"\n                        target=\"_self\" class=\"teaser-xs-base bg-primary-light hover no-print\">\n                            <div class=\"hf-image-container\">\n                    <img decoding=\"async\" class=\"hf-image \" src=\"https:\/\/hjerteforeningen.dk\/fagnet\/wp-content\/uploads\/sites\/2\/2023\/05\/Dame-i-stue-150x150.jpg\" alt=\"Dame i stue\" \/>\n                <\/div>\n                        <div class=\"hf-text-container\">\n                <span class=\"hf-teaser-posttype hf-text-s\">Webinarer<\/span>\n                <span class=\"hf-teaser-title hf-header-m\">Gense tidligere webinarer<\/span>\n            <\/div>\n            <div class=\"hf-teaser-arrow-container\">\n                <img decoding=\"async\" src=\"https:\/\/hjerteforeningen.dk\/fagnet\/wp-content\/themes\/hjerteforeningen-child-theme\/assets\/icons\/arrow-right.svg\" class=\"hf-teaser-arrow\" alt=\"\" \/>\n            <\/div>\n        <\/a>\n    \t\t\t\t<\/div>\n\t\t\t\t<\/div>\n\t\t\t\t\t<\/div>\n\t\t\t\t<\/div>\n\t\t<div class=\"elementor-element elementor-element-a3d5c9c e-flex e-con-boxed e-con e-parent\" data-id=\"a3d5c9c\" data-element_type=\"container\">\n\t\t\t\t\t<div class=\"e-con-inner\">\n\t\t\t\t<div class=\"elementor-element elementor-element-9eafc90 elementor-widget elementor-widget-spacer\" data-id=\"9eafc90\" data-element_type=\"widget\" data-widget_type=\"spacer.default\">\n\t\t\t\t<div class=\"elementor-widget-container\">\n\t\t\t\t\t\t\t<div class=\"elementor-spacer\">\n\t\t\t<div class=\"elementor-spacer-inner\"><\/div>\n\t\t<\/div>\n\t\t\t\t\t\t<\/div>\n\t\t\t\t<\/div>\n\t\t\t\t\t<\/div>\n\t\t\t\t<\/div>\n\t\t\t\t<\/div>\n\t\t","protected":false},"excerpt":{"rendered":"<p>Du kan tilmelde dig vores webinarer p\u00e5 siden her og f\u00e5 en masse god viden til dit arbejdsliv. Vi ses p\u00e5 sk\u00e6rmen.<\/p>\n","protected":false},"author":13,"featured_media":978,"parent":657,"menu_order":0,"comment_status":"closed","ping_status":"closed","template":"","meta":{"_acf_changed":false,"footnotes":""},"global-tag":[158],"side-tag":[],"class_list":["post-1085","page","type-page","status-publish","has-post-thumbnail","hentry","global-tag-webinar"],"yoast_head":"<!-- This site is optimized with the Yoast SEO Premium plugin v23.5 (Yoast SEO v26.2) - https:\/\/yoast.com\/wordpress\/plugins\/seo\/ -->\n<title>Tilmelding til webinar - For fagfolk<\/title>\n<meta name=\"robots\" content=\"index, follow, max-snippet:-1, max-image-preview:large, max-video-preview:-1\" \/>\n<link rel=\"canonical\" href=\"https:\/\/hjerteforeningen.dk\/fagnet\/digital-laering\/webinarer\/tilmelding-til-webinar\/\" \/>\n<meta property=\"og:locale\" content=\"da_DK\" \/>\n<meta property=\"og:type\" content=\"article\" \/>\n<meta property=\"og:title\" content=\"Tilmelding til webinar - For fagfolk\" \/>\n<meta property=\"og:description\" content=\"Du kan tilmelde dig vores webinarer p\u00e5 siden her og f\u00e5 en masse god viden til dit arbejdsliv. Vi ses p\u00e5 sk\u00e6rmen.\" \/>\n<meta property=\"og:url\" content=\"https:\/\/hjerteforeningen.dk\/fagnet\/digital-laering\/webinarer\/tilmelding-til-webinar\/\" \/>\n<meta property=\"og:site_name\" content=\"For fagfolk\" \/>\n<meta property=\"article:modified_time\" content=\"2026-02-17T08:48:08+00:00\" \/>\n<meta property=\"og:image\" content=\"https:\/\/hjerteforeningen.dk\/fagnet\/wp-content\/uploads\/sites\/2\/2024\/04\/thumbnail.jpg\" \/>\n\t<meta property=\"og:image:width\" content=\"325\" \/>\n\t<meta property=\"og:image:height\" content=\"216\" \/>\n\t<meta property=\"og:image:type\" content=\"image\/jpeg\" \/>\n<meta name=\"twitter:card\" content=\"summary_large_image\" \/>\n<meta name=\"twitter:label1\" content=\"Estimeret l\u00e6setid\" \/>\n\t<meta name=\"twitter:data1\" content=\"1 minut\" \/>\n<script type=\"application\/ld+json\" class=\"yoast-schema-graph\">{\"@context\":\"https:\/\/schema.org\",\"@graph\":[{\"@type\":\"WebPage\",\"@id\":\"https:\/\/hjerteforeningen.dk\/fagnet\/digital-laering\/webinarer\/tilmelding-til-webinar\/\",\"url\":\"https:\/\/hjerteforeningen.dk\/fagnet\/digital-laering\/webinarer\/tilmelding-til-webinar\/\",\"name\":\"Tilmelding til webinar - For fagfolk\",\"isPartOf\":{\"@id\":\"https:\/\/hjerteforeningen.dk\/fagnet\/#website\"},\"primaryImageOfPage\":{\"@id\":\"https:\/\/hjerteforeningen.dk\/fagnet\/digital-laering\/webinarer\/tilmelding-til-webinar\/#primaryimage\"},\"image\":{\"@id\":\"https:\/\/hjerteforeningen.dk\/fagnet\/digital-laering\/webinarer\/tilmelding-til-webinar\/#primaryimage\"},\"thumbnailUrl\":\"https:\/\/hjerteforeningen.dk\/fagnet\/wp-content\/uploads\/sites\/2\/2024\/04\/thumbnail.jpg\",\"datePublished\":\"2024-04-30T08:04:43+00:00\",\"dateModified\":\"2026-02-17T08:48:08+00:00\",\"breadcrumb\":{\"@id\":\"https:\/\/hjerteforeningen.dk\/fagnet\/digital-laering\/webinarer\/tilmelding-til-webinar\/#breadcrumb\"},\"inLanguage\":\"da-DK\",\"potentialAction\":[{\"@type\":\"ReadAction\",\"target\":[\"https:\/\/hjerteforeningen.dk\/fagnet\/digital-laering\/webinarer\/tilmelding-til-webinar\/\"]}]},{\"@type\":\"ImageObject\",\"inLanguage\":\"da-DK\",\"@id\":\"https:\/\/hjerteforeningen.dk\/fagnet\/digital-laering\/webinarer\/tilmelding-til-webinar\/#primaryimage\",\"url\":\"https:\/\/hjerteforeningen.dk\/fagnet\/wp-content\/uploads\/sites\/2\/2024\/04\/thumbnail.jpg\",\"contentUrl\":\"https:\/\/hjerteforeningen.dk\/fagnet\/wp-content\/uploads\/sites\/2\/2024\/04\/thumbnail.jpg\",\"width\":325,\"height\":216},{\"@type\":\"BreadcrumbList\",\"@id\":\"https:\/\/hjerteforeningen.dk\/fagnet\/digital-laering\/webinarer\/tilmelding-til-webinar\/#breadcrumb\",\"itemListElement\":[{\"@type\":\"ListItem\",\"position\":1,\"name\":\"Digital l\u00e6ring\",\"item\":\"https:\/\/hjerteforeningen.dk\/fagnet\/digital-laering\/\"},{\"@type\":\"ListItem\",\"position\":2,\"name\":\"Webinarer\",\"item\":\"https:\/\/hjerteforeningen.dk\/fagnet\/digital-laering\/webinarer\/\"},{\"@type\":\"ListItem\",\"position\":3,\"name\":\"Tilmelding til webinar\"}]},{\"@type\":\"WebSite\",\"@id\":\"https:\/\/hjerteforeningen.dk\/fagnet\/#website\",\"url\":\"https:\/\/hjerteforeningen.dk\/fagnet\/\",\"name\":\"For fagfolk\",\"description\":\"For fagfolk\",\"publisher\":{\"@id\":\"https:\/\/hjerteforeningen.dk\/fagnet\/#organization\"},\"potentialAction\":[{\"@type\":\"SearchAction\",\"target\":{\"@type\":\"EntryPoint\",\"urlTemplate\":\"https:\/\/hjerteforeningen.dk\/fagnet\/?s={search_term_string}\"},\"query-input\":{\"@type\":\"PropertyValueSpecification\",\"valueRequired\":true,\"valueName\":\"search_term_string\"}}],\"inLanguage\":\"da-DK\"},{\"@type\":\"Organization\",\"@id\":\"https:\/\/hjerteforeningen.dk\/fagnet\/#organization\",\"name\":\"For fagfolk\",\"url\":\"https:\/\/hjerteforeningen.dk\/fagnet\/\",\"logo\":{\"@type\":\"ImageObject\",\"inLanguage\":\"da-DK\",\"@id\":\"https:\/\/hjerteforeningen.dk\/fagnet\/#\/schema\/logo\/image\/\",\"url\":\"https:\/\/hjerteforeningen.dk\/fagnet\/wp-content\/uploads\/sites\/2\/2025\/05\/logo.svg\",\"contentUrl\":\"https:\/\/hjerteforeningen.dk\/fagnet\/wp-content\/uploads\/sites\/2\/2025\/05\/logo.svg\",\"width\":157,\"height\":65,\"caption\":\"For fagfolk\"},\"image\":{\"@id\":\"https:\/\/hjerteforeningen.dk\/fagnet\/#\/schema\/logo\/image\/\"}}]}<\/script>\n<!-- \/ Yoast SEO Premium plugin. -->","yoast_head_json":{"title":"Tilmelding til webinar - For fagfolk","robots":{"index":"index","follow":"follow","max-snippet":"max-snippet:-1","max-image-preview":"max-image-preview:large","max-video-preview":"max-video-preview:-1"},"canonical":"https:\/\/hjerteforeningen.dk\/fagnet\/digital-laering\/webinarer\/tilmelding-til-webinar\/","og_locale":"da_DK","og_type":"article","og_title":"Tilmelding til webinar - For fagfolk","og_description":"Du kan tilmelde dig vores webinarer p\u00e5 siden her og f\u00e5 en masse god viden til dit arbejdsliv. Vi ses p\u00e5 sk\u00e6rmen.","og_url":"https:\/\/hjerteforeningen.dk\/fagnet\/digital-laering\/webinarer\/tilmelding-til-webinar\/","og_site_name":"For fagfolk","article_modified_time":"2026-02-17T08:48:08+00:00","og_image":[{"width":325,"height":216,"url":"https:\/\/hjerteforeningen.dk\/fagnet\/wp-content\/uploads\/sites\/2\/2024\/04\/thumbnail.jpg","type":"image\/jpeg"}],"twitter_card":"summary_large_image","twitter_misc":{"Estimeret l\u00e6setid":"1 minut"},"schema":{"@context":"https:\/\/schema.org","@graph":[{"@type":"WebPage","@id":"https:\/\/hjerteforeningen.dk\/fagnet\/digital-laering\/webinarer\/tilmelding-til-webinar\/","url":"https:\/\/hjerteforeningen.dk\/fagnet\/digital-laering\/webinarer\/tilmelding-til-webinar\/","name":"Tilmelding til webinar - For fagfolk","isPartOf":{"@id":"https:\/\/hjerteforeningen.dk\/fagnet\/#website"},"primaryImageOfPage":{"@id":"https:\/\/hjerteforeningen.dk\/fagnet\/digital-laering\/webinarer\/tilmelding-til-webinar\/#primaryimage"},"image":{"@id":"https:\/\/hjerteforeningen.dk\/fagnet\/digital-laering\/webinarer\/tilmelding-til-webinar\/#primaryimage"},"thumbnailUrl":"https:\/\/hjerteforeningen.dk\/fagnet\/wp-content\/uploads\/sites\/2\/2024\/04\/thumbnail.jpg","datePublished":"2024-04-30T08:04:43+00:00","dateModified":"2026-02-17T08:48:08+00:00","breadcrumb":{"@id":"https:\/\/hjerteforeningen.dk\/fagnet\/digital-laering\/webinarer\/tilmelding-til-webinar\/#breadcrumb"},"inLanguage":"da-DK","potentialAction":[{"@type":"ReadAction","target":["https:\/\/hjerteforeningen.dk\/fagnet\/digital-laering\/webinarer\/tilmelding-til-webinar\/"]}]},{"@type":"ImageObject","inLanguage":"da-DK","@id":"https:\/\/hjerteforeningen.dk\/fagnet\/digital-laering\/webinarer\/tilmelding-til-webinar\/#primaryimage","url":"https:\/\/hjerteforeningen.dk\/fagnet\/wp-content\/uploads\/sites\/2\/2024\/04\/thumbnail.jpg","contentUrl":"https:\/\/hjerteforeningen.dk\/fagnet\/wp-content\/uploads\/sites\/2\/2024\/04\/thumbnail.jpg","width":325,"height":216},{"@type":"BreadcrumbList","@id":"https:\/\/hjerteforeningen.dk\/fagnet\/digital-laering\/webinarer\/tilmelding-til-webinar\/#breadcrumb","itemListElement":[{"@type":"ListItem","position":1,"name":"Digital l\u00e6ring","item":"https:\/\/hjerteforeningen.dk\/fagnet\/digital-laering\/"},{"@type":"ListItem","position":2,"name":"Webinarer","item":"https:\/\/hjerteforeningen.dk\/fagnet\/digital-laering\/webinarer\/"},{"@type":"ListItem","position":3,"name":"Tilmelding til webinar"}]},{"@type":"WebSite","@id":"https:\/\/hjerteforeningen.dk\/fagnet\/#website","url":"https:\/\/hjerteforeningen.dk\/fagnet\/","name":"For fagfolk","description":"For fagfolk","publisher":{"@id":"https:\/\/hjerteforeningen.dk\/fagnet\/#organization"},"potentialAction":[{"@type":"SearchAction","target":{"@type":"EntryPoint","urlTemplate":"https:\/\/hjerteforeningen.dk\/fagnet\/?s={search_term_string}"},"query-input":{"@type":"PropertyValueSpecification","valueRequired":true,"valueName":"search_term_string"}}],"inLanguage":"da-DK"},{"@type":"Organization","@id":"https:\/\/hjerteforeningen.dk\/fagnet\/#organization","name":"For fagfolk","url":"https:\/\/hjerteforeningen.dk\/fagnet\/","logo":{"@type":"ImageObject","inLanguage":"da-DK","@id":"https:\/\/hjerteforeningen.dk\/fagnet\/#\/schema\/logo\/image\/","url":"https:\/\/hjerteforeningen.dk\/fagnet\/wp-content\/uploads\/sites\/2\/2025\/05\/logo.svg","contentUrl":"https:\/\/hjerteforeningen.dk\/fagnet\/wp-content\/uploads\/sites\/2\/2025\/05\/logo.svg","width":157,"height":65,"caption":"For fagfolk"},"image":{"@id":"https:\/\/hjerteforeningen.dk\/fagnet\/#\/schema\/logo\/image\/"}}]}},"acf":[],"_links":{"self":[{"href":"https:\/\/hjerteforeningen.dk\/fagnet\/wp-json\/wp\/v2\/pages\/1085","targetHints":{"allow":["GET"]}}],"collection":[{"href":"https:\/\/hjerteforeningen.dk\/fagnet\/wp-json\/wp\/v2\/pages"}],"about":[{"href":"https:\/\/hjerteforeningen.dk\/fagnet\/wp-json\/wp\/v2\/types\/page"}],"author":[{"embeddable":true,"href":"https:\/\/hjerteforeningen.dk\/fagnet\/wp-json\/wp\/v2\/users\/13"}],"replies":[{"embeddable":true,"href":"https:\/\/hjerteforeningen.dk\/fagnet\/wp-json\/wp\/v2\/comments?post=1085"}],"version-history":[{"count":0,"href":"https:\/\/hjerteforeningen.dk\/fagnet\/wp-json\/wp\/v2\/pages\/1085\/revisions"}],"up":[{"embeddable":true,"href":"https:\/\/hjerteforeningen.dk\/fagnet\/wp-json\/wp\/v2\/pages\/657"}],"wp:featuredmedia":[{"embeddable":true,"href":"https:\/\/hjerteforeningen.dk\/fagnet\/wp-json\/wp\/v2\/media\/978"}],"wp:attachment":[{"href":"https:\/\/hjerteforeningen.dk\/fagnet\/wp-json\/wp\/v2\/media?parent=1085"}],"wp:term":[{"taxonomy":"global-tag","embeddable":true,"href":"https:\/\/hjerteforeningen.dk\/fagnet\/wp-json\/wp\/v2\/global-tag?post=1085"},{"taxonomy":"side-tag","embeddable":true,"href":"https:\/\/hjerteforeningen.dk\/fagnet\/wp-json\/wp\/v2\/side-tag?post=1085"}],"curies":[{"name":"wp","href":"https:\/\/api.w.org\/{rel}","templated":true}]}}